{"id":101,"date":"2024-12-30T17:48:15","date_gmt":"2024-12-30T17:48:15","guid":{"rendered":"https:\/\/dentvip.md\/ro\/?page_id=101"},"modified":"2025-01-27T17:32:28","modified_gmt":"2025-01-27T17:32:28","slug":"pentru-ce-este-necesar-sablonul-chirurgical-in-timpul-implantarii-dentare","status":"publish","type":"page","link":"https:\/\/dentvip.md\/ro\/pentru-ce-este-necesar-sablonul-chirurgical-in-timpul-implantarii-dentare\/","title":{"rendered":"De ce este nevoie de un \u201eghid chirurgical\u201d pentru instalarea implanturilor?"},"content":{"rendered":"<div class=\"gb-container gb-container-c0d1e142\">\n<div class=\"gb-container gb-container-5ad8f567\">\n<div class=\"gb-container gb-container-30c740fa\">\n\n<p>Un implant este o r\u0103d\u0103cin\u0103 artificial\u0103, iar acomodarea implanturilor dentare este un proces destul de dureros. Medicul trebuie s\u0103 \u00een\u021beleag\u0103 \u00een mod clar pozi\u021bia de amplasare tridimensional\u0103: locul de instalare, unghiul de \u00eenclinare \u0219i ad\u00e2ncimea. Pentru a nu trebui s\u0103 calculeze doar vizual \u0219i aproximativ to\u021bi parametrii, tehnologiile moderne \u00eei ofer\u0103 posibilitatea de a\u00a0<em><strong>efectua implantarea folosind un ghid chirurgical.<\/strong><\/em><\/p>\n\n\n<div class=\"wp-block-image\">\n<figure class=\"alignright size-full is-resized\"><img loading=\"lazy\" decoding=\"async\" width=\"400\" height=\"339\" src=\"https:\/\/dentvip.md\/ro\/wp-content\/uploads\/sites\/3\/2024\/12\/De-ce-este-necesar-sablonul-chirurgical.webp\" alt=\"Ghid chirurgical transparent \u0219i model dentar utilizate pentru plasarea precis\u0103 a implanturilor dentare\" class=\"wp-image-103\" style=\"width:390px;height:auto\" srcset=\"https:\/\/dentvip.md\/ro\/wp-content\/uploads\/sites\/3\/2024\/12\/De-ce-este-necesar-sablonul-chirurgical.webp 400w, https:\/\/dentvip.md\/ro\/wp-content\/uploads\/sites\/3\/2024\/12\/De-ce-este-necesar-sablonul-chirurgical-300x254.webp 300w\" sizes=\"auto, (max-width: 400px) 100vw, 400px\" \/><figcaption class=\"wp-element-caption\">Ghidurile chirurgicale moderne faciliteaz\u0103 plasarea precis\u0103 a implanturilor dentare, garant\u00e2nd rezultate optime pentru pacien\u021bii de la Dent VIP, Chi\u0219in\u0103u<\/figcaption><\/figure><\/div>\n\n\n<p><em><strong>Chirurgie ghidata&nbsp;<\/strong><\/em>reprezint\u0103 o plac\u0103 3D din plastic, realizat\u0103 cu luarea \u00een considerare a structurii anatomice a maxilarului pacientului, \u021bin\u00e2nd cont at\u00e2t de din\u021bii s\u0103n\u0103to\u0219i, c\u00e2t \u0219i de cei care lipsesc. \u00cen locurile de plasare a implantului, placa 3D are g\u0103uri de ghidaj corespunz\u0103toare pentru introducerea instrumentelor \u0219i a implantului. Acest lucru este deosebit de important, pentru c\u0103 \u00een procesul introducerii trebuie s\u0103 se asigure pozi\u021bia perfect\u0103 fa\u021b\u0103 de din\u021bii vecini.<\/p>\n\n\n\n<p><br>Planificarea computerizat\u0103 a implantului dentar, urmat\u0103 de realizarea unui&nbsp;<em><strong>ghid chirurgical<\/strong><\/em>&nbsp;, asigur\u0103 o acurate\u021be maxim\u0103 la instalarea implanturilor dentare \u00een direc\u021bia corect\u0103, \u00een conformitate cu amplasarea ideal\u0103 a coroanei viitoare.<\/p>\n\n\n\n<p><em><strong><br><\/strong><\/em><em><strong>Calculele computerizate precise permit implantarea \u00een cazuri care erau considerate c\u00e2ndva dificile \u0219i imposibile, iar speciali\u0219tii nu f\u0103ceau a\u0219a ceva.<\/strong><\/em><br><br>Nu toate clinicile dentare utilizeaz\u0103 aceast\u0103 tehnic\u0103, deoarece o astfel de abordare necesit\u0103 o preg\u0103tire special\u0103 a medicilor \u0219i o aten\u021bie sporit\u0103 fa\u021b\u0103 de situa\u021bia clinic\u0103. \u00cen plus, sunt necesare folosirea unui software, a unei imprimante 3D \u0219i a altor echipamente scumpe.<\/p>\n\n\n<div class=\"wp-block-image\">\n<figure class=\"alignright size-full is-resized\"><img decoding=\"async\" src=\"https:\/\/dentvip.md\/wp-content\/uploads\/2024\/12\/\u0414\u043b\u044f-\u0447\u0435\u0433\u043e-\u043d\u0443\u0436\u0435\u043d-\u0445\u0438\u0440\u0443\u0440\u0433\u0438\u0447\u0435\u0441\u043a\u0438\u0439-\u0448\u0430\u0431\u043b\u043e\u043d-2.webp\" alt=\"Model digital al unui \u0219ablon chirurgical pentru implantarea dentar\u0103\" class=\"wp-image-1744\" style=\"width:326px;height:auto\"\/><figcaption class=\"wp-element-caption\">\u0218ablon chirurgical pentru implantarea precis\u0103 a din\u021bilor. Clinica Dent VIP, Chi\u0219in\u0103u, Moldova<\/figcaption><\/figure><\/div>\n\n\n<p><em><strong>Predictibilitatea rezultatului final\u00a0<\/strong><\/em>\u2013 pentru asta trebuie s\u0103 le mul\u021bumim noilor tehnologii dentare. \u00cen combina\u021bie cu materiale de ultim\u0103 genera\u021bie, echipamente speciale \u0219i priceperea chirurgilor, poten\u021bialul stomatologiei moderne este practic nelimitat. Acesta este un motiv important pentru optimismul pacien\u021bilor. \u00cen acela\u0219i timp, \u00eens\u0103, nu \u00eenseamn\u0103 c\u0103 v\u0103 pute\u021bi aduce starea din\u021bilor la extrem.<br><br>Noua tehnologie este utilizat\u0103 peste tot, \u00eenlocuind cu u\u0219urin\u021b\u0103 metodele vechi. \u00cen \u021bara noastr\u0103 metodele \u00eenvechite sunt \u00eenc\u0103 folosite. Dar merit\u0103 oare s\u0103 \u00ee\u021bi ri\u0219ti s\u0103n\u0103tatea? Noi recomand\u0103m tuturor s\u0103 ia decizii bine g\u00e2ndite. Orice pacient merit\u0103 garan\u021biile oferite de noua metod\u0103 de implantare.<br><em><strong><br>Fi\u021bi s\u0103n\u0103to\u0219i \u0219i ferici\u021bi \u0219i s\u0103 ave\u021bi un z\u00e2mbet frumos!<\/strong><\/em><\/p>\n\n\n\n<h2 class=\"wp-block-heading\"><\/h2>\n\n<\/div>\n<\/div>\n<\/div>","protected":false},"excerpt":{"rendered":"<p>Un implant este o r\u0103d\u0103cin\u0103 artificial\u0103, iar acomodarea implanturilor dentare este un proces destul de dureros. Medicul trebuie s\u0103 \u00een\u021beleag\u0103 \u00een mod clar pozi\u021bia de amplasare tridimensional\u0103: locul de instalare, unghiul de \u00eenclinare \u0219i ad\u00e2ncimea. Pentru a nu trebui s\u0103 calculeze doar vizual \u0219i aproximativ to\u021bi parametrii, tehnologiile moderne \u00eei ofer\u0103 posibilitatea de a\u00a0efectua implantarea &#8230; <a title=\"De ce este nevoie de un \u201eghid chirurgical\u201d pentru instalarea implanturilor?\" class=\"read-more\" href=\"https:\/\/dentvip.md\/ro\/pentru-ce-este-necesar-sablonul-chirurgical-in-timpul-implantarii-dentare\/\" aria-label=\"Cite\u0219te mai multe despre De ce este nevoie de un \u201eghid chirurgical\u201d pentru instalarea implanturilor?\">Read more<\/a><\/p>\n","protected":false},"author":1,"featured_media":103,"parent":0,"menu_order":0,"comment_status":"closed","ping_status":"closed","template":"","meta":{"_eb_attr":"","inline_featured_image":false,"footnotes":""},"class_list":["post-101","page","type-page","status-publish","has-post-thumbnail"],"_links":{"self":[{"href":"https:\/\/dentvip.md\/ro\/wp-json\/wp\/v2\/pages\/101","targetHints":{"allow":["GET"]}}],"collection":[{"href":"https:\/\/dentvip.md\/ro\/wp-json\/wp\/v2\/pages"}],"about":[{"href":"https:\/\/dentvip.md\/ro\/wp-json\/wp\/v2\/types\/page"}],"author":[{"embeddable":true,"href":"https:\/\/dentvip.md\/ro\/wp-json\/wp\/v2\/users\/1"}],"replies":[{"embeddable":true,"href":"https:\/\/dentvip.md\/ro\/wp-json\/wp\/v2\/comments?post=101"}],"version-history":[{"count":4,"href":"https:\/\/dentvip.md\/ro\/wp-json\/wp\/v2\/pages\/101\/revisions"}],"predecessor-version":[{"id":301,"href":"https:\/\/dentvip.md\/ro\/wp-json\/wp\/v2\/pages\/101\/revisions\/301"}],"wp:featuredmedia":[{"embeddable":true,"href":"https:\/\/dentvip.md\/ro\/wp-json\/wp\/v2\/media\/103"}],"wp:attachment":[{"href":"https:\/\/dentvip.md\/ro\/wp-json\/wp\/v2\/media?parent=101"}],"curies":[{"name":"wp","href":"https:\/\/api.w.org\/{rel}","templated":true}]}}