{"id":106,"date":"2024-12-30T18:16:10","date_gmt":"2024-12-30T18:16:10","guid":{"rendered":"https:\/\/dentvip.md\/ro\/?page_id=106"},"modified":"2025-04-26T05:12:32","modified_gmt":"2025-04-26T05:12:32","slug":"dentist-pediatru","status":"publish","type":"page","link":"https:\/\/dentvip.md\/ro\/dentist-pediatru\/","title":{"rendered":"Dentist pediatru"},"content":{"rendered":"<div class=\"gb-container gb-container-c0d1e142\">\n<div class=\"gb-container gb-container-5ad8f567\">\n<div class=\"gb-container gb-container-30c740fa\">\n\n<p><strong>Profilaxia cariei dentare la copii<\/strong><\/p>\n\n\n\n<p>Organizatia Mondiala a Sanatatii recomanda patru metode de preventie primara a cariei dentare: sigilarea dintilor, fluorizarea generala si locala, igiena oro-dentara si igiena alimentatiei. <\/p>\n\n\n<div class=\"wp-block-image\">\n<figure class=\"alignright size-full is-resized\"><img decoding=\"async\" src=\"https:\/\/dentvip.md\/wp-content\/uploads\/2024\/12\/\u0414\u0435\u0442\u043a\u0438\u0439-\u0437\u0443\u0431\u043d\u043e\u0439-\u0432\u0440\u0430\u0447-\u0441\u0442\u043e\u043c\u0430\u0442\u043e\u043b\u043e\u0433-\u041a\u0438\u0448\u0438\u043d\u0435\u0432-\u041c\u043e\u043b\u0434\u043e\u0432\u0430.webp\" alt=\"B\u0103iat cu o periu\u021b\u0103 de din\u021bi uria\u0219\u0103, simboliz\u00e2nd importan\u021ba igienei orale\" class=\"wp-image-1731\" style=\"width:300px;height:auto\"\/><figcaption class=\"wp-element-caption\">Un z\u00e2mbet s\u0103n\u0103tos \u00eencepe cu o \u00eengrijire dentar\u0103 adecvat\u0103 \u00eenc\u0103 din copil\u0103rie. Clinica Dent VIP, Chi\u0219in\u0103u, Moldova<\/figcaption><\/figure><\/div>\n\n\n<p>Sigilarea dentara sau sigilarea santurilor si fosetelor ocluzale reprezinta metoda de prevenire si profilaxie a cariei dentare la copii, incidenta cu precadere pe fata ocluzala (cea cu care mestecam) a dintilor si avand un grad de aparitie mai ridicat la molari si premolari.<\/p>\n\n\n\n<p>Sigilarea se face atat la dintii temporari (de lapte) cat, mai ales, la cei permanenti, de obicei imediat dupa ce au erupt. Metoda se aplica in special pe dintii definitivi (molarii de 6 ani si 12 ani, dar si pe premolari) in intervalul de varsta 6 \u2013 15 ani.<\/p>\n\n\n\n<p>Protejand dintii de lapte (deciduali) de carii, garantam sanatatea dintilor definitivi si eliminam riscul unor tratamente invazive care vor afecta morfologia dentara pe intreaga durata a vietii.<\/p>\n\n\n\n<p><strong>De ce este necesara sigilarea dentara?<\/strong><\/p>\n\n\n\n<p>Imediat dupa eruptie, molarii prezinta o morfologie cu santuri si fosete adanci, locuri unde se acumuleaza resturi alimentare si micro-organisme care initiaza caria dentara. Aceste santuri, mai degraba fisuri, au un diametru mai mic decat firul periei de dinti si sunt profunde, sansele atacului carios fiind mari in ciuda igienei conventionale: spalatul sau curatarea dintilor, ambele metode fiind ineficiente in indepartarea resturilor acumulate. Astfel acoperirea sau sigilarea acestor zone cu un material protector numit sigilant are un efect benefic si este considerata metoda cea mai sigura de profilaxie primara in special la copii.<\/p>\n\n\n\n<p>Materialele folosite \u2013 sigilantii \u2013 sunt rasini compozite transparente sau opace, preferandu-se sigilantii fotoactivi (cei care se intaresc cu ajutorul lampii cu ultraviolete).<\/p>\n\n\n\n<p><strong>Etapele de lucru pentru sigilarea dentara:<\/strong><\/p>\n\n\n\n<p>1) Curatarea suprafetei dintelui cu ajutorul unor periute rotative, neimplicand frezajul dintelui;<\/p>\n\n\n\n<p>2) Gravarea dintelui (mordansare). Un gel cu consistenta fluida, in a carui concentratie intra si acid fosforic, este aplicat prin pensulare, injectare sau cu ajutorul unui burete, fiind lasat sa actioneze 15-30s, dupa care spatiul de lucru este spalat si uscat.<\/p>\n\n\n\n<p>3) Aplicarea sigilantului se realizeaza cu aplicatoare speciale cu varfuri de unica folosinta. Sigilantul trebuie sa acopere toate santurile, precum si versantii cuspizilor adiacenti. Sigilantul aplicat se mentine 10-15s pentru a permite penetrarea si saturarea smaltului mordansat in mod optim, dupa care se fotopolimerizeaza.<\/p>\n\n\n\n<p>4) Adaptarea functionala consta in refacerea morfologiei functionale a suprafetelor sigilate, indepartandu-se eventuale contacte identificate cu ajutorul hartiei de articulatie prin utilizarea pietrelor diamantate.<\/p>\n\n\n\n<p>5) Reevaluarea pacientilor \u2013 dintii sigilati trebuie controlati periodic de catre medic, ideal la fiecare 6 luni.<\/p>\n\n\n\n<p>Incidenta cariei dentare in urma sigilarii dintilor se reduce cu pana la 80%, sigilarea dentara reprezentand metoda de electie in profilaxia cariei dentare la copii.<\/p>\n\n\n\n<p class=\"has-text-align-center\"><\/p>\n\n<\/div>\n<\/div>\n<\/div>","protected":false},"excerpt":{"rendered":"<p>Profilaxia cariei dentare la copii Organizatia Mondiala a Sanatatii recomanda patru metode de preventie primara a cariei dentare: sigilarea dintilor, fluorizarea generala si locala, igiena oro-dentara si igiena alimentatiei. Sigilarea dentara sau sigilarea santurilor si fosetelor ocluzale reprezinta metoda de prevenire si profilaxie a cariei dentare la copii, incidenta cu precadere pe fata ocluzala (cea &#8230; <a title=\"Dentist pediatru\" class=\"read-more\" href=\"https:\/\/dentvip.md\/ro\/dentist-pediatru\/\" aria-label=\"Cite\u0219te mai multe despre Dentist pediatru\">Read more<\/a><\/p>\n","protected":false},"author":1,"featured_media":0,"parent":0,"menu_order":0,"comment_status":"closed","ping_status":"closed","template":"","meta":{"_eb_attr":"","inline_featured_image":false,"footnotes":""},"class_list":["post-106","page","type-page","status-publish"],"_links":{"self":[{"href":"https:\/\/dentvip.md\/ro\/wp-json\/wp\/v2\/pages\/106","targetHints":{"allow":["GET"]}}],"collection":[{"href":"https:\/\/dentvip.md\/ro\/wp-json\/wp\/v2\/pages"}],"about":[{"href":"https:\/\/dentvip.md\/ro\/wp-json\/wp\/v2\/types\/page"}],"author":[{"embeddable":true,"href":"https:\/\/dentvip.md\/ro\/wp-json\/wp\/v2\/users\/1"}],"replies":[{"embeddable":true,"href":"https:\/\/dentvip.md\/ro\/wp-json\/wp\/v2\/comments?post=106"}],"version-history":[{"count":6,"href":"https:\/\/dentvip.md\/ro\/wp-json\/wp\/v2\/pages\/106\/revisions"}],"predecessor-version":[{"id":433,"href":"https:\/\/dentvip.md\/ro\/wp-json\/wp\/v2\/pages\/106\/revisions\/433"}],"wp:attachment":[{"href":"https:\/\/dentvip.md\/ro\/wp-json\/wp\/v2\/media?parent=106"}],"curies":[{"name":"wp","href":"https:\/\/api.w.org\/{rel}","templated":true}]}}