{"id":113,"date":"2024-12-30T18:54:33","date_gmt":"2024-12-30T18:54:33","guid":{"rendered":"https:\/\/dentvip.md\/ro\/?page_id=113"},"modified":"2025-04-26T05:12:09","modified_gmt":"2025-04-26T05:12:09","slug":"igiena-orala","status":"publish","type":"page","link":"https:\/\/dentvip.md\/ro\/igiena-orala\/","title":{"rendered":"Igien\u0103 dentara"},"content":{"rendered":"<div class=\"gb-container gb-container-c0d1e142\">\n<div class=\"gb-container gb-container-5ad8f567\">\n<div class=\"gb-container gb-container-30c740fa\">\n\n<p>Igiena cavit\u0103\u0163ii bucale este o parte indispensabila a tratamentului dentar. Igiena cavit\u0103\u0163ii bucale sau igiena dentara este o profilaxie eficacient\u0103 a cariei \u015fi a gingivitei.<br>Profilaxia profesional\u0103 a cariei include \u00eenl\u0103turarea tartrului \u015fi a depunerilor moi de pe din\u0163i. La \u00eentre\u0163inerea igienei dentare v\u0103 poate ajuta medicul stomatolog sau medicul igienist-stomatolog. Cur\u0103\u0163area din\u0163ilor \u00een clinica stomatologic\u0103 preced\u0103 tratamentul terapeutic, ortopedic, chirurgical \u015fi ortodontic a cavit\u0103\u0163ii bucale.<\/p>\n\n\n\n<h3 class=\"wp-block-heading\">Cei mai r\u0103sp\u00eendi\u0163i factori ce indic\u0103 efectuarea igienei profesionale a din\u0163ilor \u015fi a cavit\u0103\u0163ii bucale:<\/h3>\n\n\n\n<ol class=\"wp-block-list\">\n<li>Igiena imperfect\u0103 a cavit\u0103\u0163ii bucale la pacient care duce la formarea depunerilor dentare.<\/li>\n\n\n\n<li>Depunerile dentare sub ac\u0163iunea microflorei cavit\u0103\u0163ii bucale se transform\u0103 \u00een tartru dentar. Se petrece mineralizarea depunerilor dentare.<\/li>\n<\/ol>\n\n\n\n<h3 class=\"wp-block-heading\">Tartrul dentar \u015fi efectele lui:<\/h3>\n\n\n<div class=\"wp-block-image\">\n<figure class=\"alignright size-full\"><img decoding=\"async\" src=\"https:\/\/dentvip.md\/wp-content\/uploads\/2024\/12\/\u0417\u0443\u0431\u043d\u043e\u0439-\u043a\u0430\u043c\u0435\u043d\u044c-\u0437\u0443\u0431\u043d\u043e\u0439-\u043d\u0430\u043b\u0435\u0442.webp\" alt=\"Acumularea de tartru \u0219i inflama\u021bia gingival\u0103: o diagram\u0103 a dezvolt\u0103rii parodontitei\" class=\"wp-image-1726\"\/><figcaption class=\"wp-element-caption\">Tartrul \u0219i placa bacterian\u0103 sunt principalele cauze ale inflama\u021biei gingivale \u0219i dezvolt\u0103rii parodontitei. Clinica Dent VIP, Chi\u0219in\u0103u<\/figcaption><\/figure><\/div>\n\n\n<ol class=\"wp-block-list\">\n<li>Formarea tartrului dentar sub-\u015fi supragingival. Tartrul subgingival se formeaz\u0103 mai precoce \u015fi distruge \u015fan\u0163ul gingival ce serve\u015fte ca factor predispozant la formarea tartrului subgingival.<\/li>\n\n\n\n<li>Cre\u015fterea tartrului subgingival pe traiectul r\u0103d\u0103cinii dintelui. Tartrul dentar cre\u015fte sub ac\u0163iunea microflorei \u00een cavitatea bucal\u0103 \u015fi a productelor de dezintegrare. Depunerile dentare se mineralizeaz\u0103 \u015fi devin tari \u2013 se transform\u0103 \u00een tartru dentar; apar spa\u0163ii \u00eentre din\u0163i \u015fi gingii, numite pungi: dentogingivale \u015fi osoase.<\/li>\n\n\n\n<li>Sub ac\u0163iunea tartrului dentar se dezvolt\u0103 maladii ale aparatului de sus\u0163inere a dintelui. Procesul \u00eencepe cu inflama\u0163ia gingiilor(gingivit\u0103). Inflama\u0163ia gingiilor cu timpul trece \u00een paradontit\u0103<\/li>\n<\/ol>\n\n\n\n<h3 class=\"wp-block-heading\">Necesitatea igienei cavit\u0103\u0163ii bucale \u015fi cur\u0103\u0163\u0103rii din\u0163ilor:<\/h3>\n\n\n\n<p>Medicii stomatologi recomand\u0103 ca igiena profesional\u0103 a din\u0163ilor s\u0103 fie efectuat\u0103 nu mai pu\u0163in de 2 ori pe an, indiferent de periodicitatea \u015fi calitatea cur\u0103\u0163\u0103rii din\u0163ilor desinestat\u0103tor la domiciliu cu past\u0103, gel, praf \u015fi a\u0163\u0103 dentar\u0103.<\/p>\n\n\n\n<p><strong><em>Procedura igienei profesionale a cavit\u0103\u0163ii bucale. Etape:<\/em><\/strong><\/p>\n\n\n\n<ol class=\"wp-block-list\">\n<li>\u00cenl\u0103turarea tartrului dentar cu ultrasunet. Cu ajutorul scalerului dentar aparatul \u00eenl\u0103tur\u0103 tartrul de pe suprafa\u0163a dintelui prin vibra\u0163ii frecvente f\u0103r\u0103 a altera smal\u0163ul. Procedura de \u00eenl\u0103turare a tartrului dentar este indolor\u0103.<\/li>\n\n\n\n<li>\u00cenl\u0103turarea depunerilor de pigmen\u0163i. Pentru aceasta se folose\u015fte aerozol din ap\u0103 \u015fi substan\u0163\u0103 abraziv\u0103. Jetul de aerozol \u00eenl\u0103tur\u0103 placa \u00eentunecat\u0103. Cu ajutorul acestei metode de obicei din\u0163ii devin cu 2 tonuri mai deschi\u015fi la culoare. Aceasta metod\u0103 o numim Air-Flow.<\/li>\n\n\n\n<li>Aplicarea pe din\u0163i a unui gel sau lac cu con\u0163inut de fluor. Procedura se efectueaz\u0103 pentru a minimaliza sensibilitatea dentar\u0103 dup\u0103 cura\u0163area lor.<\/li>\n<\/ol>\n\n\n<div class=\"wp-block-image\">\n<figure class=\"aligncenter size-full\"><img decoding=\"async\" src=\"https:\/\/dentvip.md\/wp-content\/uploads\/2024\/12\/\u041e\u0442\u0431\u0435\u043b\u0438\u0432\u0430\u043d\u0438\u0435-\u0437\u0443\u0431\u043e\u0432-\u041a\u0438\u0448\u0438\u043d\u0435\u0432-\u041c\u043e\u043b\u043e\u0432\u0430.webp\" alt=\"Compara\u021bie \u00eentre din\u021bi \u00eenainte \u0219i dup\u0103 albire\" class=\"wp-image-1713\"\/><figcaption class=\"wp-element-caption\">\u00cenainte \u0219i dup\u0103 albirea din\u021bilor: rezultatul \u00eengrijirii profesionale. Clinica Dent VIP, Chi\u0219in\u0103u, Moldova<\/figcaption><\/figure><\/div>\n\n\n<p class=\"has-text-align-center\"><\/p>\n\n<\/div>\n<\/div>\n<\/div>","protected":false},"excerpt":{"rendered":"<p>Igiena cavit\u0103\u0163ii bucale este o parte indispensabila a tratamentului dentar. Igiena cavit\u0103\u0163ii bucale sau igiena dentara este o profilaxie eficacient\u0103 a cariei \u015fi a gingivitei.Profilaxia profesional\u0103 a cariei include \u00eenl\u0103turarea tartrului \u015fi a depunerilor moi de pe din\u0163i. La \u00eentre\u0163inerea igienei dentare v\u0103 poate ajuta medicul stomatolog sau medicul igienist-stomatolog. Cur\u0103\u0163area din\u0163ilor \u00een clinica stomatologic\u0103 &#8230; <a title=\"Igien\u0103 dentara\" class=\"read-more\" href=\"https:\/\/dentvip.md\/ro\/igiena-orala\/\" aria-label=\"Cite\u0219te mai multe despre Igien\u0103 dentara\">Read more<\/a><\/p>\n","protected":false},"author":1,"featured_media":0,"parent":0,"menu_order":0,"comment_status":"closed","ping_status":"closed","template":"","meta":{"_eb_attr":"","inline_featured_image":false,"footnotes":""},"class_list":["post-113","page","type-page","status-publish"],"_links":{"self":[{"href":"https:\/\/dentvip.md\/ro\/wp-json\/wp\/v2\/pages\/113","targetHints":{"allow":["GET"]}}],"collection":[{"href":"https:\/\/dentvip.md\/ro\/wp-json\/wp\/v2\/pages"}],"about":[{"href":"https:\/\/dentvip.md\/ro\/wp-json\/wp\/v2\/types\/page"}],"author":[{"embeddable":true,"href":"https:\/\/dentvip.md\/ro\/wp-json\/wp\/v2\/users\/1"}],"replies":[{"embeddable":true,"href":"https:\/\/dentvip.md\/ro\/wp-json\/wp\/v2\/comments?post=113"}],"version-history":[{"count":8,"href":"https:\/\/dentvip.md\/ro\/wp-json\/wp\/v2\/pages\/113\/revisions"}],"predecessor-version":[{"id":432,"href":"https:\/\/dentvip.md\/ro\/wp-json\/wp\/v2\/pages\/113\/revisions\/432"}],"wp:attachment":[{"href":"https:\/\/dentvip.md\/ro\/wp-json\/wp\/v2\/media?parent=113"}],"curies":[{"name":"wp","href":"https:\/\/api.w.org\/{rel}","templated":true}]}}