{"id":122,"date":"2024-12-30T20:10:54","date_gmt":"2024-12-30T20:10:54","guid":{"rendered":"https:\/\/dentvip.md\/ro\/?page_id=122"},"modified":"2025-04-26T05:10:00","modified_gmt":"2025-04-26T05:10:00","slug":"ortopedie","status":"publish","type":"page","link":"https:\/\/dentvip.md\/ro\/ortopedie\/","title":{"rendered":"Ortopedie"},"content":{"rendered":"<div class=\"gb-container gb-container-c0d1e142\">\n<div class=\"gb-container gb-container-5ad8f567\">\n<div class=\"gb-container gb-container-30c740fa\">\n\n<p>Din\u0163ii altera\u0163i sau din\u0163ii lips\u0103 sunt sursa unui disconfort insuportabil, chiar \u015fi a durerii. Protezarea din\u0163ilor presupune folosirea diferitor construc\u0163ii \u015fi dispozitive ortopedice.<\/p>\n\n\n\n<p>Protezarea din\u0163ilor se divide \u00een&nbsp;<strong>protezare mobil\u0103 \u015fi fix\u0103<\/strong>.<\/p>\n\n\n\n<h3 class=\"wp-block-heading\">Protezarea fix\u0103:<\/h3>\n\n\n\n<p><strong>Vinire<\/strong><\/p>\n\n\n\n<p>Vinire \u2013 o construc\u0163ie fix\u0103 care acoper\u0103 suprafa\u0163a din fa\u0163\u0103 a din\u0163ilor. Aceasta metod\u0103 de protezare poate fi numit\u0103 laminare. Laminarea sau vinirele <\/p>\n\n\n<div class=\"wp-block-image\">\n<figure class=\"alignright size-full is-resized\"><img decoding=\"async\" src=\"https:\/\/dentvip.md\/wp-content\/uploads\/2024\/12\/\u041e\u0440\u0442\u043e\u043f\u0435\u0434\u0438\u044f-\u0446\u0438\u0440\u043a\u043e\u043d\u0438\u0435\u0432\u044b\u0435-\u0432\u0438\u043d\u0438\u0440\u044b.webp\" alt=\"Pacient\u0103 care \u00ee\u0219i prezint\u0103 din\u021bii cu fa\u021bete de zirconiu dup\u0103 protezare\" class=\"wp-image-1606\" style=\"width:444px;height:auto\"\/><figcaption class=\"wp-element-caption\">Rezultat protezare cu fa\u021bete de zirconiu \u00een clinica stomatologic\u0103 Dent VIP din Chi\u0219in\u0103u<\/figcaption><\/figure><\/div>\n\n\n<p>\u00eembun\u0103t\u0103\u0163esc considerabil estetica dentar\u0103.<\/p>\n\n\n\n<p>\u2013 vinirele se modeleaz\u0103 u\u015for sub forma necesar\u0103 \u015fi pot fi de diferite nuan\u0163e a din\u0163ilor s\u0103n\u0103to\u015fi<\/p>\n\n\n\n<p>\u2013 vinirele modific\u0103 pozi\u0163ia incorect\u0103 a din\u0163ilor<\/p>\n\n\n\n<p>\u2013 vinirele ascund abraziunea dentar\u0103 \u015fi clivajul coroanei dintelui.<\/p>\n\n\n\n<p>Cea mai recent\u0103 realizare sunt vinirele din por\u0163elan,ele au o grosime de la 0,5-0,7 mm. Se aplic\u0103 u\u015for, au un termen lung de exploatare \u0219i s\u00eent o bun\u0103<\/p>\n\n\n\n<p> alternativ\u0103 a coroanelor de ceramic\u0103. Vinirele se confec\u0163ioneaz\u0103 \u00een laboratoarele dentare.<\/p>\n\n\n\n<p><strong>Avantajele fa\u021betelor:<\/strong><\/p>\n\n\n\n<ul class=\"wp-block-list\">\n<li>Permit modificarea culorii \u0219i formei din\u021bilor.<\/li>\n\n\n\n<li>Ascund ciobiri, fisuri \u0219i pete de pe smal\u021b.<\/li>\n\n\n\n<li>Pot corecta defecte vizuale minore, cum ar fi u\u0219oarele deplas\u0103ri ale din\u021bilor.<\/li>\n<\/ul>\n\n\n\n<p><strong>Exemplu:<\/strong> O pacient\u0103 dorea s\u0103 scape de petele de pe smal\u021bul dentar, care nu cedau la albire. Prin aplicarea fa\u021betelor de por\u021belan, a ob\u021binut din\u021bi albi, uniformi \u0219i \u00eencredere \u00een z\u00e2mbetul s\u0103u.<\/p>\n\n\n\n<h4 class=\"wp-block-heading\">Protezarea din\u0163ilor prin acoperire cu coroni\u0163e<\/h4>\n\n\n\n<p>Protezarea este o solu\u0163ie bun\u0103 \u00een cazul din\u0163ilor distru\u015fi considerabil. Cauza distrugerii poate fi at\u00eet caria, c\u00eet \u015fi trauma mecanic\u0103.<\/p>\n\n\n<div class=\"wp-block-image\">\n<figure class=\"alignright size-full is-resized\"><img decoding=\"async\" src=\"https:\/\/dentvip.md\/wp-content\/uploads\/2024\/12\/\u041e\u0440\u0442\u043e\u043f\u0435\u0434\u0438\u044f-\u043f\u0440\u043e\u0442\u0435\u0437\u0438\u0440\u043e\u0432\u0430\u043d\u0438\u0435-\u043c\u0435\u0442\u0430\u043b\u043b\u043e-\u043a\u0435\u0440\u0430\u043c\u0438\u043a\u0430.webp\" alt=\"Pacient\u0103 care \u00ee\u0219i prezint\u0103 din\u021bii cu coroane metalo-ceramice dup\u0103 protezare \u00een clinica stomatologic\u0103\" class=\"wp-image-1610\" style=\"width:502px;height:auto\"\/><figcaption class=\"wp-element-caption\">Rezultat protezare cu coroane metalo-ceramice \u00een clinica stomatologic\u0103 Dent VIP din Chi\u0219in\u0103u<\/figcaption><\/figure><\/div>\n\n\n<p>Coroni\u0163ele acoper\u0103 partea coronar\u0103 vizibil\u0103 \u015fi s\u00eent fixate pe ciment. Spre deosebire de obtura\u0163ie, coroni\u0163a acoper\u0103 dintele \u00een \u00eentregime \u2013 pe toat\u0103 suprafa\u0163a lui.<\/p>\n\n\n\n<p>Coroni\u0163ele refac u\u015for suprafa\u0163a din\u0163ilor altera\u0163i sau distru\u015fi, \u00eembun\u0103t\u0103\u0163esc aspectul din\u0163ilor distru\u015fi \u015fi \u00eei \u00eentaresc. Coroni\u0163ele se efectueaz\u0103 \u00een laboratoarele dentare.<\/p>\n\n\n\n<p><strong>Pun\u0163ile dentare<\/strong><\/p>\n\n\n\n<p>Pun\u0163ile dentare sunt o construc\u0163ie fix\u0103 asem\u0103n\u0103toare unui pod. Partea principal\u0103 a protezei este dintele artificial ce imit\u0103 dintele pierdut. Fixarea pun\u0163ilor dentare se efectueaz\u0103 cu ajutorul coroni\u0163elor, coroanelor de substitu\u0163ie sau a \u00eencrusta\u0163iilor. Pentru o fixare sigur\u0103 \u015fi a unui contact intim din\u0163ii limitrofi dintelui absent sunt prepara\u0163i \u015fi se aplic\u0103 pe ei coroni\u0163e. La r\u00eendul lor, pe ei se aplic\u0103 dintele artificial.<\/p>\n\n\n\n<p>Tehnica de confec\u0163ionare a pun\u0163ilor dentare se aseaman\u0103 cu cea a confec\u0163ion\u0103rii coroni\u0163elor, folosindu-se acelea\u015fi materiale.<\/p>\n\n\n\n<p class=\"has-text-align-center\"><\/p>\n\n<\/div>\n<\/div>\n<\/div>\n\n\n<p><\/p>\n","protected":false},"excerpt":{"rendered":"<p>Din\u0163ii altera\u0163i sau din\u0163ii lips\u0103 sunt sursa unui disconfort insuportabil, chiar \u015fi a durerii. Protezarea din\u0163ilor presupune folosirea diferitor construc\u0163ii \u015fi dispozitive ortopedice. Protezarea din\u0163ilor se divide \u00een&nbsp;protezare mobil\u0103 \u015fi fix\u0103. Protezarea fix\u0103: Vinire Vinire \u2013 o construc\u0163ie fix\u0103 care acoper\u0103 suprafa\u0163a din fa\u0163\u0103 a din\u0163ilor. Aceasta metod\u0103 de protezare poate fi numit\u0103 laminare. Laminarea &#8230; <a title=\"Ortopedie\" class=\"read-more\" href=\"https:\/\/dentvip.md\/ro\/ortopedie\/\" aria-label=\"Cite\u0219te mai multe despre Ortopedie\">Read more<\/a><\/p>\n","protected":false},"author":1,"featured_media":0,"parent":0,"menu_order":0,"comment_status":"closed","ping_status":"closed","template":"","meta":{"_eb_attr":"","inline_featured_image":false,"footnotes":""},"class_list":["post-122","page","type-page","status-publish"],"_links":{"self":[{"href":"https:\/\/dentvip.md\/ro\/wp-json\/wp\/v2\/pages\/122","targetHints":{"allow":["GET"]}}],"collection":[{"href":"https:\/\/dentvip.md\/ro\/wp-json\/wp\/v2\/pages"}],"about":[{"href":"https:\/\/dentvip.md\/ro\/wp-json\/wp\/v2\/types\/page"}],"author":[{"embeddable":true,"href":"https:\/\/dentvip.md\/ro\/wp-json\/wp\/v2\/users\/1"}],"replies":[{"embeddable":true,"href":"https:\/\/dentvip.md\/ro\/wp-json\/wp\/v2\/comments?post=122"}],"version-history":[{"count":7,"href":"https:\/\/dentvip.md\/ro\/wp-json\/wp\/v2\/pages\/122\/revisions"}],"predecessor-version":[{"id":427,"href":"https:\/\/dentvip.md\/ro\/wp-json\/wp\/v2\/pages\/122\/revisions\/427"}],"wp:attachment":[{"href":"https:\/\/dentvip.md\/ro\/wp-json\/wp\/v2\/media?parent=122"}],"curies":[{"name":"wp","href":"https:\/\/api.w.org\/{rel}","templated":true}]}}