{"id":124,"date":"2024-12-30T20:17:33","date_gmt":"2024-12-30T20:17:33","guid":{"rendered":"https:\/\/dentvip.md\/ro\/?page_id=124"},"modified":"2025-01-19T22:20:20","modified_gmt":"2025-01-19T22:20:20","slug":"in-curand-implinim-25-de-ani","status":"publish","type":"page","link":"https:\/\/dentvip.md\/ro\/in-curand-implinim-25-de-ani\/","title":{"rendered":"\u00cen cur\u00e2nd \u00eemplinim 25 de ani!"},"content":{"rendered":"<div class=\"gb-container gb-container-c0d1e142\">\n<div class=\"gb-container gb-container-5ad8f567\">\n<div class=\"gb-container gb-container-30c740fa\">\n\n<p>\u00cen <strong>24 de ani<\/strong>, clinica <strong>DENT V.I.P.<\/strong> a realizat multe: peste 15 000 de pacien\u021bi permanen\u021bi, acreditare din partea Ministerului S\u0103n\u0103t\u0103\u021bii al Republicii Moldova, recunoa\u0219terea medicilor centrului de c\u0103tre colegii din str\u0103in\u0103tate. Toate acestea au transformat <strong>DENT V.I.P.<\/strong> \u00eentr-una dintre cele mai de \u00eencredere \u0219i populare clinici stomatologice din Moldova.<\/p>\n\n\n\n<h3 class=\"wp-block-heading\">Pu\u021bin\u0103 istorie<\/h3>\n\n\n\n<p>\u00cen <strong>2001<\/strong>, \u00een inima capitalei, s-a deschis clinica stomatologic\u0103 <strong>DENT V.I.P.<\/strong>. \u00cen <strong>24 de ani<\/strong> de activitate fructuoas\u0103, clinica a reu\u0219it s\u0103 ocupe una dintre pozi\u021biile de lider pe pia\u021ba din Moldova. Cl\u0103direa centrului a fost supus\u0103 unei reconstruc\u021bii capitale, iar toate cabinetele de tratament au fost dotate cu echipamente de ultim\u0103 genera\u021bie de la companiile <strong>Siemens<\/strong> (Germania) \u0219i <strong>NSK<\/strong> (Japonia). \u00cen prezent, clinica dispune de un laborator propriu de tehnic\u0103 dentar\u0103, unde se aplic\u0103 activ cele mai noi realiz\u0103ri ale stomatologiei.<\/p>\n\n\n\n<figure class=\"gb-block-image gb-block-image-e2b27531\"><img decoding=\"async\" class=\"gb-image gb-image-e2b27531\" src=\"https:\/\/dentvip.md\/wp-content\/uploads\/2024\/12\/\u041b\u0443\u0447\u0448\u0430\u044f-\u0421\u0442\u043e\u043c\u0430\u0442\u043e\u043b\u043e\u0433\u0438\u0447\u0435\u0441\u043a\u0430\u044f-\u041a\u043b\u0438\u043d\u0438\u043a\u0430-Dent-VIP-\u041a\u0438\u0448\u0438\u043d\u0435\u0432-\u041c\u043e\u043b\u0434\u043e\u0432\u0430.webp\" alt=\"Fa\u021bada clinicii stomatologice Dent VIP din Chi\u0219in\u0103u, Moldova\" title=\"Cea mai bun\u0103 clinic\u0103 stomatologic\u0103 Dent VIP - Chi\u0219in\u0103u, Moldova\"\/>\n<figcaption class=\"gb-headline gb-headline-104b71fc gb-headline-text\">Clinica stomatologic\u0103 Dent VIP: tratament dentar de calitate \u00een Chi\u0219in\u0103u, Moldova<\/figcaption>\n<\/figure>\n\n\n\n<h3 class=\"wp-block-heading\">Nu doar pentru VIP-uri<\/h3>\n\n\n\n<p>Contrar opiniei generale, clinica <strong>DENT V.I.P.<\/strong> nu se pozi\u021bioneaz\u0103 ca o institu\u021bie medical\u0103 pentru elit\u0103. Numele centrului reprezint\u0103 ini\u021bialele <strong>Valeriei \u0219i Irinei Piscun<\/strong>, unde fiecare pacient este tratat ca un client <strong>V.I.P.<\/strong>.<\/p>\n\n\n\n<h3 class=\"wp-block-heading\">Servicii<\/h3>\n\n\n\n<p>Speciali\u0219tii <strong>DENT V.I.P.<\/strong> sunt bucuro\u0219i s\u0103 primeasc\u0103 pacien\u021bi de toate v\u00e2rstele. O aten\u021bie deosebit\u0103 \u00een clinic\u0103 se acord\u0103 <strong>profilaxiei afec\u021biunilor dentare<\/strong>, de aceea num\u0103rul pacien\u021bilor permanen\u021bi ai <strong>DENT V.I.P.<\/strong> a dep\u0103\u0219it deja <strong>\u0219apte mii<\/strong>.<\/p>\n\n\n\n<p>La <strong>DENT V.I.P.<\/strong> se ofer\u0103 urm\u0103toarele servicii stomatologice:<\/p>\n\n\n\n<ul class=\"wp-block-list\">\n<li><strong>Tratament<\/strong> (restaurare, tratament de canal);<\/li>\n\n\n\n<li><strong>Igien\u0103 oral\u0103 profesional\u0103<\/strong> (detartraj, ultrasunete, Air-flow);<\/li>\n\n\n\n<li><strong>Albire dentar\u0103<\/strong> (la cabinet, acas\u0103, ZOOM);<\/li>\n\n\n\n<li><strong>Protezare<\/strong> (coroane metalo-ceramice, ceramic\u0103 f\u0103r\u0103 metal, proteze scheletate, protezare pe implanturi);<\/li>\n\n\n\n<li><strong>Ortodon\u021bie<\/strong> (aparate dentare fixe \u0219i mobile);<\/li>\n\n\n\n<li><strong>Stomatologie pediatric\u0103<\/strong> (tratamentul din\u021bilor de lapte \u0219i permanen\u021bi, profilaxia cariilor);<\/li>\n\n\n\n<li><strong>Chirurgie<\/strong> (extrac\u021bii de diferite grade de dificultate, interven\u021bii chirurgicale ambulatorii);<\/li>\n\n\n\n<li><strong>Implantologie<\/strong> (sistem de implanturi <strong>A.B. Dental Devices<\/strong> (Israel), adi\u021bie osoas\u0103, sinus lift deschis \u0219i \u00eenchis).<\/li>\n<\/ul>\n\n\n\n<h3 class=\"wp-block-heading\">Siguran\u021b\u0103<\/h3>\n\n\n\n<p>\u00cen clinic\u0103, se acord\u0103 o aten\u021bie deosebit\u0103 <strong>steriliz\u0103rii instrumentarului<\/strong>, care trece printr-un sistem complex de procesare \u00een mai multe etape, apoi este ambalat \u00een pungi speciale (similare seringilor de unic\u0103 folosin\u021b\u0103). Datorit\u0103 acestui fapt, la <strong>DENT V.I.P.<\/strong> este exclus\u0103 complet posibilitatea infec\u021biilor intraclinice \u0219i \u00eencruci\u0219ate.<\/p>\n\n\n\n<h3 class=\"wp-block-heading\">Speciali\u0219ti<\/h3>\n\n\n\n<p>La <strong>DENT V.I.P.<\/strong>, consulta\u021biile sunt efectuate de <strong>opt speciali\u0219ti<\/strong>, dintre care \u0219ase sunt medici de <strong>grad superior<\/strong>, iar doi sunt de <strong>gradul I<\/strong>. To\u021bi medicii clinicii particip\u0103 regulat la seminarii, masterclass-uri \u0219i simpozioane interna\u021bionale, datorit\u0103 c\u0103rora calitatea serviciilor lor corespunde tuturor <strong>standardelor europene<\/strong>.<\/p>\n\n\n\n<h3 class=\"wp-block-heading\">Pre\u021buri<\/h3>\n\n\n\n<p>Costul serviciilor \u00een clinic\u0103 depinde de gradul profesional al medicului care efectueaz\u0103 lucrarea. Cu toate acestea, calitatea tratamentului la <strong>DENT V.I.P.<\/strong> r\u0103m\u00e2ne constant <strong>foarte \u00eenalt\u0103<\/strong>.<\/p>\n\n\n\n<h3 class=\"wp-block-heading\">\u00cen concluzie<\/h3>\n\n\n\n<p><strong>24 de ani<\/strong> de activitate \u2013 o perioad\u0103 considerabil\u0103. \u00cen acest timp, speciali\u0219tii clinicii, \u00eempreun\u0103 cu pacien\u021bii lor, au parcurs un drum lung.  \u00cen prezent, s\u0103n\u0103tatea dentar\u0103 a c\u0103p\u0103tat o importan\u021b\u0103 deosebit\u0103, deoarece un z\u00e2mbet frumos \u0219i alb este acum un element esen\u021bial al imaginii unei persoane de succes. Acum putem spune cu siguran\u021b\u0103 c\u0103 o persoan\u0103 este \u00eent\u00e2mpinat\u0103 <strong>nu doar dup\u0103 haine, ci \u0219i dup\u0103 z\u00e2mbet!<\/strong><\/p>\n\n\n\n<h3 class=\"wp-block-heading\">De ce s\u0103 alege\u021bi Dent VIP \u00een Chi\u0219in\u0103u?<\/h3>\n\n\n\n<p>Clinica stomatologic\u0103 <strong>Dent VIP<\/strong> ofer\u0103 metode avansate de protezare dentar\u0103. Medicii stomatologi cu experien\u021b\u0103 utilizeaz\u0103 tehnologii de ultim\u0103 genera\u021bie \u0219i materiale de calitate pentru a oferi pacien\u021bilor rezultate ideale. La clinica <strong>Dent VIP<\/strong>, fiecare pacient prime\u0219te un plan de tratament personalizat, care r\u0103spunde nevoilor \u0219i a\u0219tept\u0103rilor sale specifice.<\/p>\n\n<\/div>\n<\/div>\n<\/div>","protected":false},"excerpt":{"rendered":"<p>\u00cen 24 de ani, clinica DENT V.I.P. a realizat multe: peste 15 000 de pacien\u021bi permanen\u021bi, acreditare din partea Ministerului S\u0103n\u0103t\u0103\u021bii al Republicii Moldova, recunoa\u0219terea medicilor centrului de c\u0103tre colegii din str\u0103in\u0103tate. Toate acestea au transformat DENT V.I.P. \u00eentr-una dintre cele mai de \u00eencredere \u0219i populare clinici stomatologice din Moldova. Pu\u021bin\u0103 istorie \u00cen 2001, \u00een &#8230; <a title=\"\u00cen cur\u00e2nd \u00eemplinim 25 de ani!\" class=\"read-more\" href=\"https:\/\/dentvip.md\/ro\/in-curand-implinim-25-de-ani\/\" aria-label=\"Cite\u0219te mai multe despre \u00cen cur\u00e2nd \u00eemplinim 25 de ani!\">Read more<\/a><\/p>\n","protected":false},"author":1,"featured_media":0,"parent":0,"menu_order":0,"comment_status":"closed","ping_status":"closed","template":"","meta":{"_eb_attr":"","inline_featured_image":false,"footnotes":""},"class_list":["post-124","page","type-page","status-publish"],"_links":{"self":[{"href":"https:\/\/dentvip.md\/ro\/wp-json\/wp\/v2\/pages\/124","targetHints":{"allow":["GET"]}}],"collection":[{"href":"https:\/\/dentvip.md\/ro\/wp-json\/wp\/v2\/pages"}],"about":[{"href":"https:\/\/dentvip.md\/ro\/wp-json\/wp\/v2\/types\/page"}],"author":[{"embeddable":true,"href":"https:\/\/dentvip.md\/ro\/wp-json\/wp\/v2\/users\/1"}],"replies":[{"embeddable":true,"href":"https:\/\/dentvip.md\/ro\/wp-json\/wp\/v2\/comments?post=124"}],"version-history":[{"count":1,"href":"https:\/\/dentvip.md\/ro\/wp-json\/wp\/v2\/pages\/124\/revisions"}],"predecessor-version":[{"id":125,"href":"https:\/\/dentvip.md\/ro\/wp-json\/wp\/v2\/pages\/124\/revisions\/125"}],"wp:attachment":[{"href":"https:\/\/dentvip.md\/ro\/wp-json\/wp\/v2\/media?parent=124"}],"curies":[{"name":"wp","href":"https:\/\/api.w.org\/{rel}","templated":true}]}}