{"id":126,"date":"2024-12-30T20:27:45","date_gmt":"2024-12-30T20:27:45","guid":{"rendered":"https:\/\/dentvip.md\/ro\/?page_id=126"},"modified":"2025-01-27T17:50:29","modified_gmt":"2025-01-27T17:50:29","slug":"despre-noi","status":"publish","type":"page","link":"https:\/\/dentvip.md\/ro\/despre-noi\/","title":{"rendered":"Despre noi"},"content":{"rendered":"<div class=\"gb-grid-wrapper gb-grid-wrapper-05b679ac\">\n<div class=\"gb-grid-wrapper gb-grid-wrapper-986e3e71\">\n<div class=\"gb-grid-column gb-grid-column-3f58766a\"><div class=\"gb-container gb-container-3f58766a\">\n<div class=\"gb-container gb-container-eab5cc22\">\n<div class=\"gb-container gb-container-e673e2c5\">\n\n<figure class=\"wp-block-image size-full\"><img decoding=\"async\" src=\"https:\/\/dentvip.md\/en\/wp-content\/uploads\/sites\/2\/2024\/12\/Dental-clinic-Chisinau.jpg\" alt=\"The exterior of Dent VIP dental clinic in Chi\u0219in\u0103u, showcasing a modern and welcoming building surrounded by greenery\" class=\"wp-image-417\"\/><figcaption class=\"wp-element-caption\">Clinica dentar\u0103 Dent VIP din Chi\u0219in\u0103u ofer\u0103 servicii stomatologice de \u00eenalt\u0103 calitate \u00eentr-un mediu confortabil \u0219i profesional<\/figcaption><\/figure>\n\n\n<div class=\"gb-container gb-container-d8ad63d8\">\n\n<p>Fiecare medic dentist intelege in felul lui scopurile si obiectivele lucrarilor sale. Sunt onorat sa \u201drevin\u201d oamenilor frumosul zimbet si sanatatea dentara. Pentru a vedea un zimbet sanatos al pacientului, multumit de rezultatul muncii mele este o mare bucurie si o adevarata satisfactie profesionala.<\/p>\n\n\n\n<p><strong>Zimbiti mai des si lumea va zimbi in jur!<\/strong><\/p>\n\n\n\n<p>Clinica stomatologic\u0103 \u00ab<strong><em>Dent VIP<\/em><\/strong>\u00bb activeaz\u0103 din anul 2001. \u00cen prezent ea se consider\u0103 una din principalele clinici din Chi\u015fin\u0103u \u015fi din Republica Moldova. \u00cen cadrul ei activeaz\u0103 mai mult de 20 de angaja\u0163i profesioni\u015fti, inclusiv 8 medici de profil diferit si propriul laborator dentar. Clinica presteaz\u0103 toate tipurile de servicii stomatologice, implantologie \u015fi protezare complicat\u0103.<\/p>\n\n<\/div>\n<\/div>\n<\/div>\n<\/div><\/div>\n\n<div class=\"gb-grid-column gb-grid-column-c2fb54d7\"><div class=\"gb-container gb-container-c2fb54d7\">\n<div class=\"gb-container gb-container-913cdd6c\">\n<div class=\"gb-container gb-container-e4d34285\">\n\n<p>Cheia succesului nostru \u2014 este calificarea \u0219i dorin\u021ba personalului de a lucra \u0219i de a-\u0219i \u00eembun\u0103t\u0103\u021bi abilit\u0103\u021bile profesionale.<\/p>\n\n\n\n<p><strong>Scopul Nostru<\/strong><\/p>\n\n\n\n<p>De a oferi servicii dentare de calitate, acordarea aten\u021biei nu numai propriet\u0103\u021bilor fiziologice ci \u0219i componentelor estetice a lucr\u0103rilor.<\/p>\n\n\n\n<p><strong>Profesioni\u0219tii clinicii noastre<\/strong><\/p>\n\n\n\n<p>Speciali\u0219ti cu 20 ani de experien\u021b\u0103, care se dezvolt\u0103 constant \u0219i particip\u0103 la diverse congrese pentru a-\u0219i \u00eembun\u0103t\u0103\u021bi calific\u0103rile profesionale.<\/p>\n\n\n\n<p><strong>Lucr\u0103rile noastre<\/strong><\/p>\n\n\n<div class=\"gb-container gb-container-721e64b4\">\n\n\n<\/div>\n<\/div>\n<\/div>\n<\/div><\/div>\n<\/div>\n<\/div>\n\n\n<p><strong>Galerie: Medicii denti\u0219ti de la Dent VIP \u00een ac\u021biune<\/strong><\/p>\n\n\n\n    <div \n    class=\"align wp-block-lbb-lightbox\"        id=\"lbbLightBox-1\"\n        data-attributes='{&quot;cId&quot;:&quot;b802ff7b-8&quot;,&quot;lightboxType&quot;:&quot;gallery&quot;,&quot;items&quot;:[{&quot;type&quot;:&quot;image&quot;,&quot;thumbnail&quot;:&quot;https:\\\/\\\/bblockswp.com\\\/wp-content\\\/demo\\\/img\\\/green-hill.jpg&quot;,&quot;thumbCaption&quot;:&quot;&quot;,&quot;content&quot;:&quot;https:\\\/\\\/dentvip.md\\\/wp-content\\\/uploads\\\/2024\\\/12\\\/\\u0421\\u0442\\u043e\\u043c\\u0430\\u0442\\u043e\\u043b\\u043e\\u0433\\u0438\\u044f-\\u041a\\u0438\\u0448\\u0438\\u043d\\u0435\\u0432-\\u041c\\u043e\\u043b\\u0434\\u043e\\u0432\\u0430-5.jpg&quot;,&quot;contentCaption&quot;:&quot;Dentistry Chi\\u0219in\\u0103u Moldova&quot;,&quot;caption&quot;:&quot;&quot;,&quot;importCaption&quot;:false},{&quot;type&quot;:&quot;image&quot;,&quot;thumbnail&quot;:&quot;https:\\\/\\\/bblockswp.com\\\/wp-content\\\/demo\\\/img\\\/green-hill.jpg&quot;,&quot;thumbCaption&quot;:&quot;&quot;,&quot;content&quot;:&quot;https:\\\/\\\/dentvip.md\\\/wp-content\\\/uploads\\\/2024\\\/12\\\/\\u0414\\u0435\\u043d\\u0442\\u0438\\u0441\\u0442-\\u041a\\u0438\\u0448\\u0438\\u043d\\u0435\\u0432-\\u041c\\u043e\\u043b\\u0434\\u043e\\u0432\\u0430-2.jpg&quot;,&quot;contentCaption&quot;:&quot;Dentist Chi\\u0219in\\u0103u Moldova&quot;,&quot;caption&quot;:&quot;&quot;,&quot;importCaption&quot;:false},{&quot;type&quot;:&quot;image&quot;,&quot;thumbnail&quot;:&quot;https:\\\/\\\/bblockswp.com\\\/wp-content\\\/demo\\\/img\\\/green-hill.jpg&quot;,&quot;thumbCaption&quot;:&quot;&quot;,&quot;content&quot;:&quot;https:\\\/\\\/dentvip.md\\\/wp-content\\\/uploads\\\/2024\\\/12\\\/\\u0421\\u0442\\u043e\\u043c\\u0430\\u0442\\u043e\\u043b\\u043e\\u0433-\\u041a\\u0438\\u0448\\u0438\\u043d\\u0435\\u0432-3.jpg&quot;,&quot;contentCaption&quot;:&quot;Dentist - Chi\\u0219in\\u0103u&quot;,&quot;caption&quot;:&quot;&quot;,&quot;importCaption&quot;:false}],&quot;layout&quot;:&quot;masonry&quot;,&quot;align&quot;:&quot;&quot;,&quot;audio&quot;:{&quot;player&quot;:&quot;&quot;,&quot;typo&quot;:{&quot;fontSize&quot;:{&quot;desktop&quot;:16,&quot;tablet&quot;:15,&quot;mobile&quot;:14},&quot;fontWeight&quot;:500,&quot;lineHeight&quot;:&quot;135%&quot;}},&quot;columns&quot;:{&quot;desktop&quot;:3,&quot;tablet&quot;:2,&quot;mobile&quot;:1},&quot;columnGap&quot;:&quot;25px&quot;,&quot;rowGap&quot;:&quot;25px&quot;,&quot;content&quot;:{&quot;caption&quot;:false,&quot;overlyColor&quot;:false},&quot;button&quot;:{&quot;icon&quot;:{&quot;class&quot;:&quot;fab fa-wordpress&quot;},&quot;text&quot;:&quot;Image&quot;},&quot;galleryIcon&quot;:true,&quot;popupOptions&quot;:{&quot;mixAllData&quot;:false},&quot;popupIconLeft&quot;:{&quot;infobar&quot;:true},&quot;popupIconMiddle&quot;:{&quot;zoomIn&quot;:true,&quot;zoomOut&quot;:true,&quot;toggle1to1&quot;:false,&quot;rotateCCW&quot;:false,&quot;rotateCW&quot;:false,&quot;flipX&quot;:false,&quot;flipY&quot;:false,&quot;fullscreen&quot;:true},&quot;popupIconRight&quot;:{&quot;twitter&quot;:false,&quot;facebook&quot;:false,&quot;download&quot;:false,&quot;slideshow&quot;:true,&quot;thumbs&quot;:true,&quot;close&quot;:true},&quot;thumb&quot;:{&quot;type&quot;:&quot;classic&quot;,&quot;showOnStart&quot;:true,&quot;minCount&quot;:2},&quot;slideShow&quot;:{&quot;playOnStart&quot;:false,&quot;timeout&quot;:3000},&quot;options&quot;:{&quot;wheel&quot;:&quot;zoom&quot;,&quot;transition&quot;:&quot;fade&quot;},&quot;controls&quot;:{&quot;play-large&quot;:true,&quot;restart&quot;:false,&quot;rewind&quot;:true,&quot;play&quot;:true,&quot;fast-forward&quot;:true,&quot;progress&quot;:true,&quot;current-time&quot;:false,&quot;duration&quot;:false,&quot;mute&quot;:false,&quot;volume&quot;:true,&quot;pip&quot;:false,&quot;airplay&quot;:false,&quot;settings&quot;:false,&quot;download&quot;:false,&quot;fullscreen&quot;:true,&quot;skipTime&quot;:5,&quot;isHeart&quot;:true,&quot;isPlaybackSpeed&quot;:true},&quot;playerColor&quot;:&quot;#03a5ed&quot;,&quot;overlyColor&quot;:&quot;#00000061&quot;,&quot;img&quot;:{&quot;animation&quot;:&quot;zoomIn&quot;,&quot;borderRadius&quot;:5,&quot;isHoverAnimation&quot;:true},&quot;image&quot;:{&quot;ratio&quot;:&quot;4:3&quot;},&quot;imgBorder&quot;:{&quot;color&quot;:&quot;#4527a4&quot;,&quot;style&quot;:&quot;solid&quot;,&quot;width&quot;:&quot;0px&quot;},&quot;caption&quot;:{&quot;position&quot;:&quot;overlyCenter&quot;},&quot;captionTypo&quot;:{&quot;fontSize&quot;:{&quot;desktop&quot;:16,&quot;tablet&quot;:15,&quot;mobile&quot;:14},&quot;fontWeight&quot;:500,&quot;lineHeight&quot;:&quot;135%&quot;},&quot;captionColors&quot;:{&quot;color&quot;:&quot;#fff&quot;,&quot;bg&quot;:&quot;#00000000&quot;},&quot;btnTypo&quot;:{&quot;fontSize&quot;:{&quot;desktop&quot;:18,&quot;tablet&quot;:15,&quot;mobile&quot;:14},&quot;fontWeight&quot;:500,&quot;lineHeight&quot;:&quot;100%&quot;},&quot;btnWidth&quot;:&quot;&quot;,&quot;btnHeight&quot;:&quot;&quot;,&quot;btnAlign&quot;:&quot;left&quot;,&quot;btnType&quot;:&quot;&quot;,&quot;btnStyle&quot;:&quot;&quot;,&quot;btnColors&quot;:{&quot;color&quot;:&quot;#4527a4&quot;,&quot;bg&quot;:&quot;#fff&quot;},&quot;btnHovColors&quot;:{&quot;color&quot;:&quot;#333&quot;,&quot;bg&quot;:&quot;#fff&quot;},&quot;btnPadding&quot;:{&quot;top&quot;:&quot;8px&quot;,&quot;right&quot;:&quot;15px&quot;,&quot;bottom&quot;:&quot;8px&quot;,&quot;left&quot;:&quot;15px&quot;},&quot;btnBorder&quot;:{&quot;color&quot;:&quot;#4527a4&quot;,&quot;style&quot;:&quot;solid&quot;,&quot;width&quot;:&quot;1px&quot;},&quot;btnRadius&quot;:{&quot;top&quot;:&quot;3px&quot;,&quot;right&quot;:&quot;3px&quot;,&quot;bottom&quot;:&quot;3px&quot;,&quot;left&quot;:&quot;3px&quot;},&quot;btnSpaceBetween&quot;:&quot;10px&quot;,&quot;styles&quot;:&quot;&quot;,&quot;sliderHeight&quot;:{&quot;desktop&quot;:&quot;550px&quot;,&quot;tablet&quot;:&quot;500px&quot;,&quot;mobile&quot;:&quot;400px&quot;},&quot;slider&quot;:{&quot;thumbs&quot;:&quot;classic&quot;},&quot;popupTheme&quot;:{&quot;color&quot;:&quot;#000&quot;,&quot;size&quot;:{&quot;desktop&quot;:50,&quot;tablet&quot;:50,&quot;mobile&quot;:40},&quot;closeIconColors&quot;:{&quot;color&quot;:&quot;#fff&quot;,&quot;bg&quot;:&quot;transparent&quot;},&quot;closeIconHColor&quot;:{&quot;color&quot;:&quot;#FF0000&quot;,&quot;bg&quot;:&quot;transparent&quot;},&quot;closeIconSize&quot;:{&quot;desktop&quot;:30,&quot;tablet&quot;:28,&quot;mobile&quot;:25}},&quot;openPopupId&quot;:&quot;&quot;}' data-content-indexs=\"[]\" data-nonce='&quot;5639a349d2&quot;'><\/div>\n\n        \n             \n         \n\n\n<p><\/p>\n","protected":false},"excerpt":{"rendered":"<p>Galerie: Medicii denti\u0219ti de la Dent VIP \u00een ac\u021biune<\/p>\n","protected":false},"author":1,"featured_media":0,"parent":0,"menu_order":0,"comment_status":"closed","ping_status":"closed","template":"","meta":{"_eb_attr":"","inline_featured_image":false,"footnotes":""},"class_list":["post-126","page","type-page","status-publish"],"_links":{"self":[{"href":"https:\/\/dentvip.md\/ro\/wp-json\/wp\/v2\/pages\/126","targetHints":{"allow":["GET"]}}],"collection":[{"href":"https:\/\/dentvip.md\/ro\/wp-json\/wp\/v2\/pages"}],"about":[{"href":"https:\/\/dentvip.md\/ro\/wp-json\/wp\/v2\/types\/page"}],"author":[{"embeddable":true,"href":"https:\/\/dentvip.md\/ro\/wp-json\/wp\/v2\/users\/1"}],"replies":[{"embeddable":true,"href":"https:\/\/dentvip.md\/ro\/wp-json\/wp\/v2\/comments?post=126"}],"version-history":[{"count":7,"href":"https:\/\/dentvip.md\/ro\/wp-json\/wp\/v2\/pages\/126\/revisions"}],"predecessor-version":[{"id":310,"href":"https:\/\/dentvip.md\/ro\/wp-json\/wp\/v2\/pages\/126\/revisions\/310"}],"wp:attachment":[{"href":"https:\/\/dentvip.md\/ro\/wp-json\/wp\/v2\/media?parent=126"}],"curies":[{"name":"wp","href":"https:\/\/api.w.org\/{rel}","templated":true}]}}