{"id":128,"date":"2024-12-30T20:59:08","date_gmt":"2024-12-30T20:59:08","guid":{"rendered":"https:\/\/dentvip.md\/ro\/?page_id=128"},"modified":"2025-04-26T05:11:31","modified_gmt":"2025-04-26T05:11:31","slug":"ortodontie","status":"publish","type":"page","link":"https:\/\/dentvip.md\/ro\/ortodontie\/","title":{"rendered":"Ortodontie"},"content":{"rendered":"\n<p><strong>Ortodontie<\/strong>&nbsp;\u2013 indreptarea si corectarea pozitiei dintilor prin aparat dentar ortodontic<\/p>\n\n\n\n<p>Ortodontie: specializarea se ocupa cu indreptarea si corectarea pozitiei dintilor. Afectiunile de acest gen sunt frecvente la copii si adolescenti. Parintii trebuie sa fie foarte atenti cu dintii copiilor lor si sa-i indrume si invete inca de mici sa ii ingrijeasca, pentru a nu apela mai tarziu la diverse proceduri stomatologice nedorite, cum ar fi aparat dentar (ortodontic, terapie, protetica, chirurgie oro-dentara sau chiar implant dentar.<\/p>\n\n\n\n<p>Inghesuirile si ocluziile incorecte dentare afecteaza in timp sanatatea dintilor, a gingiilor si a articulatiei temporo-mandibulare. O masticatie deficitara poate avea urmari asupra integritatii tubului digestiv.<\/p>\n\n\n\n<p>Progresul tehnicii in stomatologie (specializarea ortodontie) permite astazi corectarea spectaculoasa, fara durere a anomaliilor dento-maxilare. Aparatele dentare (ortodontice) sunt aproape invizibile, realizate din materiale translucide, de culoarea dintilor.<\/p>\n\n\n\n<p>In timpul copilariei si adolescentei, oasele maxilare cresc si se maturizeaza, de aceea este mai usor de modificat pozitia dintilor in aceasta etapa.<\/p>\n\n\n\n<p>In cazul adultilor, aplicarea tratamentului presupus de ortodontie poate sa dureze mai mult, pentru ca oasele maxilare si-au intrerupt cresterea. Tratamentul dentar este recomandat deoarece pe termen lung afectiunile netratate pot duce la aparitia unor defecte de vorbire, predispozitie pentru formarea tartrului, implicit a cariilor.<\/p>\n\n\n<div class=\"gb-grid-wrapper gb-grid-wrapper-52067dc5\">\n<div class=\"gb-grid-column gb-grid-column-23d7eabd\"><div class=\"gb-container gb-container-23d7eabd\">\n<div class=\"gb-container gb-container-43f9c5ab\">\n\n\n<\/div>\n<\/div><\/div>\n\n<div class=\"gb-grid-column gb-grid-column-f6695e27\"><div class=\"gb-container gb-container-f6695e27\">\n<div class=\"gb-container gb-container-fb774977\">\n\n<figure class=\"wp-block-image size-full\"><img loading=\"lazy\" decoding=\"async\" width=\"400\" height=\"300\" src=\"https:\/\/dentvip.md\/ro\/wp-content\/uploads\/sites\/3\/2024\/12\/image.png\" alt=\"Bracket-uri ceramice pe din\u021bi pentru corectarea mu\u0219c\u0103turii\" class=\"wp-image-129\" srcset=\"https:\/\/dentvip.md\/ro\/wp-content\/uploads\/sites\/3\/2024\/12\/image.png 400w, https:\/\/dentvip.md\/ro\/wp-content\/uploads\/sites\/3\/2024\/12\/image-300x225.png 300w\" sizes=\"auto, (max-width: 400px) 100vw, 400px\" \/><figcaption class=\"wp-element-caption\">Bracket-uri ceramice pentru corectarea estetic\u0103 a mu\u0219c\u0103turii. Clinica Dent VIP, Chi\u0219in\u0103u, Moldova<\/figcaption><\/figure>\n\n<\/div>\n<\/div><\/div>\n<\/div>\n\n\n<h3 class=\"wp-block-heading\"><strong>Ce este tratamentul dentar ortodontic?<\/strong><\/h3>\n\n\n\n<p>Tratamentul ortodontic este modalitatea clinica prin care se pot corecta dizarmoniile dento-maxilare. Tehnica stomatologica (ortodontie) s-a imbunatatit simtitor in ultimii ani si oameni au inceput sa inteleaga necesitatea aparatului dentar ortodontic si avantajul unui zambet frumos. Aparatul dentar ortodontic nu este ceva \u201ela moda\u201d, este ceva necesar.<\/p>\n\n\n\n<p>Indreptarea pozitiei dintilor (ortodontie) este un lucru foarte important care nu trebuie tratat ca un moft, ci ca o necesitate. Organizatia Americana a Medicilor Ortodonti recomanda ca fiecare copil la virsta de sapte ani sa beneficieze de un consult ortodontic. Tehnica ortodontiei (alinierea dintilor) se realizeaza cu ajutorul aparatelor de ortodontie mobile sau fixe.<\/p>\n\n\n\n<p><strong>Pana la ce varsta se pot indrepta dintii prin ortodontie?<\/strong><\/p>\n\n\n\n<p>Ortodontia nu are limita de varsta foarte mare. Putem trata copii de la varste de 5 ani, dar si adulti de 40 ani. Cu cat mai devreme tratam problema cu atat avem la dispozitie mai multe optiuni. In concluzie, este mult mai sanatos sa tratam malpozitiile dentare sau dintii nealiniati ortodontic decat non-ortodontic. Ortodontic (prin ortodontie) corectam anomalia dentara, pastram sanatatea structurilor dentare si asiguram stabilitatea in timp a tratamentului, in timp ce non-ortodontic doar o mascam.<\/p>\n\n\n\n<p><strong>Cat dureaza tratamentul dentar ortodontic intr-o clinica stomatologica?<\/strong><\/p>\n\n\n\n<p>In timpul examenului ortodontic initial se poate afla un timp estimativ al tratamentului ortodontic. Tratamentul dentar ortodontic poate varia foarte mult de la persoana la persoana. Dintii fiecarei persoane se misca in mod particular. Durata unui tratament cu bracketuri poate ajunge pana la 2 ani, dar in cele mai multe cazuri se rezolva in 12 luni. Trebuie sa existe o colaborare foarte stransa intre medicul ortodont si pacient, vizitele lunare pentru controlul aparatului dentar si consult de specialitate fiind de o extraordinara importanta.<\/p>\n\n\n\n<p><br><strong>Inca o modalitate de corectare a pozitiei dintilor si a raportului dintre maxilare este \u2013&nbsp;ALIGNERELE<\/strong><br><\/p>\n\n\n<div class=\"wp-block-image\">\n<figure class=\"alignleft size-full is-resized\"><img loading=\"lazy\" decoding=\"async\" width=\"400\" height=\"266\" src=\"https:\/\/dentvip.md\/ro\/wp-content\/uploads\/sites\/3\/2025\/04\/eliner.jpg\" alt=\"\" class=\"wp-image-402\" style=\"width:273px;height:auto\" srcset=\"https:\/\/dentvip.md\/ro\/wp-content\/uploads\/sites\/3\/2025\/04\/eliner.jpg 400w, https:\/\/dentvip.md\/ro\/wp-content\/uploads\/sites\/3\/2025\/04\/eliner-300x200.jpg 300w\" sizes=\"auto, (max-width: 400px) 100vw, 400px\" \/><\/figure><\/div>\n\n\n<p><strong>Alignerele<\/strong>&nbsp;permit crearea unui model tridimensional al danturii \u0219i a unui model 3D al rezultatului final, cu deplasarea tuturor din\u021bilor. Acest lucru \u00eei permite pacientului s\u0103 vad\u0103 at\u00e2t procesul, c\u00e2t \u0219i rezultatele viitoare pe ecranul calculatorului sau pe telefonul s\u0103u.<br><strong>Alignerele<\/strong>&nbsp;reprezint\u0103 un sistem deta\u0219abil, datorit\u0103 c\u0103ruia nu sunt necesare accesorii speciale de igien\u0103. \u00cen timpul mesei alignerele se \u00eendep\u0103rteaz\u0103 cu u\u0219urin\u021b\u0103, se pot sp\u0103la u\u0219or \u0219i, dac\u0103 este necesar, se depoziteaz\u0103 \u00eentr-o cutie special\u0103.<br><strong>Alignerele<\/strong>&nbsp;sunt concepute pentru corec\u021bia u\u0219oar\u0103 \u0219i medie a mu\u0219c\u0103turii.<\/p>\n","protected":false},"excerpt":{"rendered":"<p>Ortodontie&nbsp;\u2013 indreptarea si corectarea pozitiei dintilor prin aparat dentar ortodontic Ortodontie: specializarea se ocupa cu indreptarea si corectarea pozitiei dintilor. Afectiunile de acest gen sunt frecvente la copii si adolescenti. Parintii trebuie sa fie foarte atenti cu dintii copiilor lor si sa-i indrume si invete inca de mici sa ii ingrijeasca, pentru a nu apela &#8230; <a title=\"Ortodontie\" class=\"read-more\" href=\"https:\/\/dentvip.md\/ro\/ortodontie\/\" aria-label=\"Cite\u0219te mai multe despre Ortodontie\">Read more<\/a><\/p>\n","protected":false},"author":1,"featured_media":0,"parent":0,"menu_order":0,"comment_status":"closed","ping_status":"closed","template":"","meta":{"_eb_attr":"","inline_featured_image":false,"footnotes":""},"class_list":["post-128","page","type-page","status-publish"],"_links":{"self":[{"href":"https:\/\/dentvip.md\/ro\/wp-json\/wp\/v2\/pages\/128","targetHints":{"allow":["GET"]}}],"collection":[{"href":"https:\/\/dentvip.md\/ro\/wp-json\/wp\/v2\/pages"}],"about":[{"href":"https:\/\/dentvip.md\/ro\/wp-json\/wp\/v2\/types\/page"}],"author":[{"embeddable":true,"href":"https:\/\/dentvip.md\/ro\/wp-json\/wp\/v2\/users\/1"}],"replies":[{"embeddable":true,"href":"https:\/\/dentvip.md\/ro\/wp-json\/wp\/v2\/comments?post=128"}],"version-history":[{"count":8,"href":"https:\/\/dentvip.md\/ro\/wp-json\/wp\/v2\/pages\/128\/revisions"}],"predecessor-version":[{"id":430,"href":"https:\/\/dentvip.md\/ro\/wp-json\/wp\/v2\/pages\/128\/revisions\/430"}],"wp:attachment":[{"href":"https:\/\/dentvip.md\/ro\/wp-json\/wp\/v2\/media?parent=128"}],"curies":[{"name":"wp","href":"https:\/\/api.w.org\/{rel}","templated":true}]}}