{"id":132,"date":"2024-12-31T07:49:41","date_gmt":"2024-12-31T07:49:41","guid":{"rendered":"https:\/\/dentvip.md\/ro\/?page_id=132"},"modified":"2025-04-26T05:11:50","modified_gmt":"2025-04-26T05:11:50","slug":"albire-dentara","status":"publish","type":"page","link":"https:\/\/dentvip.md\/ro\/albire-dentara\/","title":{"rendered":"Albire dentar\u0103"},"content":{"rendered":"\n<p><em><strong>Z\u00eembetul frumos este cartea de vizit\u0103 a omului s\u0103n\u0103tos.<\/strong><\/em><\/p>\n\n\n\n<p>\u00cen\u0103lbirea din\u0163ilor se efectueaz\u0103 prin 2 metode: \u00een\u0103lbirea la domiciliu \u015fi \u00een clinica stomatlogic\u0103, adic\u0103 \u00een\u0103lbirea profesional\u0103 a din\u0163ilor. Medicii denti\u015fti sau stomatologi \u00eentrebuin\u0163eaz\u0103 mai multe denumiri pentru \u00een\u0103lbirea profesional\u0103 a din\u0163ilor: \u00een\u0103lbirea la oficiu, activ\u0103, for\u0163at\u0103, cu ajutorul laserului \u015f.a.<\/p>\n\n\n<div class=\"wp-block-image\">\n<figure class=\"aligncenter size-full\"><img decoding=\"async\" src=\"https:\/\/dentvip.md\/wp-content\/uploads\/2024\/12\/\u041e\u0442\u0431\u0435\u043b\u0438\u0432\u0430\u043d\u0438\u0435-\u0437\u0443\u0431\u043e\u0432-\u041a\u0438\u0448\u0438\u043d\u0435\u0432-\u041c\u043e\u043b\u043e\u0432\u0430.webp\" alt=\"Compara\u021bie a din\u021bilor \u00eenainte \u0219i dup\u0103 procedura de albire\" class=\"wp-image-1713\"\/><figcaption class=\"wp-element-caption\">\u00cenainte \u0219i dup\u0103 albirea din\u021bilor: rezultatul \u00eengrijirii profesionale. <br>Clinica Dent VIP, Chi\u0219in\u0103u, Moldova<\/figcaption><\/figure><\/div>\n\n\n<h3 class=\"wp-block-heading\">\u00cen\u0103lbirea profesional\u0103 a din\u0163ilor<\/h3>\n\n\n\n<p>Astfel de \u00een\u0103lbire are un avantaj important fa\u0163\u0103 de \u00een\u0103lbirea la domiciliu. Procedura se efectueaz\u0103 sub controlul direct al medicului stomatolog \u00een cabinetul stomatologic. Controlul direct al stomatologului permite de a ob\u0163ine un efect maxim a \u00een\u0103lbirii din\u0163ilor.<\/p>\n\n\n\n<p><em>Deja dup\u0103 prima procedur\u0103 de \u00een\u0103lbire la medicul stomatolog se ob\u0163ine un rezultat vizibil.<\/em><\/p>\n\n\n\n<p>\u00cenainte de procedura de \u00een\u0103lbire medicul stomatolog va efectua un examen minu\u0163ios a din\u0163ilor. Dup\u0103 determinarea st\u0103rii lor medicul va decide dac\u0103 din\u0163ii sunt gata pentru \u00een\u0103lbire. De asemenea va indica cauzele schimb\u0103rii culorii din\u0163ilor. \u00cen timpul examin\u0103rii medicul stomatolog detecteaz\u0103 restaur\u0103rile \u015fi obtura\u0163iile dentare. \u00cen caz de necesitate va indica care din obtura\u0163ii trebuie schimbat\u0103 din cauza necorespunderii culorii lor cu a din\u0163ilor dup\u0103 restaurare.<\/p>\n\n\n\n<p>Procedura de \u00een\u0103lbire e o procedur\u0103 indolor\u0103 ce presupune unui vast spectru de substan\u0163e de \u00een\u0103lbire. Principala substan\u0163\u0103 folosit\u0103 este apa oxigenat\u0103. Pentru accelerarea \u015fi m\u0103rirea efectului de \u00een\u0103lbire se folose\u015fte ac\u0163iunea luminii, lazerului sau c\u0103ldurii. De ex: la aplicarea gelului special sub ac\u0163iunea c\u0103ldurii substan\u0163a special\u0103 p\u0103trunde \u00een smal\u0163 \u015fi dentin\u0103 oxid\u00eend pigmentul dentar.<\/p>\n\n\n\n<p><strong><em>Cauzele \u015fi indica\u0163iile de baz\u0103 pentru \u00een\u0103lbirea dentar\u0103 \u00een cabinetul stomatologic.<\/em><\/strong><\/p>\n\n\n\n<p>\u2022 Schimbarea culorii din\u0163ilor, a\u015fa ca \u00eeng\u0103lbenirea sau nuan\u0163a cafenie care apare cu v\u00eersta.<br>\u2022 Pigmentarea din\u0163ilor din diferite cauze cum ar fi ac\u0163iunea alimentelor, fumatul \u015f.a.<br>\u2022 Din\u0163ii de tetraciclin\u0103 \u2013 este schimbarea culorii din\u0163ilor sub ac\u0163iunea tetraciclinei (antibiotic) \u00een perioada form\u0103rii din\u0163ilor \u00een unele cazuri.<br>\u2022 Din\u0163ii care \u015fi-au schimbat culoarea din alte motive.<\/p>\n\n\n\n<h3 class=\"wp-block-heading\">\u00cen\u0103lbirea din\u0163ilor la domiciliu<\/h3>\n\n\n\n<p>Este \u00een\u0103lbirea individual\u0103 \u00een condi\u0163ii casnice ce prevede folosirea capei de plastic cu gel de \u00een\u0103lbire. Capa sau forma special\u0103 pentru din\u0163i se confec\u0163ioneaz\u0103 dup\u0103 modelul dentar din gips a pacientului. Pentru \u00een\u0103lbirea efectiv\u0103 pacientul poart\u0103 un timp capele pe din\u0163i. \u00cen\u0103lbirea la domiciliu necesit\u0103 controlul profesional al medicului stomatolog.<\/p>\n\n\n\n<p>Confec\u0163ionarea capei \u00eencepe cu amprentarea din\u0163ilor pacientului. Modelul din gips confec\u0163ionat \u00een aparatul cu vacuum serve\u015fte drept prototip pentru capa transparent\u0103 din plastic care se va folosi de pacient. Capa trebuie s\u0103 adere intim la din\u0163i \u015fi s\u0103 aib\u0103 un spa\u0163iu pentru gelul de \u00een\u0103lbire.<\/p>\n\n\n\n<p>Capa este umplut\u0103 cu gel \u015fi se aplic\u0103 pe din\u0163ii pacientului. Dupa aceast\u0103 procedur\u0103 medicul stomatolog explic\u0103 regulile de folosire a capei \u015fi gelului. Medicul \u00eempreun\u0103 cu pacientul aleg zilele pentru controlul periodic a din\u0163ilor sub ac\u0163iunea gelului.<\/p>\n\n\n\n<p class=\"has-text-align-center\"><\/p>\n\n\n\n<p><\/p>\n","protected":false},"excerpt":{"rendered":"<p>Z\u00eembetul frumos este cartea de vizit\u0103 a omului s\u0103n\u0103tos. \u00cen\u0103lbirea din\u0163ilor se efectueaz\u0103 prin 2 metode: \u00een\u0103lbirea la domiciliu \u015fi \u00een clinica stomatlogic\u0103, adic\u0103 \u00een\u0103lbirea profesional\u0103 a din\u0163ilor. Medicii denti\u015fti sau stomatologi \u00eentrebuin\u0163eaz\u0103 mai multe denumiri pentru \u00een\u0103lbirea profesional\u0103 a din\u0163ilor: \u00een\u0103lbirea la oficiu, activ\u0103, for\u0163at\u0103, cu ajutorul laserului \u015f.a. \u00cen\u0103lbirea profesional\u0103 a din\u0163ilor Astfel &#8230; <a title=\"Albire dentar\u0103\" class=\"read-more\" href=\"https:\/\/dentvip.md\/ro\/albire-dentara\/\" aria-label=\"Cite\u0219te mai multe despre Albire dentar\u0103\">Read more<\/a><\/p>\n","protected":false},"author":1,"featured_media":0,"parent":0,"menu_order":0,"comment_status":"closed","ping_status":"closed","template":"","meta":{"_eb_attr":"","inline_featured_image":false,"footnotes":""},"class_list":["post-132","page","type-page","status-publish"],"_links":{"self":[{"href":"https:\/\/dentvip.md\/ro\/wp-json\/wp\/v2\/pages\/132","targetHints":{"allow":["GET"]}}],"collection":[{"href":"https:\/\/dentvip.md\/ro\/wp-json\/wp\/v2\/pages"}],"about":[{"href":"https:\/\/dentvip.md\/ro\/wp-json\/wp\/v2\/types\/page"}],"author":[{"embeddable":true,"href":"https:\/\/dentvip.md\/ro\/wp-json\/wp\/v2\/users\/1"}],"replies":[{"embeddable":true,"href":"https:\/\/dentvip.md\/ro\/wp-json\/wp\/v2\/comments?post=132"}],"version-history":[{"count":4,"href":"https:\/\/dentvip.md\/ro\/wp-json\/wp\/v2\/pages\/132\/revisions"}],"predecessor-version":[{"id":431,"href":"https:\/\/dentvip.md\/ro\/wp-json\/wp\/v2\/pages\/132\/revisions\/431"}],"wp:attachment":[{"href":"https:\/\/dentvip.md\/ro\/wp-json\/wp\/v2\/media?parent=132"}],"curies":[{"name":"wp","href":"https:\/\/api.w.org\/{rel}","templated":true}]}}