{"id":134,"date":"2024-12-31T09:37:04","date_gmt":"2024-12-31T09:37:04","guid":{"rendered":"https:\/\/dentvip.md\/ro\/?page_id=134"},"modified":"2026-02-02T17:07:24","modified_gmt":"2026-02-02T17:07:24","slug":"134-2","status":"publish","type":"page","link":"https:\/\/dentvip.md\/ro\/134-2\/","title":{"rendered":"Pre\u021buri"},"content":{"rendered":"<div class=\"gb-container gb-container-c791ec13\">\n\n<div class=\"wp-block-essential-blocks-advanced-tabs alignwide  root-eb-advanced-tabs-yzjfv\"><div class=\"eb-parent-wrapper eb-parent-eb-advanced-tabs-yzjfv eb_animation eb___animated eb___fadeIn\"><div class=\"eb-advanced-tabs-yzjfv eb-advanced-tabs-wrapper vertical \" data-min-height=\"true\"><div class=\"eb-tabs-nav \"><ul class=\"tabTitles\" data-tabs-ul-id=\"eb-advanced-tabs-yzjfv\"><li data-title-tab-id=\"1\" data-title-custom-id=\"\" class=\"active\"><div class=\"tab-title-wrap\"><h6 class=\"tab-title-text\">Servicii de baz\u0103<\/h6><\/div><\/li><li data-title-tab-id=\"2\" data-title-custom-id=\"\" class=\"inactive\"><div class=\"tab-title-wrap\"><h6 class=\"tab-title-text\">Tratamentul cariilor<\/h6><\/div><\/li><li data-title-tab-id=\"3\" data-title-custom-id=\"\" class=\"inactive\"><div class=\"tab-title-wrap\"><h6 class=\"tab-title-text\">Tratamentul pulpitei, parodontitei<\/h6><\/div><\/li><li data-title-tab-id=\"4\" class=\"inactive\"><div class=\"tab-title-wrap\"><h6 class=\"tab-title-text\">Ortopedie<\/h6><\/div><\/li><li data-title-tab-id=\"5\" class=\"inactive\"><div class=\"tab-title-wrap\"><h6 class=\"tab-title-text\">Chirurgie<\/h6><\/div><\/li><li data-title-tab-id=\"6\" class=\"inactive\"><div class=\"tab-title-wrap\"><h6 class=\"tab-title-text\">Implantologie<\/h6><\/div><\/li><li data-title-tab-id=\"7\" class=\"inactive\"><div class=\"tab-title-wrap\"><h6 class=\"tab-title-text\">Ortodon\u021bie<\/h6><\/div><\/li><li data-title-tab-id=\"8\" class=\"inactive\"><div class=\"tab-title-wrap\"><h6 class=\"tab-title-text\">Dentar pediatric<\/h6><\/div><\/li><\/ul><\/div><div class=\"eb-tabs-contents\">\n<div class=\"eb-tab-wrapper\" data-tab-id=\"1\" data-tab-parent-id=\"eb-advanced-tabs-yzjfv\"><div class=\"eb-tab-inner\"><div class=\"gb-container gb-container-c934596d\">\n\n<figure class=\"wp-block-table is-style-stripes\" style=\"margin-top:0;margin-right:var(--wp--preset--spacing--20);margin-bottom:0;margin-left:var(--wp--preset--spacing--20)\"><table><thead><tr><th>Denumire<\/th><th>Pre\u021buri (\u00een lei MD)<\/th><\/tr><\/thead><tbody><tr><td>Consulta\u0163ia<\/td><td>500<\/td><\/tr><tr><td>Consulta\u0163ia \/ Ortopedie \/ Chirurgie<\/td><td>600<\/td><\/tr><tr><td>Radioviziografia cu studierea peliculei<\/td><td>70<\/td><\/tr><tr><td>Anestezie (truncular\u0103 \u015fi infiltrativ\u0103)<\/td><td>240<\/td><\/tr><tr><td>Anestezie aplicativ\u0103<\/td><td>50<\/td><\/tr><tr><td>Aplicarea digii (roberdam)<\/td><td>130<\/td><\/tr><tr><td>\u00cenl\u0103turarea depunerilor dentare dure cu ultrasunet<\/td><td>400<\/td><\/tr><tr><td>\u00cenl\u0103turarea pl\u0103cii dentare moi cu \u00abAir prophy\u00bb \u0219i lustruirea cu past\u0103<\/td><td>800<\/td><\/tr><tr><td>\u00cen\u0103lbirea din\u0163ilor de oficiu (1 vizit\u0103)<\/td><td>4300<\/td><\/tr><tr><td>\u00cen\u0103lbirea la domiciliu (incl. 2 cape + 4 seringi gel)<\/td><td>5400<\/td><\/tr><tr><td>\u00cen\u0103lbirea endodontic\u0103 (1 dinte, 1 vizit\u0103)<\/td><td>750<\/td><\/tr><tr><td>Confec\u0163ionarea capei p-u 1 maxil\u0103<\/td><td>1600<\/td><\/tr><tr><td>\u00cenl\u0103turarea depunerilor dentare cu periu\u0163a \u015fi past\u0103<\/td><td>650<\/td><\/tr><tr><td>1 Doz\u0103 pentru albire<\/td><td>400<\/td><\/tr><tr><td>Tratamentul hiperesteziei oficiu<\/td><td>550<\/td><\/tr><tr><td>Aplicarea pansamentelor gingivale (1 vizit\u0103)<\/td><td>550<\/td><\/tr><tr><td>Ermetizarea fisurilor (1 dinte)<\/td><td>550<\/td><\/tr><tr><td>Lincomicin, dexametazon<\/td><td>320<\/td><\/tr><tr><td>Tratamentul paradontului cu metoda plazmolifting (1 vizit\u0103)<\/td><td>2600<\/td><\/tr><tr><td>Vizita repetat\u0103 la stomatolog<\/td><td>430<\/td><\/tr><\/tbody><\/table><\/figure>\n\n<\/div><\/div><\/div>\n\n\n\n<div class=\"eb-tab-wrapper\" data-tab-id=\"2\" data-tab-parent-id=\"eb-advanced-tabs-yzjfv\"><div class=\"eb-tab-inner\">\n<figure class=\"wp-block-table is-style-stripes\"><table><thead><tr><th>Denumire<\/th><th>Pre\u021buri (\u00een lei MD)<\/th><\/tr><\/thead><tbody><tr><td>Obtura\u0163ie cu priz\u0103 foto (I si V class)<\/td><td>1400<\/td><\/tr><tr><td>Obtura\u0163ie cu priz\u0103 foto (II, III si IV class)<\/td><td>1600<\/td><\/tr><tr><td>Obtura\u0163ie cu priz\u0103 foto (sub microscop)<\/td><td>2150<\/td><\/tr><tr><td>Restaurarea din\u021bilor<\/td><td>2800<\/td><\/tr><tr><td>Aplicarea c\u0103ptu\u015felei (izolatoare, medicament)<\/td><td>220<\/td><\/tr><tr><td>Compozit Flow<\/td><td>1300<\/td><\/tr><tr><td>Obturatie temporar\u0103<\/td><td>430<\/td><\/tr><tr><td>\u015einare cu fibre de sticl\u0103 (1 dinte)<\/td><td>1420<\/td><\/tr><\/tbody><\/table><\/figure>\n<\/div><\/div>\n\n\n\n<div class=\"eb-tab-wrapper\" data-tab-id=\"3\" data-tab-parent-id=\"eb-advanced-tabs-yzjfv\"><div class=\"eb-tab-inner\">\n<figure class=\"wp-block-table is-style-stripes\"><table><thead><tr><th>Denumire<\/th><th>Pre\u021buri (\u00een lei MD)<\/th><\/tr><\/thead><tbody><tr><td>Aplicarea pastei devitalizante, obturatie temporar\u0103<\/td><td>600<\/td><\/tr><tr><td>Deschiderea dintelui, drenaj<\/td><td>600<\/td><\/tr><tr><td>Plombare temporala a canalului (1 canal)<\/td><td>280<\/td><\/tr><tr><td>Tratamentul endodon. a dintelor (un canal)<\/td><td>1300<\/td><\/tr><tr><td>Tratam.endodon. al dintelor (un canal), (sub microscop)<\/td><td>2000<\/td><\/tr><tr><td>Tratamentul endodon. a dintelor biradicular<\/td><td>1550<\/td><\/tr><tr><td>Tratam. endodon. a dintelor biradic. (sub microscop)<\/td><td>2350<\/td><\/tr><tr><td>Tratamentul endodon. a dintelor triradicular<\/td><td>2150<\/td><\/tr><tr><td>Tratam. endodon. a dintelor triradic. (sub microsc.)<\/td><td>2800<\/td><\/tr><tr><td>Eliminarea instrumentului din canal sub micriscop<\/td><td>2800<\/td><\/tr><tr><td>Pro-rut c\u0103ptu\u015feal\u0103<\/td><td>850<\/td><\/tr><tr><td>Pro-rut cu con de gutaperca<\/td><td>1400<\/td><\/tr><tr><td>Dezobt. canalului radicular tratat anterior (1 canal)<\/td><td>550<\/td><\/tr><tr><td>Dezobt. canalului radicular tratat anter. (1 canal sub micriscop)<\/td><td>850<\/td><\/tr><tr><td>Obtura\u0163ie cu priz\u0103 foto (I si V class)<\/td><td>1700<\/td><\/tr><tr><td>Obtura\u0163ie cu priz\u0103 foto: (sub microscop)<\/td><td>2350<\/td><\/tr><tr><td>Restaurarea estetic\u0103 a dintelui<\/td><td>2700<\/td><\/tr><tr><td>Restaurarea estetic\u0103 a dintelui (sub microscop)<\/td><td>3200<\/td><\/tr><tr><td>Obtura\u0163ie foto pentru bont protetic<\/td><td>1200<\/td><\/tr><tr><td>Pivot titan pentru obtura\u0163ie armat\u0103<\/td><td>400<\/td><\/tr><tr><td>Pivot din fibr\u0103 de sticl\u0103 p-u obtura\u0163ia armat\u0103<\/td><td>550<\/td><\/tr><\/tbody><\/table><\/figure>\n<\/div><\/div>\n\n\n\n<div class=\"eb-tab-wrapper\" data-tab-id=\"4\" data-tab-parent-id=\"eb-advanced-tabs-yzjfv\"><div class=\"eb-tab-inner\">\n<figure class=\"wp-block-table is-style-stripes\"><table><thead><tr><th>Denumire<\/th><th>Pre\u021buri (\u00een lei MD)<\/th><\/tr><\/thead><tbody><tr><td>Microprotez\u0103 (coroni\u0163\u0103) metaloceramic\u0103<\/td><td>3900<\/td><\/tr><tr><td>Coron. ceramic\u0103 pe baz\u0103 de oxid de zirconiu<\/td><td>6800<\/td><\/tr><tr><td>Bont protetic \u201eAny One\u201d<\/td><td>2300<\/td><\/tr><tr><td>Bont protetic individual<\/td><td>3000<\/td><\/tr><tr><td>Bont protetic \u201eAny Ridge\u201d<\/td><td>2500<\/td><\/tr><tr><td>Coroni\u0163\u0103 temporar\u0103 din acrilat pe implant (inclus abatment)<\/td><td>1300<\/td><\/tr><tr><td>Formator de gingie instalare<\/td><td>700<\/td><\/tr><tr><td>Coroni\u0163\u0103 \u00eentreg turnat\u0103<\/td><td>2500<\/td><\/tr><tr><td>Coroni\u0163a \u00eentreg turnata cu fa\u0163et\u0103 vestibulara din ceramic\u0103<\/td><td>3000<\/td><\/tr><tr><td>Coroni\u0163\u0103 din acrilat (temporar\u0103)<\/td><td>650<\/td><\/tr><tr><td>\u00cencrusta\u0163ie cu cimentare<\/td><td>1600<\/td><\/tr><tr><td>Abla\u0163ia coroni\u0163ei \u015ftan\u0163ate<\/td><td>280<\/td><\/tr><tr><td>Abla\u0163ia coroni\u0163ei metaloceramice<\/td><td>430<\/td><\/tr><tr><td>Abla\u0163ia coroni\u0163ei \u00eentreg turnate<\/td><td>650<\/td><\/tr><tr><td>Amprent\u0103 \u00eentr-un singur strat<\/td><td>430<\/td><\/tr><tr><td>Amprent\u0103 \u00een dou\u0103 straturi<\/td><td>650<\/td><\/tr><tr><td>Fixarea coroni\u0163ei cu ciment<\/td><td>220<\/td><\/tr><tr><td>Fixarea coroni\u0163ei cu ciment glassionomer<\/td><td>380<\/td><\/tr><tr><td>Fixarea foto cu ciment glassionomer<\/td><td>1100<\/td><\/tr><tr><td>Protez\u0103 mobilizabil\u0103 : total\u0103 \u00abGermania\u00bb<\/td><td>7500<\/td><\/tr><tr><td>Protez\u0103 mobilizabil\u0103 par\u0163ial\u0103 \u00abGermania\u00bb<\/td><td>5400<\/td><\/tr><tr><td>Protez\u0103 scheletat\u0103 pe baz\u0103 de cro\u015fete<\/td><td>14000<\/td><\/tr><tr><td>Protez\u0103 scheletat\u0103 &#8222;Bredent&#8221;<\/td><td>10000<\/td><\/tr><tr><td>Attachment adaugat 1buc. la proteze sheletata<\/td><td>700<\/td><\/tr><tr><td>Rebazarea proteza \/ repara\u0163ie<\/td><td>900<\/td><\/tr><tr><td>Vinire \u00abE-max\u00bb<\/td><td>8500<\/td><\/tr><tr><td>Micropoteza &#8222;Bredent&#8221;<\/td><td>2850<\/td><\/tr><tr><td>Confec\u0163ionarea lingurii individuale<\/td><td>1080<\/td><\/tr><tr><td>Confectionarea microprotezei<\/td><td>1830<\/td><\/tr><tr><td>Repara\u0163ia coroni\u0163ei metaloceramice (1 dinte)<\/td><td>1050<\/td><\/tr><tr><td>Scanare dintii<\/td><td>1600<\/td><\/tr><tr><td>OnLay, overlay<\/td><td>5400<\/td><\/tr><\/tbody><\/table><\/figure>\n<\/div><\/div>\n\n\n\n<div class=\"eb-tab-wrapper\" data-tab-id=\"5\" data-tab-parent-id=\"eb-advanced-tabs-yzjfv\"><div class=\"eb-tab-inner\">\n<figure class=\"wp-block-table is-style-stripes\"><table><thead><tr><th>Denumire<\/th><th>Pre\u021buri (\u00een lei MD)<\/th><\/tr><\/thead><tbody><tr><td>Extrac\u0163ia simpl\u0103 a dintelui (mobilit de gr II-IV)<\/td><td>650<\/td><\/tr><tr><td>Extrac\u0163ia complicat\u0103 a dintelui (gr. I, r\u0103d\u0103cina)<\/td><td>850<\/td><\/tr><tr><td>Extrac\u0163ia \u00abdintelui de minte\u00bb<\/td><td>1400<\/td><\/tr><tr><td>Extrac\u0163ia dintelui disturpat \u015fi retinizat<\/td><td>3000<\/td><\/tr><tr><td>Extrac\u0163ia p\u0103r\u0163ii coronare a dintelui<\/td><td>430<\/td><\/tr><tr><td>Rezec\u0163ia apical\u0103 a r\u0103d\u0103cinii<\/td><td>4300<\/td><\/tr><tr><td>Hemisec\u0163ia (1 dinte)<\/td><td>1400<\/td><\/tr><tr><td>Gingivoectomia (1 dinte)<\/td><td>550<\/td><\/tr><tr><td>Tratamentul periostitei<\/td><td>650<\/td><\/tr><tr><td>Tratamentul alveolitei<\/td><td>650<\/td><\/tr><tr><td>Decapi\u015fonare (pericornorit\u0103)<\/td><td>700<\/td><\/tr><tr><td>Plastia frenului buzei \u015fi a limbii<\/td><td>2200<\/td><\/tr><tr><td>Sutura pe gingie (1 buc)<\/td><td>270<\/td><\/tr><tr><td>\u00cenl\u0103turarea suturilor<\/td><td>430<\/td><\/tr><tr><td>Folosirea \u00abcolapol\u00bb la extrac\u0163ie<\/td><td>2000<\/td><\/tr><tr><td>Extrac\u0163ia dentar\u0103 prin separare corona-radicular\u0103<\/td><td>2150<\/td><\/tr><tr><td>Pansament<\/td><td>500<\/td><\/tr><tr><td>Chiuretaj deschis (1 dinte)<\/td><td>500<\/td><\/tr><tr><td>Deschiderea dintelui<\/td><td>2200<\/td><\/tr><\/tbody><\/table><\/figure>\n<\/div><\/div>\n\n\n\n<div class=\"eb-tab-wrapper\" data-tab-id=\"6\" data-tab-parent-id=\"eb-advanced-tabs-yzjfv\"><div class=\"eb-tab-inner\">\n<figure class=\"wp-block-table is-style-stripes\"><table><thead><tr><th>Denumire<\/th><th>Pre\u021buri (\u00een lei MD)<\/th><\/tr><\/thead><tbody><tr><td>Confectionarea ghidului chirurgical<\/td><td>2800<\/td><\/tr><tr><td>Implant cu aplicare produc\u021bie \u00abAny One\u00bb<\/td><td>7000<\/td><\/tr><tr><td>Implant cu aplicare produc\u021bie \u00abAny Ridge\u00bb<\/td><td>9000<\/td><\/tr><tr><td>All-on-4 (Any One), incl. coroni\u021b\u0103 temporar\u0103 PMA<\/td><td>53000<\/td><\/tr><tr><td>Extractia implantului<\/td><td>2600<\/td><\/tr><tr><td>Easy Graft (material + lucru)<\/td><td>5400<\/td><\/tr><tr><td>Membrana de barier\u0103 (material + lucru)<\/td><td>5400<\/td><\/tr><tr><td>Sinus-lift \u00eenchis<\/td><td>3200<\/td><\/tr><tr><td>All-on-4 (Any Ridge), incl. coroni\u021b\u0103 temporar\u0103 PMA<\/td><td>60000<\/td><\/tr><tr><td>Chirurgia sinus-liftului deschis<\/td><td>16000<\/td><\/tr><\/tbody><\/table><\/figure>\n<\/div><\/div>\n\n\n\n<div class=\"eb-tab-wrapper\" data-tab-id=\"7\" data-tab-parent-id=\"eb-advanced-tabs-yzjfv\"><div class=\"eb-tab-inner\">\n<figure class=\"wp-block-table is-style-stripes\"><table><thead><tr><th>Denumire<\/th><th>Pre\u021buri (\u00een lei MD)<\/th><\/tr><\/thead><tbody><tr><td>Aplicarea aparat MARCO ROSSA<\/td><td>7500<\/td><\/tr><tr><td>Aplicarea sistemei bracket Sapfir<\/td><td>21000<\/td><\/tr><tr><td>Aplicarea sistemei bracket Damon (traditional)<\/td><td>18000<\/td><\/tr><tr><td>Aplicarea sistemei bracket Damon (transparent)<\/td><td>21000<\/td><\/tr><tr><td>Confec\u0163ionarea aparatului mobilizabil (1 maxil\u0103)<\/td><td>3800<\/td><\/tr><tr><td>Activarea sistemei bracket (1 maxil\u0103)<\/td><td>350<\/td><\/tr><tr><td>Activarea aparatului mobilizabil (1 maxil\u0103)<\/td><td>300<\/td><\/tr><tr><td>\u00cenl\u0103turarea sistemei bracket (1 maxil\u0103)<\/td><td>700<\/td><\/tr><tr><td>Igiena sistemei bracket (1 maxil\u0103)<\/td><td>550<\/td><\/tr><tr><td>Aplicarea retainerului<\/td><td>1840<\/td><\/tr><tr><td>Confec\u021bionarea capei cu amprente<\/td><td>1840<\/td><\/tr><tr><td>Activarea cu \u00eenlocuirea arcadei dentare (1 maxilar, tradi\u021bional)<\/td><td>500<\/td><\/tr><tr><td>Costul arcadei dentare (1 maxilar, Damon)<\/td><td>850<\/td><\/tr><tr><td>Costul de 1 bracket standard<\/td><td>500<\/td><\/tr><tr><td>Costul de 1 bracket standard &#8211; transparent<\/td><td>850<\/td><\/tr><tr><td>Costul de 1 bracket Damon<\/td><td>970<\/td><\/tr><tr><td>Alignere (pachet de baz\u0103 un maxilar: scanare, diagnostic, 10 cl\u0103pi)<\/td><td>22000<\/td><\/tr><\/tbody><\/table><\/figure>\n<\/div><\/div>\n\n\n\n<div class=\"eb-tab-wrapper\" data-tab-id=\"8\" data-tab-parent-id=\"eb-advanced-tabs-yzjfv\"><div class=\"eb-tab-inner\">\n<figure class=\"wp-block-table is-style-stripes\"><table><thead><tr><th>Denumire<\/th><th>Pre\u021buri (\u00een lei MD)<\/th><\/tr><\/thead><tbody><tr><td>Obtura\u0163ie chimic\u0103<\/td><td>1000<\/td><\/tr><tr><td>Obtura\u0163ie fotopolimeric\u0103<\/td><td>1300<\/td><\/tr><tr><td>Parodontita, pulpita (1 vizit\u0103)<\/td><td>2000<\/td><\/tr><tr><td>Parodontita, pulpita (2 vizite)<\/td><td>2600<\/td><\/tr><tr><td>Extrac\u0163ia dintelui de lapte cu anestezie<\/td><td>650<\/td><\/tr><\/tbody><\/table><\/figure>\n<\/div><\/div>\n<\/div><\/div><\/div><\/div>\n\n<\/div>\n\n\n<p><\/p>\n","protected":false},"excerpt":{"rendered":"","protected":false},"author":1,"featured_media":0,"parent":0,"menu_order":0,"comment_status":"closed","ping_status":"closed","template":"","meta":{"_eb_attr":"","inline_featured_image":false,"footnotes":""},"class_list":["post-134","page","type-page","status-publish"],"_links":{"self":[{"href":"https:\/\/dentvip.md\/ro\/wp-json\/wp\/v2\/pages\/134","targetHints":{"allow":["GET"]}}],"collection":[{"href":"https:\/\/dentvip.md\/ro\/wp-json\/wp\/v2\/pages"}],"about":[{"href":"https:\/\/dentvip.md\/ro\/wp-json\/wp\/v2\/types\/page"}],"author":[{"embeddable":true,"href":"https:\/\/dentvip.md\/ro\/wp-json\/wp\/v2\/users\/1"}],"replies":[{"embeddable":true,"href":"https:\/\/dentvip.md\/ro\/wp-json\/wp\/v2\/comments?post=134"}],"version-history":[{"count":7,"href":"https:\/\/dentvip.md\/ro\/wp-json\/wp\/v2\/pages\/134\/revisions"}],"predecessor-version":[{"id":461,"href":"https:\/\/dentvip.md\/ro\/wp-json\/wp\/v2\/pages\/134\/revisions\/461"}],"wp:attachment":[{"href":"https:\/\/dentvip.md\/ro\/wp-json\/wp\/v2\/media?parent=134"}],"curies":[{"name":"wp","href":"https:\/\/api.w.org\/{rel}","templated":true}]}}