{"id":139,"date":"2024-12-31T14:08:34","date_gmt":"2024-12-31T14:08:34","guid":{"rendered":"https:\/\/dentvip.md\/ro\/?page_id=139"},"modified":"2025-01-01T14:47:48","modified_gmt":"2025-01-01T14:47:48","slug":"servicii","status":"publish","type":"page","link":"https:\/\/dentvip.md\/ro\/servicii\/","title":{"rendered":"Servicii"},"content":{"rendered":"<div class=\"gb-container gb-container-f83188ea\">\n\n<h2 class=\"wp-block-heading has-text-align-center\" id=\"long-term-guarantee-on-every-type-of-service\">Garan\u021bie pe termen lung pentru fiecare tip de serviciu<\/h2>\n\n<\/div>\n\n<div class=\"gb-container gb-container-c0d1e142\">\n<div class=\"gb-container gb-container-5ad8f567\">\n<div class=\"gb-container gb-container-30c740fa\">\n<div class=\"gb-grid-wrapper gb-grid-wrapper-a073087a\">\n<div class=\"gb-grid-column gb-grid-column-ee7e64b0\"><div class=\"gb-container gb-container-ee7e64b0\">\n<div class=\"gb-container gb-container-e4ef000e\">\n<div class=\"gb-container gb-container-cb0e1f5e\">\n<div class=\"wp-block-image\">\n<figure class=\"aligncenter size-full is-resized\"><a href=\"\/ro\/implantarea-dentara\/\"><img decoding=\"async\" src=\"https:\/\/dentvip.md\/wp-content\/uploads\/2024\/10\/implant.svg\" alt=\"Implant placement and maxillofacial surgery\" class=\"wp-image-634\" style=\"width:58px\" title=\"Implantare \u0219i chirurgie maxilo-facial\u0103\"\/><\/a><\/figure><\/div>\n<\/div>\n\n<div class=\"gb-container gb-container-0afe3936\">\n\n<p class=\"has-text-align-center\"><a href=\"\/ro\/implantarea-dentara\/\"><strong title=\"Implantology\">Implantologie<\/strong><br>Implantare \u0219i <br>chirurgie maxilo-facial\u0103<\/a><\/p>\n\n<\/div>\n<\/div>\n\n<div class=\"gb-container gb-container-df87b4ad\">\n<div class=\"gb-container gb-container-d7c6c523\">\n<div class=\"wp-block-image\">\n<figure class=\"aligncenter size-full is-resized\"><a href=\"\/ro\/ortodontie\/\"><img decoding=\"async\" src=\"https:\/\/dentvip.md\/wp-content\/uploads\/2024\/10\/ortodontia.svg\" alt=\"Bite correction: removable and non-removable techniques\" class=\"wp-image-640\" style=\"width:58px\" title=\"Corectarea mu\u0219c\u0103turii: tehnici deta\u0219abile \u0219i nedeta\u0219abile\"\/><\/a><\/figure><\/div>\n<\/div>\n\n<div class=\"gb-container gb-container-56ce16a9\">\n\n<p class=\"has-text-align-center\"><a href=\"\/ro\/ortodontie\/\"><strong title=\"Orthodontics\">Ortodon\u021bie<\/strong><br>Corectarea mu\u0219c\u0103turii: <br>tehnici deta\u0219abile \u0219i nedeta\u0219abile<\/a><\/p>\n\n<\/div>\n<\/div>\n\n<div class=\"gb-container gb-container-f08c179d\">\n<div class=\"gb-container gb-container-623c6a4a\">\n<div class=\"wp-block-image\">\n<figure class=\"aligncenter size-full is-resized\"><a href=\"\/ro\/albire-dentara\/\"><img decoding=\"async\" src=\"https:\/\/dentvip.md\/wp-content\/uploads\/2024\/10\/otbelivanie.svg\" alt=\"Home and in-office teeth whitening\" class=\"wp-image-646\" style=\"width:58px\" title=\"Albirea din\u021bilor acas\u0103 \u0219i \u00een cabinet\"\/><\/a><\/figure><\/div>\n<\/div>\n\n<div class=\"gb-container gb-container-27b3ae3e\">\n\n<p class=\"has-text-align-center\"><a href=\"\/ro\/albire-dentara\/\"><strong title=\"Whitening\">Albire<\/strong><br>Albirea din\u021bilor acas\u0103 <br>\u0219i \u00een cabinet<\/a><\/p>\n\n<\/div>\n<\/div>\n<\/div><\/div>\n\n<div class=\"gb-grid-column gb-grid-column-b8b1a611\"><div class=\"gb-container gb-container-b8b1a611\">\n<div class=\"gb-container gb-container-2c327cd4\">\n<div class=\"gb-container gb-container-5485483d\">\n<div class=\"wp-block-image\">\n<figure class=\"aligncenter size-full is-resized\"><a href=\"\/ro\/chirurgie\/\"><img decoding=\"async\" src=\"https:\/\/dentvip.md\/wp-content\/uploads\/2024\/10\/hirurgia.svg\" alt=\"Extraction of teeth of any complexity, outpatient procedures\" class=\"wp-image-635\" style=\"width:58px\" title=\"Extrac\u021bia din\u021bilor de orice complexitate, proceduri ambulatorii\"\/><\/a><\/figure><\/div>\n<\/div>\n\n<div class=\"gb-container gb-container-1de34622\">\n\n<p class=\"has-text-align-center\"><a href=\"\/ro\/chirurgie\/\"><strong title=\"Surgery\">Chirurgie<\/strong><br>Extrac\u021bia din\u021bilor de orice complexitate, proceduri ambulatorii<\/a><\/p>\n\n<\/div>\n<\/div>\n\n<div class=\"gb-container gb-container-3788bdab\">\n<div class=\"gb-container gb-container-6ff4e74b\">\n<div class=\"wp-block-image\">\n<figure class=\"aligncenter size-full is-resized\"><a href=\"\/ro\/tratamentul-dintilor-si-gingiilor\/\"><img decoding=\"async\" src=\"https:\/\/dentvip.md\/wp-content\/uploads\/2024\/10\/lechenie.svg\" alt=\"Treatment of teeth and gums\" class=\"wp-image-642\" style=\"width:58px\" title=\"Tratamentul din\u021bilor \u0219i gingiilor\"\/><\/a><\/figure><\/div>\n<\/div>\n\n<div class=\"gb-container gb-container-d120c0f3\">\n\n<p class=\"has-text-align-center\"><a href=\"\/ro\/tratamentul-dintilor-si-gingiilor\/\"><strong title=\"Treatment of teeth and gums\">Tratamentul din\u021bilor \u0219i gingiilor<\/strong><br>Tratamentul din\u021bilor <br>\u0219i gingiilor<\/a><\/p>\n\n<\/div>\n<\/div>\n\n<div class=\"gb-container gb-container-ef9b6416\">\n<div class=\"gb-container gb-container-9e1bdffe\">\n<div class=\"wp-block-image\">\n<figure class=\"aligncenter size-full is-resized\"><a href=\"\/ro\/igiena-orala\/\"><img decoding=\"async\" src=\"https:\/\/dentvip.md\/wp-content\/uploads\/2024\/10\/chistka.svg\" alt=\"Removal of dental deposits, ultrasonic cleaning, air-flow\" class=\"wp-image-648\" style=\"width:58px\" title=\"\u00cendep\u0103rtarea depozitelor dentare, cur\u0103\u021bare cu ultrasunete, air-flow\"\/><\/a><\/figure><\/div>\n<\/div>\n\n<div class=\"gb-container gb-container-9d356e4a\">\n\n<p class=\"has-text-align-center\"><a href=\"\/ro\/igiena-orala\/\"><strong title=\"Dental Hygiene\">Igien\u0103 dentar\u0103<\/strong><br>\u00cendep\u0103rtarea depozitelor dentare, <br>cur\u0103\u021bare cu ultrasunete, &#8222;air-flow&#8221;<\/a><\/p>\n\n<\/div>\n<\/div>\n<\/div><\/div>\n\n<div class=\"gb-grid-column gb-grid-column-c58fea95\"><div class=\"gb-container gb-container-c58fea95\">\n<div class=\"gb-container gb-container-cfd87cd3 alignwide\">\n<div class=\"gb-container gb-container-177afc8a\">\n<div class=\"gb-container gb-container-6a09f571\">\n<div class=\"wp-block-image\">\n<figure class=\"aligncenter size-full is-resized\"><a href=\"\/ro\/ortopedie\/\"><img decoding=\"async\" src=\"https:\/\/dentvip.md\/wp-content\/uploads\/2024\/10\/ortopedia.svg\" alt=\"Non-removable and removable prosthetics\" class=\"wp-image-638\" style=\"width:58px\" title=\"Protezare fix\u0103 \u0219i mobil\u0103\"\/><\/a><\/figure><\/div>\n<\/div>\n\n<div class=\"gb-container gb-container-38486c62\">\n\n<p class=\"has-text-align-center\"><a href=\"\/ro\/ortopedie\/\"><strong title=\"Orthopedics\">Ortopedie<br><\/strong><span title=\"Non-removable and removable prosthetics\">Protezare fix\u0103 <\/span><br><span title=\"Non-removable and removable prosthetics\">\u0219i mobil\u0103<\/span><\/a><\/p>\n\n<\/div>\n<\/div>\n\n<div class=\"gb-container gb-container-360b0f56\">\n<div class=\"gb-container gb-container-b01242df\">\n<div class=\"wp-block-image\">\n<figure class=\"aligncenter size-full is-resized\"><a href=\"\/ro\/endodontie\/\"><img decoding=\"async\" src=\"https:\/\/dentvip.md\/wp-content\/uploads\/2024\/10\/endodontia.svg\" alt=\"Non-removable and removable prosthetics\" class=\"wp-image-644\" style=\"width:58px\" title=\"Protezare fix\u0103 \u0219i mobil\u0103\"\/><\/a><\/figure><\/div>\n<\/div>\n\n<div class=\"gb-container gb-container-8a29be16\">\n\n<p class=\"has-text-align-center\"><a href=\"\/ro\/endodontie\/\"><strong title=\"Endodontics\">Endodon\u021bie<br><\/strong><span title=\"Non-removable and removable prosthetics\">Protezare fix\u0103 <\/span><br><span title=\"Non-removable and removable prosthetics\">\u0219i mobil\u0103<\/span><\/a><\/p>\n\n<\/div>\n<\/div>\n\n<div class=\"gb-container gb-container-d5c76210\">\n<div class=\"gb-container gb-container-969b2b2e\">\n<div class=\"wp-block-image\">\n<figure class=\"aligncenter size-full is-resized\"><a href=\"\/ro\/dentist-pediatru\/\"><img decoding=\"async\" src=\"https:\/\/dentvip.md\/wp-content\/uploads\/2024\/10\/ChildDentist.svg\" alt=\"Treatment of caries and its complications\" class=\"wp-image-649\" style=\"object-fit:cover;width:58px;height:auto\" title=\"Tratamentul cariilor \u0219i complica\u021biilor acestora\"\/><\/a><\/figure><\/div>\n<\/div>\n\n<div class=\"gb-container gb-container-eb367fa6\">\n\n<p class=\"has-text-align-center\"><strong title=\"Pediatric Dentistry\"><a href=\"\/ro\/dentist-pediatru\/\">Stomatologie pediatric\u0103<br><\/a><\/strong><span title=\"Treatment of caries and its complications\"><a href=\"\/ro\/dentist-pediatru\/\">Tratamentul cariilor <br>\u0219i complica\u021biilor acestora<\/a><\/span><\/p>\n\n<\/div>\n<\/div>\n<\/div>\n<\/div><\/div>\n<\/div>\n<\/div>\n<\/div>\n<\/div>","protected":false},"excerpt":{"rendered":"<p>Garan\u021bie pe termen lung pentru fiecare tip de serviciu<\/p>\n","protected":false},"author":1,"featured_media":0,"parent":0,"menu_order":0,"comment_status":"closed","ping_status":"closed","template":"","meta":{"_eb_attr":"","inline_featured_image":false,"footnotes":""},"class_list":["post-139","page","type-page","status-publish"],"_links":{"self":[{"href":"https:\/\/dentvip.md\/ro\/wp-json\/wp\/v2\/pages\/139","targetHints":{"allow":["GET"]}}],"collection":[{"href":"https:\/\/dentvip.md\/ro\/wp-json\/wp\/v2\/pages"}],"about":[{"href":"https:\/\/dentvip.md\/ro\/wp-json\/wp\/v2\/types\/page"}],"author":[{"embeddable":true,"href":"https:\/\/dentvip.md\/ro\/wp-json\/wp\/v2\/users\/1"}],"replies":[{"embeddable":true,"href":"https:\/\/dentvip.md\/ro\/wp-json\/wp\/v2\/comments?post=139"}],"version-history":[{"count":2,"href":"https:\/\/dentvip.md\/ro\/wp-json\/wp\/v2\/pages\/139\/revisions"}],"predecessor-version":[{"id":201,"href":"https:\/\/dentvip.md\/ro\/wp-json\/wp\/v2\/pages\/139\/revisions\/201"}],"wp:attachment":[{"href":"https:\/\/dentvip.md\/ro\/wp-json\/wp\/v2\/media?parent=139"}],"curies":[{"name":"wp","href":"https:\/\/api.w.org\/{rel}","templated":true}]}}