{"id":141,"date":"2024-12-31T14:25:45","date_gmt":"2024-12-31T14:25:45","guid":{"rendered":"https:\/\/dentvip.md\/ro\/?page_id=141"},"modified":"2025-04-26T05:09:37","modified_gmt":"2025-04-26T05:09:37","slug":"chirurgie","status":"publish","type":"page","link":"https:\/\/dentvip.md\/ro\/chirurgie\/","title":{"rendered":"Chirurgie"},"content":{"rendered":"<div class=\"gb-container gb-container-c0d1e142\">\n<div class=\"gb-container gb-container-5ad8f567\">\n<div class=\"gb-container gb-container-30c740fa\">\n\n<h3 class=\"wp-block-heading\"><strong>Extractie dentara<\/strong><\/h3>\n\n\n\n<p>In clinca stomatologica&nbsp;<strong>DENT VIP<\/strong>&nbsp;se folosesc procedee chirurgicale care completeaza, intr-un mod unitar, celelalte metode de tratament ale <\/p>\n\n\n<div class=\"wp-block-image\">\n<figure class=\"alignright size-full is-resized\" style=\"margin-top:10px;margin-right:20px;margin-bottom:10px;margin-left:20px\"><img decoding=\"async\" src=\"https:\/\/dentvip.md\/wp-content\/uploads\/2024\/12\/\u0425\u0438\u0440\u0443\u0440\u0433\u0438\u044f-\u0437\u0443\u0431\u0430-\u0441\u0442\u043e\u043c\u0430\u0442\u043e\u043b\u043e\u0433\u0438\u044f.webp\" alt=\"Dentist \u00een Chi\u0219in\u0103u, Moldova, efectu\u00e2nd o procedur\u0103 de extrac\u021bie dentar\u0103 cu un instrument chirurgical\" class=\"wp-image-1590\" style=\"width:429px;height:auto\"\/><figcaption class=\"wp-element-caption\">Dentist \u00een timpul unei proceduri de extrac\u021bie dentar\u0103, Chi\u0219in\u0103u, Moldova &#8211; Clinica Dent VIP<\/figcaption><\/figure><\/div>\n\n\n<p>afectiunilor dintilor dumneavoastra.<\/p>\n\n\n\n<p>Extractia dentara este o metoda radicala, prin care se indeparteaza dintele ale carui afectiuni nu mai pot fi rezolvate prin nici o alta metoda conservatoare (obturatia, tratamentul endodontic sau protetic). Se pot extrage dinti pentru a crea spatiul necesar alinierii armonioase a arcadelor de catre medicul ortodont sau pentru ca intretin infectii care pot agrava chiar starea dumneavoastra generala de sanatate.<\/p>\n\n\n\n<p><strong>Extractiile problema<\/strong><\/p>\n\n\n\n<p>In activitatea clinicii noastre dentare, un loc aparte il ocupa extractia dintilor inclusi (cel mai frecvent extactia molarului de minte si a caninilor). Sunt binecunoscute dificultatile extractei molarilor de minte si, in aceste situatii, este nevoie de o evaluare atenta radiografica si o planificare a interventiei pentru fiecare caz in parte.<\/p>\n\n\n\n<h4 class=\"wp-block-heading\"><strong>Evitarea extractiei dentare<\/strong><\/h4>\n\n\n\n<p>In cazuri justificate pot fi practicate si interventii chirurgicale ajutatoare metodelor de conservare. Practic prin acestea se incearca maximizarea posibilitatilor de tratament pe care stomatologia moderna le-a impus.<br>Rezectia apicala \u2013 tesuturile infectate de la varful radacinii sunt indepartate odata cu acesta, iar dintele tratat prin acest procedeu (rezectie apicala) ramane pe arcada.<\/p>\n\n\n\n<p><strong>Tratamentul infectiilor dentare<\/strong><\/p>\n\n\n\n<p>Abcesul dentar \u2013 Un loc important il au infectiile dentare acutizate (abcesele). Dintii, inca din momentul eruptiei si pana la extragerea lor de necesitate, intretin infectii. Tratamentul antibiotic, de cele mai multe ori nu le rezolva. Un prim timp este indepartarea chirurgicala a puroiului din colectie si apoi variate tratamente conservative sau chiar extractia dentara.<br>Chisturile dentare \u2013 de multe ori, la nivelul oaselor maxilare (cauzate sau nu de prezenta infectiilor dentare) pot fi intalnite chisturi dentare. Indicat este ca, datorita complicatiilor pe care le pot provoca in timp, aceste chisturi sa fie indepartate.<\/p>\n\n\n\n<p><strong>Cum privim noi actul chirurgical<\/strong><\/p>\n\n\n\n<p>In Clinica stomatologica&nbsp;<strong>DENT VIP<\/strong>, indiferent de nevoile de tratament pentru care ni se adreseaza, fiecare pacient este evaluat cu cea mai mare grija si responsabilitate. Se acorda atentie starii generale de sanatate, care de multe ori influenteaza metodele de tratament.&nbsp;Dotarea clinicii noastre permite ca interventiile sa se desfasoare atat in conditii de siguranta, cat si de confort pentru dumneavoastra.<\/p>\n\n\n\n<p class=\"has-text-align-center\"><\/p>\n\n<\/div>\n<\/div>\n<\/div>","protected":false},"excerpt":{"rendered":"<p>Extractie dentara In clinca stomatologica&nbsp;DENT VIP&nbsp;se folosesc procedee chirurgicale care completeaza, intr-un mod unitar, celelalte metode de tratament ale afectiunilor dintilor dumneavoastra. Extractia dentara este o metoda radicala, prin care se indeparteaza dintele ale carui afectiuni nu mai pot fi rezolvate prin nici o alta metoda conservatoare (obturatia, tratamentul endodontic sau protetic). Se pot extrage &#8230; <a title=\"Chirurgie\" class=\"read-more\" href=\"https:\/\/dentvip.md\/ro\/chirurgie\/\" aria-label=\"Cite\u0219te mai multe despre Chirurgie\">Read more<\/a><\/p>\n","protected":false},"author":1,"featured_media":0,"parent":0,"menu_order":0,"comment_status":"closed","ping_status":"closed","template":"","meta":{"_eb_attr":"","inline_featured_image":false,"footnotes":""},"class_list":["post-141","page","type-page","status-publish"],"_links":{"self":[{"href":"https:\/\/dentvip.md\/ro\/wp-json\/wp\/v2\/pages\/141","targetHints":{"allow":["GET"]}}],"collection":[{"href":"https:\/\/dentvip.md\/ro\/wp-json\/wp\/v2\/pages"}],"about":[{"href":"https:\/\/dentvip.md\/ro\/wp-json\/wp\/v2\/types\/page"}],"author":[{"embeddable":true,"href":"https:\/\/dentvip.md\/ro\/wp-json\/wp\/v2\/users\/1"}],"replies":[{"embeddable":true,"href":"https:\/\/dentvip.md\/ro\/wp-json\/wp\/v2\/comments?post=141"}],"version-history":[{"count":6,"href":"https:\/\/dentvip.md\/ro\/wp-json\/wp\/v2\/pages\/141\/revisions"}],"predecessor-version":[{"id":426,"href":"https:\/\/dentvip.md\/ro\/wp-json\/wp\/v2\/pages\/141\/revisions\/426"}],"wp:attachment":[{"href":"https:\/\/dentvip.md\/ro\/wp-json\/wp\/v2\/media?parent=141"}],"curies":[{"name":"wp","href":"https:\/\/api.w.org\/{rel}","templated":true}]}}