{"id":145,"date":"2024-12-31T15:47:33","date_gmt":"2024-12-31T15:47:33","guid":{"rendered":"https:\/\/dentvip.md\/ro\/?page_id=145"},"modified":"2025-01-27T17:38:27","modified_gmt":"2025-01-27T17:38:27","slug":"aliniere-invisalign-sau-bretele-clasice-ce-trebuie-sa-stiti","status":"publish","type":"page","link":"https:\/\/dentvip.md\/ro\/aliniere-invisalign-sau-bretele-clasice-ce-trebuie-sa-stiti\/","title":{"rendered":"Alignere transparente (Inviziline) sau bracket clasica: ceea ce trebuie s\u0103 \u0219ti\u021bi"},"content":{"rendered":"<div class=\"gb-container gb-container-c0d1e142\">\n<div class=\"gb-container gb-container-5ad8f567\">\n<div class=\"gb-container gb-container-30c740fa\">\n\n<p><em><strong>C\u00e2nd vine vorba de corectarea ocluziei, exist\u0103 dou\u0103 op\u021biuni posibile care garanteaz\u0103 rezultate excelente: sistemele tradi\u021bionale de bretele \u0219i alignerele. Fiecare dintre aceste metode v\u0103 va oferi un z\u00e2mbet minunat. Dar fiecare are mici diferen\u021be.<\/strong><\/em><\/p>\n\n\n<div class=\"wp-block-image\">\n<figure class=\"alignleft size-full is-resized\"><img loading=\"lazy\" decoding=\"async\" width=\"1024\" height=\"580\" src=\"https:\/\/dentvip.md\/ro\/wp-content\/uploads\/sites\/3\/2025\/01\/Comparatie-intre-aparatul-dentar-si-Invisalign-Chisinau-Moldova.webp\" alt=\"O compara\u021bie al\u0103turat\u0103, care arat\u0103 un aparat dentar tradi\u021bional pe partea st\u00e2ng\u0103 \u0219i Invisalign, gutiere transparente, pe partea dreapt\u0103 pentru \u00eendreptarea din\u021bilor\" class=\"wp-image-182\" style=\"width:586px;height:auto\" srcset=\"https:\/\/dentvip.md\/ro\/wp-content\/uploads\/sites\/3\/2025\/01\/Comparatie-intre-aparatul-dentar-si-Invisalign-Chisinau-Moldova.webp 1024w, https:\/\/dentvip.md\/ro\/wp-content\/uploads\/sites\/3\/2025\/01\/Comparatie-intre-aparatul-dentar-si-Invisalign-Chisinau-Moldova-300x170.webp 300w, https:\/\/dentvip.md\/ro\/wp-content\/uploads\/sites\/3\/2025\/01\/Comparatie-intre-aparatul-dentar-si-Invisalign-Chisinau-Moldova-768x435.webp 768w\" sizes=\"auto, (max-width: 1024px) 100vw, 1024px\" \/><figcaption class=\"wp-element-caption\">Bretele clasice sau Invisalign: Descoperi\u021bi avantajele fiec\u0103rei op\u021biuni ortodontice pentru un z\u00e2mbet perfect la Dent VIP din Chi\u0219in\u0103u<\/figcaption><\/figure><\/div>\n\n\n<p><em><strong>\u00cen primul r\u00e2nd<\/strong><\/em>, sistemul tradi\u021bional de bretele este o construc\u021bie nesemovibil\u0103 care const\u0103 din bretele \u0219i blocuri pe din\u021bii 6 \u0219i 7, printre alte elemente.<br>Acesta este primul diferen\u021b\u0103 fa\u021b\u0103 de alignere, care sunt o plac\u0103 sub\u021bire \u0219i confortabil\u0103 f\u0103cut\u0103 din polimer dur, purtat\u0103 p\u00e2n\u0103 la 22 de ore pe zi \u0219i \u00eendep\u0103rtat\u0103 \u00een timpul meselor.<\/p>\n\n\n\n<p><em><strong>Al doilea punct important de men\u021bionat este procesul de preg\u0103tire pentru corec\u021bia ocluziei.<\/strong><\/em><br>Bretelele sunt instalate destul de rapid, dar medicul lucreaz\u0103 pas cu pas, planific\u00e2nd urm\u0103toarea faz\u0103 a sistemului de bretele la fiecare \u00eent\u00e2lnire. Pe de alt\u0103 parte, alignerele permit crearea unui model tridimensional al sistemului dento-maxilar \u0219i un model 3D al rezultatului final cu mi\u0219carea tuturor din\u021bilor. Acest lucru ofer\u0103 pacien\u021bilor oportunitatea de a vedea at\u00e2t procesul c\u00e2t \u0219i rezultatul lor viitor pe un monitor de computer sau pe telefonul lor. Planificarea modelului 3D dureaz\u0103 p\u00e2n\u0103 la dou\u0103 s\u0103pt\u0103m\u00e2ni.<\/p>\n\n\n\n<p><em><strong>Nu am putut s\u0103 nu men\u021bion\u0103m problemele de igien\u0103 \u00een acest articol.<\/strong><\/em><br>Nu exist\u0103 dificult\u0103\u021bi de igien\u0103 cu alignerele, deoarece acestea sunt capace care sunt \u00eendep\u0103rtate \u00eenainte de mese. Alignerele nu necesit\u0103 unelte suplimentare de igien\u0103 oral\u0103, cum ar fi irigatorii, perii interdentare sau perii de din\u021bi cu m\u00e2ner unic, care sunt necesare pentru \u00eengrijirea din\u021bilor cu bretele. \u00cen acela\u0219i timp, c\u00e2nd se utilizeaz\u0103 un sistem de bretele, este necesar s\u0103 vizita\u021bi medicul dentist la fiecare c\u00e2teva luni pentru cur\u0103\u021bare profesional\u0103 a din\u021bilor, pentru a cl\u0103ti sau cur\u0103\u021ba cavitatea oral\u0103 dup\u0103 fiecare mas\u0103 \u0219i pentru a \u00eenlocui periu\u021bele de din\u021bi mai frecvent.<\/p>\n\n\n<div class=\"wp-block-image\">\n<figure class=\"alignright size-full is-resized\"><img loading=\"lazy\" decoding=\"async\" width=\"500\" height=\"281\" src=\"http:\/\/dentvip.md\/ro\/wp-content\/uploads\/sites\/3\/2025\/01\/Alignere-Moldova.webp\" alt=\"Aligner dentar transparent pentru alinierea din\u021bilor\" class=\"wp-image-303\" style=\"width:432px;height:auto\" srcset=\"https:\/\/dentvip.md\/ro\/wp-content\/uploads\/sites\/3\/2025\/01\/Alignere-Moldova.webp 500w, https:\/\/dentvip.md\/ro\/wp-content\/uploads\/sites\/3\/2025\/01\/Alignere-Moldova-300x169.webp 300w\" sizes=\"auto, (max-width: 500px) 100vw, 500px\" \/><figcaption class=\"wp-element-caption\">Aliniatorul dentar transparent ofer\u0103 o op\u021biune elegant\u0103 \u0219i eficient\u0103 pentru alinierea z\u00e2mbetului, combin\u00e2nd confortul \u0219i estetica<\/figcaption><\/figure><\/div>\n\n\n<p><em><strong>De asemenea, este important s\u0103 men\u021bion\u0103m consumul de alimente \u00een timpul utiliz\u0103rii bretelelor \u0219i al alignerelor.<\/strong><\/em><br>Sistemul de bretele implic\u0103 unele restric\u021bii alimentare. Adesea, oamenii experimenteaz\u0103 disconfort atunci c\u00e2nd consum\u0103 alimente dure, nuci, mere, carne etc. Construc\u021bia bretelelor, care sunt ata\u0219ate la din\u021bi, \u00eenseamn\u0103 c\u0103 m\u00e2ncarea se poate prinde \u0219i r\u0103m\u00e2ne pe ele. Exist\u0103 perii speciale \u0219i irigatoare pentru a ajuta la eliminarea resturilor de m\u00e2ncare. Desigur, acest lucru trebuie monitorizat pentru a evita dezvoltarea cariilor.<br>La r\u00e2ndul s\u0103u, alignerele sunt un sistem deta\u0219abil, datorit\u0103 c\u0103ruia nu sunt necesare accesorii speciale de igien\u0103. \u00cen timpul meselor, alignerele sunt u\u0219or de \u00eendep\u0103rtat, sunt u\u0219or de sp\u0103lat \u0219i, dac\u0103 este necesar, de p\u0103strat \u00eentr-o cutie special\u0103.<\/p>\n\n\n\n<p>Este de men\u021bionat c\u0103 alignerele nu sunt potrivite pentru toat\u0103 lumea, \u00een timp ce sistemul de bretele este o modalitate de a corecta ocluzia pentru orice caz de complexitate.<br>Alignerele sunt destinate corec\u021biilor u\u0219oare p\u00e2n\u0103 la moderate.<\/p>\n\n\n\n<p><em><strong>\u0218i ultimul, dar nu cel mai pu\u021bin important, un factor decisiv \u2014 pre\u021bul.<\/strong><\/em><\/p>\n\n\n\n<p>Pre\u021bul bretelelor tradi\u021bionale este, desigur, mai mic dec\u00e2t cel al alignerelor. Dar \u00een lumea modern\u0103, exist\u0103 o gam\u0103 larg\u0103 de sisteme de bretele, cele mai scumpe dintre acestea fiind comparabile ca pre\u021b cu alignerele (cum ar fi bretelele de safir, Daemon, etc.).<br>De asemenea, multe depinde de cazul specific \ud83d\ude42<\/p>\n\n\n<div class=\"wp-block-image\">\n<figure class=\"alignleft size-large is-resized\"><img decoding=\"async\" src=\"https:\/\/dentvip.md\/wp-content\/uploads\/2024\/12\/3\u0434-\u043c\u043e\u0434\u0435\u043b\u044c-\u0434\u043b\u044f-\u0431\u0440\u0435\u043a\u0435\u0442\u043e\u0432-1024x668.webp\" alt=\"Model 3D al din\u021bilor pentru planificarea tratamentului ortodontic cu bretele\" class=\"wp-image-1750\" style=\"width:413px;height:auto\"\/><figcaption class=\"wp-element-caption\">Model digital 3D pentru planificarea precis\u0103 a instal\u0103rii sistemului de bretele. Clinica Dent VIP, Chi\u0219in\u0103u, Moldova<\/figcaption><\/figure><\/div>\n\n\n<p><em><strong>\u00cen concluzie<\/strong><\/em>, merit\u0103 men\u021bionat c\u0103 ambele metode \u00ee\u0219i \u00eendeplinesc bine func\u021bia de corectare a ocluziei \u0219i sunt utilizate pe scar\u0103 larg\u0103 \u00een \u00eentreaga lume.<\/p>\n\n\n\n<p>Sistemul de bretele este o tehnologie dovedit\u0103 de-a lungul decadelor, care a oferit lumii milioane de oameni mul\u021bumi\u021bi. An de an, bretelele devin mai moderne \u0219i mai convenabile.<\/p>\n\n\n\n<p>Alignerele sunt o metod\u0103 modern\u0103 care \u0219i-a dovedit deja valoarea \u00een multe\n\n \u021b\u0103ri ale lumii. Primele alignere sub marca Invisalign au fost lansate \u00een 1998 \u0219i de atunci au c\u00e2\u0219tigat o popularitate larg\u0103 datorit\u0103 unei abord\u0103ri noi \u0219i estetice pentru corec\u021bia ocluziei.<br>La clinica Dent VIP, primul sistem american Invisalign a fost instalat acum \u0219ase ani \u0219i de atunci cererea pentru acesta a crescut doar, iar noi, la r\u00e2ndul nostru, suntem mul\u021bumi\u021bi de pacien\u021bii no\u0219tri ferici\u021bi.<\/p>\n\n<\/div>\n<\/div>\n<\/div>\n\n\n<p><\/p>\n\n\n\n<p><\/p>\n","protected":false},"excerpt":{"rendered":"<p>C\u00e2nd vine vorba de corectarea ocluziei, exist\u0103 dou\u0103 op\u021biuni posibile care garanteaz\u0103 rezultate excelente: sistemele tradi\u021bionale de bretele \u0219i alignerele. Fiecare dintre aceste metode v\u0103 va oferi un z\u00e2mbet minunat. Dar fiecare are mici diferen\u021be. \u00cen primul r\u00e2nd, sistemul tradi\u021bional de bretele este o construc\u021bie nesemovibil\u0103 care const\u0103 din bretele \u0219i blocuri pe din\u021bii 6 &#8230; <a title=\"Alignere transparente (Inviziline) sau bracket clasica: ceea ce trebuie s\u0103 \u0219ti\u021bi\" class=\"read-more\" href=\"https:\/\/dentvip.md\/ro\/aliniere-invisalign-sau-bretele-clasice-ce-trebuie-sa-stiti\/\" aria-label=\"Cite\u0219te mai multe despre Alignere transparente (Inviziline) sau bracket clasica: ceea ce trebuie s\u0103 \u0219ti\u021bi\">Read more<\/a><\/p>\n","protected":false},"author":1,"featured_media":182,"parent":0,"menu_order":0,"comment_status":"closed","ping_status":"closed","template":"","meta":{"_eb_attr":"","inline_featured_image":false,"footnotes":""},"class_list":["post-145","page","type-page","status-publish","has-post-thumbnail"],"_links":{"self":[{"href":"https:\/\/dentvip.md\/ro\/wp-json\/wp\/v2\/pages\/145","targetHints":{"allow":["GET"]}}],"collection":[{"href":"https:\/\/dentvip.md\/ro\/wp-json\/wp\/v2\/pages"}],"about":[{"href":"https:\/\/dentvip.md\/ro\/wp-json\/wp\/v2\/types\/page"}],"author":[{"embeddable":true,"href":"https:\/\/dentvip.md\/ro\/wp-json\/wp\/v2\/users\/1"}],"replies":[{"embeddable":true,"href":"https:\/\/dentvip.md\/ro\/wp-json\/wp\/v2\/comments?post=145"}],"version-history":[{"count":7,"href":"https:\/\/dentvip.md\/ro\/wp-json\/wp\/v2\/pages\/145\/revisions"}],"predecessor-version":[{"id":306,"href":"https:\/\/dentvip.md\/ro\/wp-json\/wp\/v2\/pages\/145\/revisions\/306"}],"wp:featuredmedia":[{"embeddable":true,"href":"https:\/\/dentvip.md\/ro\/wp-json\/wp\/v2\/media\/182"}],"wp:attachment":[{"href":"https:\/\/dentvip.md\/ro\/wp-json\/wp\/v2\/media?parent=145"}],"curies":[{"name":"wp","href":"https:\/\/api.w.org\/{rel}","templated":true}]}}