{"id":148,"date":"2024-12-31T16:07:51","date_gmt":"2024-12-31T16:07:51","guid":{"rendered":"https:\/\/dentvip.md\/ro\/?page_id=148"},"modified":"2025-04-26T05:10:58","modified_gmt":"2025-04-26T05:10:58","slug":"endodontie","status":"publish","type":"page","link":"https:\/\/dentvip.md\/ro\/endodontie\/","title":{"rendered":"Endodontie"},"content":{"rendered":"\n<p><strong>Endodon\u021bia (tratamentul canalelor)<\/strong>&nbsp;\u2013 este acel domeniu al stomatologiei \u00een care microscopul este absolut necesar. Tratamentul endodontic include, de regul\u0103, tratarea cariilor \u0219i obtura\u021bia. \u00cen cazul unui mod tradi\u021bional de tratament medicul se bazeaz\u0103 pe sim\u021bul s\u0103u \u0219i pe experien\u021ba sa de cunoa\u0219tere a anatomiei canalelor. Imagina\u021bi-v\u0103 c\u0103 un canal este un micro-orificiu de mai pu\u021bin de 1 mm. Ce poate vedea \u00een acest caz ochiul uman?! Cu ajutorul microscopului medicul poate vedea canalul din interior \u2013 unde formeaz\u0103 o curb\u0103 \u0219i unde se termin\u0103.<\/p>\n\n\n<div class=\"wp-block-image\">\n<figure class=\"alignleft size-full\"><img decoding=\"async\" src=\"https:\/\/dentvip.md\/wp-content\/uploads\/2024\/12\/\u0421\u0442\u043e\u043c\u0430\u0442\u043e\u043b\u043e\u0433\u0438\u044f-\u041a\u0438\u0448\u0438\u043d\u0435\u0432-\u041c\u043e\u043b\u0434\u043e\u0432\u0430-5.jpg\" alt=\"Tratamentul din\u021bilor sub microscop \u00eentr-o clinic\u0103 dentar\u0103 modern\u0103. Dentistii cu un \u00eenalt nivel de profesionalism lucreaz\u0103 cu un pacient\" class=\"wp-image-1445\"\/><\/figure><\/div>\n\n\n<p>\u00cen prezent tratamentul de calitate al din\u021bilor depinde nu doar de calificarea medicului stomatolog, ci \u0219i de tehnologiile pe care acesta le folose\u0219te \u00een munca sa.&nbsp;<strong>Microscoapele sunt unul din cele mai complexe tipuri de echipamente stomatologice.<\/strong>&nbsp;Acestea reprezint\u0103 o inova\u021bie \u00een lumea stomatologiei, \u00eens\u0103 atrag tot mai mult aten\u021bia speciali\u0219tilor. Microscopul dentar reprezint\u0103 piscul tehnologic \u00een materie de aparate optice de m\u0103rit.<\/p>\n\n\n\n<p>\u00cen zilele noastre prezen\u021ba unui microscop dentar \u00een clinicele stomatologice reprezint\u0103 un indicator al calit\u0103\u021bii, siguran\u021bei \u0219i confortului pentru pacient. Clinica noastr\u0103 folose\u0219te cu succes \u00een activitatea sa microscopul dentar. Datorit\u0103 utiliz\u0103rii microscopului \u00een timpul interven\u021biilor complicate, speciali\u0219tii no\u0219tri reu\u0219esc s\u0103 salveze din\u021bii pacien\u021bilor, chiar \u0219i \u00een cele mai dificile cazuri, care anterior ar fi trebuit extra\u0219i.<\/p>\n\n\n\n<p>Comparativ cu efectuarea tratamentului cu ochiul liber, tratamentul efectuat cu ajutorul unui microscop dentar prezint\u0103 un \u0219ir de avantaje. Lentila microscopului poate m\u0103ri un obiect p\u00e2n\u0103 la 40 de ori \u2013 diferen\u021ba este evident\u0103. Medicul va putea vedea fisurile microscopice ale smal\u021bului dentar, va identifica num\u0103rul exact de canale radiculare \u0219i ramifica\u021biile cele mai greu observabile ale acestora, va analiza canalul radicular pe toat\u0103 lungimea sa \u0219i&nbsp;<strong>va examina fiecare segment al acestuia<\/strong>, va elimina resturile de \u021besuturi inflamate, va cur\u0103\u021ba \u00een totalitate cavitatea intern\u0103 a dintelui. Este cu totul alt nivel calitativ!<\/p>\n\n\n\n<p>Cu ajutorul microscopului se poate depista prezen\u021ba lichidului \u00een canale \u0219i pot fi g\u0103site deterior\u0103rile ascunse provocate de cariile \u00eentre din\u021bii \u00eenvecina\u021bi, cariile ap\u0103rute sub sigiliile dentare vechi care nu&nbsp; ader\u0103 bine. \u00cen fazele ini\u021biale ale cariei stomatologul, cu ajutorul unui instrument foarte sub\u021bire \u0219i a microscopului, \u00eentr-o manier\u0103 minim invaziv\u0103, poate s\u0103 \u00eendep\u0103rteze \u021besutul deteriorat, stop\u00e2nd astfel r\u0103sp\u00e2ndirea infec\u021biei.&nbsp;<strong>Tratamentul cariei sub microscop se efectueaz\u0103 \u00een jurul \u021besuturilor afectate, cu minime daune aduse \u021besuturilor s\u0103n\u0103toase. Un astfel de tratament bl\u00e2nd prelunge\u0219te considerabil \u201evia\u021ba\u201d dintelui. \u00cen clinica noastr\u0103 astfel de cazuri nu sunt un miracol, ci o realitate zilnic\u0103!<\/strong><\/p>\n\n\n\n<p>Este foarte important ca microscopul s\u0103 fie folosit \u00een timpul tratamentului repetat al canalelor radiculare necalitativ sigilate. Plus la aceasta, \u00eendep\u0103rtarea acelor rupte din canale uneori nu poate fi efectuat\u0103 f\u0103r\u0103 un microscop. Doar un dinte tratat calitativ \u0219i sigilat corespunz\u0103tor poate servi mul\u021bi ani drept suport pentru arcuri, coroane dentare \u0219i alte construc\u021bii ortopedice!<\/p>\n\n\n\n<p>Microscopul este, de asemenea, folosit pe larg \u00een chirurgie \u0219i stomatologia estetic\u0103. De exemplu, acesta cre\u0219te semnificativ probabilitatea ader\u0103rii sigiliului sau a fa\u021betelor dentare. Principala problem\u0103 \u00een timpul aplic\u0103rii fa\u021betelor o reprezint\u0103 calitatea fix\u0103rii. Nu este un secret faptul c\u0103, dac\u0103 nu sunt corespunz\u0103tor montate, acestea se desprind sau crap\u0103.<\/p>\n\n\n\n<p>Un alt avantaj al folosirii microscopului este cel psihologic. Anxietatea, \u00eenaintea vizitei la stomatolog, este resim\u021bit\u0103 de foarte mul\u021bi oameni. Tratamentul efectuat cu utilizarea microscopului&nbsp;<strong>contribuie la \u00eembun\u0103t\u0103\u021birea st\u0103rii psihice<\/strong>, pacientul se poate relaxa \u0219i se simte mai confortabil. \u00cen primul r\u00e2nd: pacientul nu st\u0103 a\u0219ezat, dar este \u00eentins pe scaunul stomatologic, iar \u00een al doilea r\u00e2nd, medicul se va afla, \u00een timpul interven\u021biei, la o anumit\u0103 distan\u021b\u0103 \u0219i nu va intra \u00een zona de confort a pacientului. \u00cen plus, un medic care folose\u0219te un microscop nu \u00ee\u0219i va \u00eencorda privirea, va obosi mai pu\u021bin datorit\u0103 ergonomiei ideale a locului de lucru \u0219i, prin urmare, \u00ee\u0219i va face munca mai calitativ.<\/p>\n\n\n\n<p><strong>Astfel, putem garanta pacien\u021bilor no\u0219tri c\u0103 utilizarea microscopului \u00eembun\u0103t\u0103\u021be\u0219te semnificativ calitatea tratamentului, ofer\u0103 siguran\u021b\u0103 total\u0103 \u00een timpul procedurilor \u0219i garanteaz\u0103 un rezultat fiabil!<\/strong>&nbsp;Ne m\u00e2ndrim cu faptul c\u0103 suntem printre primii care pot oferi un tratament profesional al din\u021bilor folosind microscopul dentar.<\/p>\n\n\n\n<p><strong>V\u0103 mul\u021bumim c\u0103 ne \u00eencredin\u021ba\u021bi s\u0103n\u0103tatea Dvs.!<\/strong><\/p>\n\n\n\n<p><strong>Suntem \u00eentotdeauna al\u0103turi de Dumneavoastr\u0103!<\/strong><\/p>\n\n\n\n<p><strong><em>Echipa clinicii \u201eDent VIP\u201d<\/em><\/strong><\/p>\n\n\n\n<p class=\"has-text-align-center\"><\/p>\n\n\n\n<p><\/p>\n","protected":false},"excerpt":{"rendered":"<p>Endodon\u021bia (tratamentul canalelor)&nbsp;\u2013 este acel domeniu al stomatologiei \u00een care microscopul este absolut necesar. Tratamentul endodontic include, de regul\u0103, tratarea cariilor \u0219i obtura\u021bia. \u00cen cazul unui mod tradi\u021bional de tratament medicul se bazeaz\u0103 pe sim\u021bul s\u0103u \u0219i pe experien\u021ba sa de cunoa\u0219tere a anatomiei canalelor. Imagina\u021bi-v\u0103 c\u0103 un canal este un micro-orificiu de mai pu\u021bin &#8230; <a title=\"Endodontie\" class=\"read-more\" href=\"https:\/\/dentvip.md\/ro\/endodontie\/\" aria-label=\"Cite\u0219te mai multe despre Endodontie\">Read more<\/a><\/p>\n","protected":false},"author":1,"featured_media":0,"parent":0,"menu_order":0,"comment_status":"closed","ping_status":"closed","template":"","meta":{"_eb_attr":"","inline_featured_image":false,"footnotes":""},"class_list":["post-148","page","type-page","status-publish"],"_links":{"self":[{"href":"https:\/\/dentvip.md\/ro\/wp-json\/wp\/v2\/pages\/148","targetHints":{"allow":["GET"]}}],"collection":[{"href":"https:\/\/dentvip.md\/ro\/wp-json\/wp\/v2\/pages"}],"about":[{"href":"https:\/\/dentvip.md\/ro\/wp-json\/wp\/v2\/types\/page"}],"author":[{"embeddable":true,"href":"https:\/\/dentvip.md\/ro\/wp-json\/wp\/v2\/users\/1"}],"replies":[{"embeddable":true,"href":"https:\/\/dentvip.md\/ro\/wp-json\/wp\/v2\/comments?post=148"}],"version-history":[{"count":4,"href":"https:\/\/dentvip.md\/ro\/wp-json\/wp\/v2\/pages\/148\/revisions"}],"predecessor-version":[{"id":429,"href":"https:\/\/dentvip.md\/ro\/wp-json\/wp\/v2\/pages\/148\/revisions\/429"}],"wp:attachment":[{"href":"https:\/\/dentvip.md\/ro\/wp-json\/wp\/v2\/media?parent=148"}],"curies":[{"name":"wp","href":"https:\/\/api.w.org\/{rel}","templated":true}]}}