{"id":204,"date":"2025-01-02T00:03:19","date_gmt":"2025-01-02T00:03:19","guid":{"rendered":"https:\/\/dentvip.md\/ro\/?page_id=204"},"modified":"2025-01-02T00:06:10","modified_gmt":"2025-01-02T00:06:10","slug":"medicul-stomatolog-larisa-%d1%81usnir","status":"publish","type":"page","link":"https:\/\/dentvip.md\/ro\/medicul-stomatolog-larisa-%d1%81usnir\/","title":{"rendered":"Medicul stomatolog Larisa \u0421u\u0219nir"},"content":{"rendered":"<div class=\"gb-container gb-container-4cdaea99\">\n<div class=\"gb-container gb-container-2a2c632d\">\n<div class=\"wp-block-image\">\n<figure class=\"aligncenter size-full\"><img decoding=\"async\" src=\"https:\/\/dentvip.md\/wp-content\/uploads\/2025\/01\/\u0412\u0440\u0430\u0447-\u0441\u0442\u043e\u043c\u0430\u0442\u043e\u043b\u043e\u0433-\u0432\u044b\u0441\u0448\u0435\u0439-\u043a\u0430\u0442\u0435\u0433\u043e\u0440\u0438\u0438-\u041a\u0443\u0448\u043d\u0438\u0440-\u041b\u0430\u0440\u0438\u0441\u0430.jpg\" alt=\"Larisa Kushnir, medic stomatolog de cea mai \u00eenalt\u0103 categorie, specializat\u0103 \u00een ortopedie, protetic\u0103 \u0219i tratamentul din\u021bilor \u0219i gingiilor\" class=\"wp-image-2163\"\/><figcaption class=\"wp-element-caption\">Larisa Kushnir \u2013 medic stomatolog de cea mai \u00eenalt\u0103 categorie cu experien\u021b\u0103 \u00een ortopedie, protetic\u0103 \u0219i tratamentul din\u021bilor<\/figcaption><\/figure><\/div>\n<\/div>\n<\/div>\n\n\n<p><strong>Institutul de Medicin\u0103 N. Pirogov, Odessa, 1980\u20131985<\/strong><\/p>\n\n\n\n<h3 class=\"wp-block-heading\">Congrese<\/h3>\n\n\n\n<ul class=\"wp-block-list\">\n<li>1999: III Congres Na\u021bional al Stomatologilor din Republica Moldova<\/li>\n\n\n\n<li>2001: XI Congres Na\u021bional al Stomatologilor din Republica Moldova<\/li>\n\n\n\n<li>2003: I Forum al Stomatologilor din CSI, Sochi, Rusia<\/li>\n\n\n\n<li>2003: XII Congres Na\u021bional al Stomatologilor din Republica Moldova<\/li>\n\n\n\n<li>2004: II Forum al Stomatologilor din CSI, Sochi, Rusia<\/li>\n\n\n\n<li>2006: IV Forum al Stomatologilor din CSI, Kemer, Turcia<\/li>\n\n\n\n<li>2012: II Congres Interna\u021bional \u201eOdessa Dental Meeting\u201d<\/li>\n<\/ul>\n\n\n\n<h3 class=\"wp-block-heading\">Seminarii<\/h3>\n\n\n\n<ul class=\"wp-block-list\">\n<li>1998: \u201eRestaurarea din\u021bilor cu materiale Dentsply\u201d, Poltava<\/li>\n\n\n\n<li>2000: \u201eRestaurarea din\u021bilor cu materiale Dentsply\u201d<\/li>\n\n\n\n<li>2001: \u201eDentArt\u201d, Poltava<\/li>\n\n\n\n<li>2002: \u201eDentsply International Inc. USA\u201d<\/li>\n\n\n\n<li>2002: XXVII S\u0103pt\u0103m\u00e2na Medical\u0103 Balcanic\u0103<\/li>\n\n\n\n<li>2004: \u201eProbleme actuale ale stomatologiei\u201d, Ivoclar-Vivadent, Germania<\/li>\n\n\n\n<li>2007: \u201eInstitutul Interna\u021bional ARDS Implants\u201d, SUA<\/li>\n\n\n\n<li>2010: \u201eSeminarul despre albirea din\u021bilor cu Sistemul Clinic al Ceasului\u201d<\/li>\n\n\n\n<li>2012: \u201eTratamentul endodontic: de la diagnostic la solu\u021bionarea problemei\u201d<\/li>\n\n\n\n<li>2013: \u201eOccluzia func\u021bional\u0103 \u00een stomatologia estetic\u0103\u201d, ASRM, Republica Moldova<\/li>\n\n\n\n<li>2014: \u201eProtetic\u0103 pe implanturi dentare\u201d, ASRM, Republica Moldova<\/li>\n\n\n\n<li>2015: \u201eProtetic\u0103 combinat\u0103 cu sprijin pe din\u021bi \u0219i implanturi\u201d, ASRM, Republica Moldova<\/li>\n\n\n\n<li>2016: \u201eRadiodiagnostica regiunii maxilo-faciale\u201d, ASRM, Republica Moldova<\/li>\n\n\n\n<li>2016: \u201eAspecte practice ale endodontiei\u201d, ASRM, Republica Moldova<\/li>\n\n\n\n<li>2019: Curs avansat de restaur\u0103ri cu materiale Kuraray<\/li>\n<\/ul>\n\n\n\n<h3 class=\"wp-block-heading\">Masterclass-uri<\/h3>\n\n\n\n<ul class=\"wp-block-list\">\n<li>2000: prof. Ta\u00efsia Skripnikova, Ucraina<\/li>\n\n\n\n<li>2001: prof. S.V. Radlinskii, Ucraina<\/li>\n\n\n\n<li>2004: prof. Viktor Duab, Alex Schumacher, Germania<\/li>\n\n\n\n<li>2012: prof. Timo Adam, Bernhard Brinkmann, \u201eComplica\u021biile stomatologice. Diagnostic. Prevenire. Tratament.\u201d<\/li>\n<\/ul>\n\n","protected":false},"excerpt":{"rendered":"<p>Institutul de Medicin\u0103 N. Pirogov, Odessa, 1980\u20131985 Congrese Seminarii Masterclass-uri<\/p>\n","protected":false},"author":1,"featured_media":0,"parent":0,"menu_order":0,"comment_status":"closed","ping_status":"closed","template":"","meta":{"_eb_attr":"","inline_featured_image":false,"footnotes":""},"class_list":["post-204","page","type-page","status-publish"],"_links":{"self":[{"href":"https:\/\/dentvip.md\/ro\/wp-json\/wp\/v2\/pages\/204","targetHints":{"allow":["GET"]}}],"collection":[{"href":"https:\/\/dentvip.md\/ro\/wp-json\/wp\/v2\/pages"}],"about":[{"href":"https:\/\/dentvip.md\/ro\/wp-json\/wp\/v2\/types\/page"}],"author":[{"embeddable":true,"href":"https:\/\/dentvip.md\/ro\/wp-json\/wp\/v2\/users\/1"}],"replies":[{"embeddable":true,"href":"https:\/\/dentvip.md\/ro\/wp-json\/wp\/v2\/comments?post=204"}],"version-history":[{"count":1,"href":"https:\/\/dentvip.md\/ro\/wp-json\/wp\/v2\/pages\/204\/revisions"}],"predecessor-version":[{"id":206,"href":"https:\/\/dentvip.md\/ro\/wp-json\/wp\/v2\/pages\/204\/revisions\/206"}],"wp:attachment":[{"href":"https:\/\/dentvip.md\/ro\/wp-json\/wp\/v2\/media?parent=204"}],"curies":[{"name":"wp","href":"https:\/\/api.w.org\/{rel}","templated":true}]}}