{"id":207,"date":"2025-01-02T00:09:37","date_gmt":"2025-01-02T00:09:37","guid":{"rendered":"https:\/\/dentvip.md\/ro\/?page_id=207"},"modified":"2025-01-02T00:09:49","modified_gmt":"2025-01-02T00:09:49","slug":"ortodont-stomatolog-alina-trafaila","status":"publish","type":"page","link":"https:\/\/dentvip.md\/ro\/ortodont-stomatolog-alina-trafaila\/","title":{"rendered":"Ortodont stomatolog Alina Trafaila"},"content":{"rendered":"<div class=\"gb-container gb-container-ffc105f5\">\n<div class=\"gb-container gb-container-83fee964\">\n\n<figure class=\"wp-block-image aligncenter size-full\">\n    <img decoding=\"async\" src=\"https:\/\/dentvip.md\/wp-content\/uploads\/2025\/01\/\u0421\u0442\u043e\u043c\u0430\u0442\u043e\u043b\u043e\u0433-\u043e\u0440\u0442\u043e\u0434\u043e\u043d\u0442-\u0422\u0440\u0430\u0444\u0430\u0438\u043b\u0430-\u0410\u043b\u0438\u043d\u0430.jpg\" alt=\"Alina Trafaila, ortodont specializat \u00een corectarea mu\u0219c\u0103turii \u0219i alte proceduri ortodontice\" class=\"wp-image-2169\" \/>\n    <figcaption class=\"wp-element-caption\">Alina Trafaila \u2013 un ortodont profesionist care ofer\u0103 servicii de calitate pentru corectarea mu\u0219c\u0103turii<\/figcaption>\n<\/figure>\n\n<\/div>\n<\/div>\n\n\n<p><strong>Educa\u021bie:<\/strong><\/p>\n\n\n\n<p>Universitatea de Stat de Medicin\u0103 din Sankt Petersburg, numit\u0103 dup\u0103 academicianul I.P. Pavlov<\/p>\n\n\n\n<p><\/p>\n\n","protected":false},"excerpt":{"rendered":"<p>Educa\u021bie: Universitatea de Stat de Medicin\u0103 din Sankt Petersburg, numit\u0103 dup\u0103 academicianul I.P. Pavlov<\/p>\n","protected":false},"author":1,"featured_media":0,"parent":0,"menu_order":0,"comment_status":"closed","ping_status":"closed","template":"","meta":{"_eb_attr":"","inline_featured_image":false,"footnotes":""},"class_list":["post-207","page","type-page","status-publish"],"_links":{"self":[{"href":"https:\/\/dentvip.md\/ro\/wp-json\/wp\/v2\/pages\/207","targetHints":{"allow":["GET"]}}],"collection":[{"href":"https:\/\/dentvip.md\/ro\/wp-json\/wp\/v2\/pages"}],"about":[{"href":"https:\/\/dentvip.md\/ro\/wp-json\/wp\/v2\/types\/page"}],"author":[{"embeddable":true,"href":"https:\/\/dentvip.md\/ro\/wp-json\/wp\/v2\/users\/1"}],"replies":[{"embeddable":true,"href":"https:\/\/dentvip.md\/ro\/wp-json\/wp\/v2\/comments?post=207"}],"version-history":[{"count":2,"href":"https:\/\/dentvip.md\/ro\/wp-json\/wp\/v2\/pages\/207\/revisions"}],"predecessor-version":[{"id":233,"href":"https:\/\/dentvip.md\/ro\/wp-json\/wp\/v2\/pages\/207\/revisions\/233"}],"wp:attachment":[{"href":"https:\/\/dentvip.md\/ro\/wp-json\/wp\/v2\/media?parent=207"}],"curies":[{"name":"wp","href":"https:\/\/api.w.org\/{rel}","templated":true}]}}