{"id":212,"date":"2025-01-02T00:18:40","date_gmt":"2025-01-02T00:18:40","guid":{"rendered":"https:\/\/dentvip.md\/ro\/?page_id=212"},"modified":"2025-01-19T22:18:20","modified_gmt":"2025-01-19T22:18:20","slug":"medic-sef-stomatolog-valerii-pis%d1%81un","status":"publish","type":"page","link":"https:\/\/dentvip.md\/ro\/medic-sef-stomatolog-valerii-pis%d1%81un\/","title":{"rendered":"Medic \u0219ef stomatolog Valerii Pis\u0441un"},"content":{"rendered":"<div class=\"wp-block-image\">\n<figure class=\"aligncenter size-full\"><img decoding=\"async\" src=\"https:\/\/dentvip.md\/wp-content\/uploads\/2024\/10\/DentVip-Slider-Smaller.webp\" alt=\"Medic-\u0219ef. Stomatolog de categorie superioar\u0103. Chi\u0219in\u0103u, Moldova.\" class=\"wp-image-822\"\/><figcaption class=\"wp-element-caption\">Medic-\u0219ef. Stomatolog de categorie superioar\u0103. <br>Clinica Dent VIP &#8211; Chi\u0219in\u0103u, Moldova.<\/figcaption><\/figure><\/div>\n\n\n<h3 class=\"wp-block-heading\">Experien\u021b\u0103 profesional\u0103<\/h3>\n\n\n\n<h4 class=\"wp-block-heading\"><strong>Educa\u021bie:<\/strong><\/h4>\n\n\n\n<p>Dr. Valerii Piskun a absolvit cu succes <strong>Universitatea de Stat de Medicin\u0103 \u0219i Farmacie \u201eN. Testemi\u021banu\u201d<\/strong> pe 25 iunie 1993, ob\u021bin\u00e2nd diploma de medic stomatolog. Aceast\u0103 institu\u021bie prestigioas\u0103 este lider \u00een Republica Moldova \u0219i este recunoscut\u0103 pentru baza sa educa\u021bional\u0103 solid\u0103 \u0219i preg\u0103tirea speciali\u0219tilor de \u00eenalt\u0103 calitate.<\/p>\n\n\n\n<h4 class=\"wp-block-heading\"><strong>Experien\u021b\u0103 profesional\u0103:<\/strong><\/h4>\n\n\n\n<p>De la absolvirea universit\u0103\u021bii \u00een 1993, Dr. Valerii Piskun activeaz\u0103 ne\u00eentrerupt \u00een domeniul stomatologiei. La \u00eenceputul anului 2025, experien\u021ba sa profesional\u0103 totalizeaz\u0103<span style=\"text-decoration: underline;\"> <strong>peste 31 de ani<\/strong><\/span>.<\/p>\n\n\n\n<h4 class=\"wp-block-heading\"><strong>Num\u0103rul total de ore de instruire \u0219i practic\u0103 profesional\u0103:<\/strong><\/h4>\n\n\n\n<ul class=\"wp-block-list\">\n<li><strong>Practic\u0103 profesional\u0103:<\/strong><br>\u00cen cei 31 de ani de activitate, Dr. Piskun a acumulat <strong><span style=\"text-decoration: underline;\">peste 300.000 de ore clinice<\/span><\/strong>, oferind pacien\u021bilor o gam\u0103 larg\u0103 de servicii stomatologice, inclusiv opera\u021bii chirurgicale complexe, implanturi, restaurare estetic\u0103 \u0219i tratamente pentru afec\u021biuni gingivale.<\/li>\n\n\n\n<li><strong>Instruire \u0219i perfec\u021bionare:<\/strong><br>Dr. Piskun particip\u0103 activ la cursuri de perfec\u021bionare pe tot parcursul carierei sale. Num\u0103rul total de ore dedicate instruirii profesionale, seminariilor, conferin\u021belor interna\u021bionale \u0219i masterclass-urilor dep\u0103\u0219e\u0219te <strong><span style=\"text-decoration: underline;\">6.000 de ore<\/span><\/strong>.<\/li>\n<\/ul>\n\n\n\n<h4 class=\"wp-block-heading\"><strong>Realiz\u0103ri \u0219i competen\u021be cheie:<\/strong><\/h4>\n\n\n\n<ol class=\"wp-block-list\">\n<li><strong>Stomatologie estetic\u0103:<\/strong><br>Metode avansate de restaurare \u0219i protezare dentar\u0103, care ofer\u0103 pacien\u021bilor rezultate estetice de cel mai \u00eenalt nivel.<\/li>\n\n\n\n<li><strong>Implantologie:<\/strong><br><strong>Peste 200 de ore de instruire specializat\u0103<\/strong> \u0219i experien\u021b\u0103 de lung\u0103 durat\u0103 \u00een plasarea implanturilor dentare, utiliz\u00e2nd tehnologii de la branduri de top, cum ar fi Nobel Biocare, Megagen.<\/li>\n\n\n\n<li><strong>Endodon\u021bie \u0219i tratamentul canalelor radiculare:<\/strong><br>Abilit\u0103\u021bi avansate \u00een tratamentul canalelor radiculare, dob\u00e2ndite \u00een cadrul cursurilor interna\u021bionale (Ivoclar Vivadent, Dentsply).<\/li>\n\n\n\n<li><strong>Chirurgie \u0219i parodontologie:<\/strong><br>Cuno\u0219tin\u021be experte \u00een tratamentul bolilor gingivale \u0219i efectuarea interven\u021biilor chirurgicale.<\/li>\n\n\n\n<li><strong>Recunoa\u0219tere interna\u021bional\u0103:<\/strong><br>Participarea la congrese \u0219i seminarii interna\u021bionale \u00een SUA, Germania, Italia, Turcia \u0219i alte \u021b\u0103ri, confirm\u00e2nd calific\u0103rile \u0219i conformitatea cu standardele globale.<\/li>\n<\/ol>\n\n\n\n<h4 class=\"wp-block-heading\"><strong>Concluzie:<\/strong><\/h4>\n\n\n\n<p>Dr. Valerii Piskun este un specialist cu peste <strong>31 de ani de experien\u021b\u0103<\/strong>, instruit de exper\u021bi de renume mondial. Experien\u021ba sa clinic\u0103 vast\u0103, cuno\u0219tin\u021bele aprofundate \u0219i dorin\u021ba constant\u0103 de perfec\u021bionare \u00eel fac un expert recunoscut \u00een stomatologia modern\u0103. Pacien\u021bii clinicii Dent VIP pot fi siguri de calitatea superioar\u0103 a serviciilor \u0219i abordarea individual\u0103 \u00een fiecare caz.<\/p>\n\n\n\n<h3 class=\"wp-block-heading\">Descrierea educa\u021biei \u0219i competen\u021belor stomatologice ale Dr. Valerii Piskun:<\/h3>\n\n\n\n<p>Universitatea de Stat de Medicin\u0103 \u201eN. Testemi\u021banu\u201d, 25.06.1993<\/p>\n\n\n\n<p><strong>Membru al Asocia\u021biei Americane a Stomatologilor<\/strong><\/p>\n\n\n\n<h3 class=\"wp-block-heading\">Congrese<\/h3>\n\n\n\n<ul class=\"wp-block-list\">\n<li>1999: Al III-lea Congres Na\u021bional al Stomatologilor din Republica Moldova<\/li>\n\n\n\n<li>2001: Al XI-lea Congres Na\u021bional al Stomatologilor din Republica Moldova<\/li>\n\n\n\n<li>2003: Primul Forum al Stomatologilor din CSI, Soci, Rusia<\/li>\n\n\n\n<li>2003: Al XII-lea Congres Na\u021bional al Stomatologilor din Republica Moldova<\/li>\n\n\n\n<li>2004: Al II-lea Forum al Stomatologilor din CSI, Soci, Rusia<\/li>\n\n\n\n<li>2006: Al IV-lea Forum al Stomatologilor din CSI, Kemer, Turcia<\/li>\n\n\n\n<li>2006: Al XIII-lea Congres Na\u021bional al Stomatologilor din Republica Moldova<\/li>\n\n\n\n<li>2008: Al XIV-lea Congres Na\u021bional al Asocia\u021biei Stomatologilor din Republica Moldova<\/li>\n\n\n\n<li>2009: Al VII-lea Forum al Stomatologilor din CSI, Grecia<\/li>\n\n\n\n<li>2010: Al XVI-lea Congres Na\u021bional al Asocia\u021biei Stomatologilor din Republica Moldova<\/li>\n\n\n\n<li>2012: Al II-lea Congres Interna\u021bional \u201eOdessa Dental Meeting\u201d<\/li>\n\n\n\n<li>2012: Al XVII-lea Congres Na\u021bional cu Participare Interna\u021bional\u0103 al Asocia\u021biei Stomatologilor din Republica Moldova<\/li>\n\n\n\n<li>2012: Certificat de participare la a II-a Conferin\u021b\u0103 Interna\u021bional\u0103 \u201eOdessa Dental Meeting\u201d<\/li>\n\n\n\n<li>2012: SKY Meeting, M\u00fcnchen<\/li>\n\n\n\n<li>2014: ITI World Symposium 2014, Geneva Palexpo, Elve\u021bia<\/li>\n\n\n\n<li>2016: Al XVIII-lea Congres Na\u021bional cu Participare Interna\u021bional\u0103 al Asocia\u021biei Stomatologilor din Republica Moldova<\/li>\n\n\n\n<li>2017: ITI World Symposium 2017 \u2014 Key Factors for Long-Term Success, Basel, Elve\u021bia<\/li>\n<\/ul>\n\n\n\n<h3 class=\"wp-block-heading\">Seminarii<\/h3>\n\n\n\n<ul class=\"wp-block-list\">\n<li>1996: \u201eTehnologii noi \u00een stomatologie\u201d, Bontempi, Italia<\/li>\n\n\n\n<li>1999: \u201eRestaurarea dentar\u0103 cu materiale Dentsply\u201d, Poltava<\/li>\n\n\n\n<li>2000-2002: \u201eStomatologie restaurativ\u0103 cu utilizarea echipamentului \u0219i materialelor Dentsply\u201d<\/li>\n\n\n\n<li>2002: \u201eProtezare cu coroane f\u0103r\u0103 metal \u0219i fa\u021bete\u201d, Ivoclar-Vivadent, Germania<\/li>\n\n\n\n<li>2002: A XXVII-a S\u0103pt\u0103m\u00e2n\u0103 Medical\u0103 Balcanic\u0103<\/li>\n\n\n\n<li>2007: \u201eSeminarii Ultradent\u201d, SUA<\/li>\n\n\n\n<li>2008: \u201eEtapele chirurgicale ale protez\u0103rii pe implanturi dentare\u201d, MIS, Israel<\/li>\n\n\n\n<li>2011: \u201eLumineers \u2014 frumuse\u021bea z\u00e2mbetului\u201d, Kiev, Ucraina<\/li>\n\n\n\n<li>2012: \u201eTratamentul endodontic: de la diagnostic la rezolvarea problemei\u201d, Julian Webber, Londra<\/li>\n\n\n\n<li>2012: \u201eRestaurarea estetic\u0103 \u00een design liber\u201d, prof. S.V. Radlinschii<\/li>\n\n\n\n<li>2012: \u201ePlanificare \u0219i tratament \u00een implant-protezare\u201d, prof. Paul Mattout, Fran\u021ba<\/li>\n\n\n\n<li>2018: \u201eLaseroterapia \u00een stomatologie\u201d, Republica Moldova<\/li>\n<\/ul>\n\n\n\n<h3 class=\"wp-block-heading\">Masterclass-uri<\/h3>\n\n\n\n<ul class=\"wp-block-list\">\n<li>1999: Prof. Russel Harrison, SUA<\/li>\n\n\n\n<li>2003: Prof. Poll Dammer, Anglia<\/li>\n\n\n\n<li>2012: Prof. Adi Loren, Israel, Tel Aviv<\/li>\n\n\n\n<li>2019: \u201eFa\u021bete: de la teorie la practic\u0103\u201d, Odesa, Ucraina<\/li>\n\n\n\n<li>2020: Curs intensiv practic: \u201eOcluzie digital\u0103 \u0219i terapie cu splint\u201d, Moscova, Rusia<\/li>\n<\/ul>\n\n\n\n<p><\/p>\n\n\n\n<p><\/p>\n","protected":false},"excerpt":{"rendered":"<p>Experien\u021b\u0103 profesional\u0103 Educa\u021bie: Dr. Valerii Piskun a absolvit cu succes Universitatea de Stat de Medicin\u0103 \u0219i Farmacie \u201eN. Testemi\u021banu\u201d pe 25 iunie 1993, ob\u021bin\u00e2nd diploma de medic stomatolog. Aceast\u0103 institu\u021bie prestigioas\u0103 este lider \u00een Republica Moldova \u0219i este recunoscut\u0103 pentru baza sa educa\u021bional\u0103 solid\u0103 \u0219i preg\u0103tirea speciali\u0219tilor de \u00eenalt\u0103 calitate. Experien\u021b\u0103 profesional\u0103: De la absolvirea &#8230; <a title=\"Medic \u0219ef stomatolog Valerii Pis\u0441un\" class=\"read-more\" href=\"https:\/\/dentvip.md\/ro\/medic-sef-stomatolog-valerii-pis%d1%81un\/\" aria-label=\"Cite\u0219te mai multe despre Medic \u0219ef stomatolog Valerii Pis\u0441un\">Read more<\/a><\/p>\n","protected":false},"author":1,"featured_media":0,"parent":0,"menu_order":0,"comment_status":"closed","ping_status":"closed","template":"","meta":{"_eb_attr":"","inline_featured_image":false,"footnotes":""},"class_list":["post-212","page","type-page","status-publish"],"_links":{"self":[{"href":"https:\/\/dentvip.md\/ro\/wp-json\/wp\/v2\/pages\/212","targetHints":{"allow":["GET"]}}],"collection":[{"href":"https:\/\/dentvip.md\/ro\/wp-json\/wp\/v2\/pages"}],"about":[{"href":"https:\/\/dentvip.md\/ro\/wp-json\/wp\/v2\/types\/page"}],"author":[{"embeddable":true,"href":"https:\/\/dentvip.md\/ro\/wp-json\/wp\/v2\/users\/1"}],"replies":[{"embeddable":true,"href":"https:\/\/dentvip.md\/ro\/wp-json\/wp\/v2\/comments?post=212"}],"version-history":[{"count":5,"href":"https:\/\/dentvip.md\/ro\/wp-json\/wp\/v2\/pages\/212\/revisions"}],"predecessor-version":[{"id":297,"href":"https:\/\/dentvip.md\/ro\/wp-json\/wp\/v2\/pages\/212\/revisions\/297"}],"wp:attachment":[{"href":"https:\/\/dentvip.md\/ro\/wp-json\/wp\/v2\/media?parent=212"}],"curies":[{"name":"wp","href":"https:\/\/api.w.org\/{rel}","templated":true}]}}