{"id":219,"date":"2025-01-02T00:33:38","date_gmt":"2025-01-02T00:33:38","guid":{"rendered":"https:\/\/dentvip.md\/ro\/?page_id=219"},"modified":"2025-01-02T00:33:50","modified_gmt":"2025-01-02T00:33:50","slug":"medic-stomatolog-lilia-cucos","status":"publish","type":"page","link":"https:\/\/dentvip.md\/ro\/medic-stomatolog-lilia-cucos\/","title":{"rendered":"Medic stomatolog Lilia Cuco\u0219"},"content":{"rendered":"<div class=\"gb-container gb-container-4efc9ae1\">\n<div class=\"gb-container gb-container-0e13c976\">\n<div class=\"wp-block-image\">\n<figure class=\"aligncenter size-full\"><img decoding=\"async\" src=\"https:\/\/dentvip.md\/wp-content\/uploads\/2025\/01\/\u0412\u0440\u0430\u0447-\u0441\u0442\u043e\u043c\u0430\u0442\u043e\u043b\u043e\u0433-\u0432\u044b\u0441\u0448\u0435\u0439-\u043a\u0430\u0442\u0435\u0433\u043e\u0440\u0438\u0438-\u041a\u0443\u043a\u043e\u0448-\u041b\u0438\u043b\u0438\u044f.jpg\" alt=\"Lilia Cuco\u0219, medic stomatolog de categorie superioar\u0103, specializat\u0103 \u00een tratamentul din\u021bilor \u0219i gingiilor, igien\u0103 oral\u0103 \u0219i albirea din\u021bilor.\" class=\"wp-image-2161\"\/><figcaption class=\"wp-element-caption\">Lilia Cuco\u0219 \u2014 medic stomatolog de categorie superioar\u0103, cu experien\u021b\u0103 \u00een tratamentul din\u021bilor \u0219i gingiilor, igien\u0103 oral\u0103 \u0219i albirea din\u021bilor<\/figcaption><\/figure><\/div>\n<\/div>\n<\/div>\n\n\n<p><strong>Institutul de Stat de Medicin\u0103, Chi\u0219in\u0103u, 1982\u20131987<\/strong><\/p>\n\n\n\n<h3 class=\"wp-block-heading\">Congrese<\/h3>\n\n\n\n<ul class=\"wp-block-list\">\n<li>2003: Al XII-lea Congres Na\u021bional al Medicilor Stomatologi din Republica Moldova \u201eProbleme actuale \u00een stomatologie\u201d<\/li>\n\n\n\n<li>2006: Al XIII-lea Congres Na\u021bional al Medicilor Stomatologi din Republica Moldova \u201eProbleme actuale \u00een stomatologie\u201d<\/li>\n\n\n\n<li>2008: Al XIV-lea Congres Na\u021bional al Medicilor Stomatologi din Republica Moldova \u201eProbleme actuale \u00een stomatologie\u201d<\/li>\n<\/ul>\n\n\n\n<h3 class=\"wp-block-heading\">Seminarii<\/h3>\n\n\n\n<ul class=\"wp-block-list\">\n<li>2002: \u201eDentsply International Inc. USA\u201d<\/li>\n\n\n\n<li>2002: S\u0103pt\u0103m\u00e2na Medical\u0103 Balcanic\u0103, edi\u021bia XXVII<\/li>\n\n\n\n<li>2003: \u201eActualit\u0103\u021bi \u00een stomatologie\u201d<\/li>\n\n\n\n<li>2004: \u201eProbleme actuale \u00een stomatologie\u201d, Ivoclar-Vivadent, Germania<\/li>\n\n\n\n<li>2004: \u201ePut A Sparkle In Your Practice And Your Patients&#8217; Smile With Tooth Whitening\u201d<\/li>\n\n\n\n<li>2004: \u201ePutting Excitement in Your Cosmetic Dentistry with Direct Bonding\u201d<\/li>\n\n\n\n<li>2005: \u201eOb\u021binerea culorii \u00een stomatologie\u201d, Poltava<\/li>\n\n\n\n<li>2005: \u201eProblemele moderne \u00een stomatologie\u201d<\/li>\n\n\n\n<li>2007: \u201eActualit\u0103\u021bi \u00een stomatologie\u201d<\/li>\n\n\n\n<li>2007: \u201eProbleme actuale \u00een stomatologia pediatric\u0103\u201d<\/li>\n\n\n\n<li>2008: \u201eNout\u0103\u021bi \u00een endodon\u021bie\u201d<\/li>\n\n\n\n<li>2009: \u201eProbleme actuale \u00een stomatologia estetic\u0103\u201d<\/li>\n\n\n\n<li>2009: \u201eReabilitare chirurgical\u0103 \u0219i dentar\u0103\u201d<\/li>\n\n\n\n<li>2012: \u201eTratamentul endodontic: de la diagnostic la solu\u021bionarea problemei\u201d<\/li>\n\n\n\n<li>2017: \u201eActualit\u0103\u021bi \u00een stomatologie (endodon\u021bie)\u201d, ASRM, Republica Moldova<\/li>\n\n\n\n<li>2018: \u201eTerapie endodontic\u0103 practic\u0103: cum biologia se \u00eent\u00e2lne\u0219te cu clinica\u201d, Chi\u0219in\u0103u, Moldova<\/li>\n\n\n\n<li>2018: \u201eLaseroterapia \u00een stomatologie\u201d, ASRM, Republica Moldova<\/li>\n<\/ul>\n\n\n","protected":false},"excerpt":{"rendered":"<p>Institutul de Stat de Medicin\u0103, Chi\u0219in\u0103u, 1982\u20131987 Congrese Seminarii<\/p>\n","protected":false},"author":1,"featured_media":0,"parent":0,"menu_order":0,"comment_status":"closed","ping_status":"closed","template":"","meta":{"_eb_attr":"","inline_featured_image":false,"footnotes":""},"class_list":["post-219","page","type-page","status-publish"],"_links":{"self":[{"href":"https:\/\/dentvip.md\/ro\/wp-json\/wp\/v2\/pages\/219","targetHints":{"allow":["GET"]}}],"collection":[{"href":"https:\/\/dentvip.md\/ro\/wp-json\/wp\/v2\/pages"}],"about":[{"href":"https:\/\/dentvip.md\/ro\/wp-json\/wp\/v2\/types\/page"}],"author":[{"embeddable":true,"href":"https:\/\/dentvip.md\/ro\/wp-json\/wp\/v2\/users\/1"}],"replies":[{"embeddable":true,"href":"https:\/\/dentvip.md\/ro\/wp-json\/wp\/v2\/comments?post=219"}],"version-history":[{"count":1,"href":"https:\/\/dentvip.md\/ro\/wp-json\/wp\/v2\/pages\/219\/revisions"}],"predecessor-version":[{"id":220,"href":"https:\/\/dentvip.md\/ro\/wp-json\/wp\/v2\/pages\/219\/revisions\/220"}],"wp:attachment":[{"href":"https:\/\/dentvip.md\/ro\/wp-json\/wp\/v2\/media?parent=219"}],"curies":[{"name":"wp","href":"https:\/\/api.w.org\/{rel}","templated":true}]}}