{"id":223,"date":"2025-01-02T00:39:17","date_gmt":"2025-01-02T00:39:17","guid":{"rendered":"https:\/\/dentvip.md\/ro\/?page_id=223"},"modified":"2025-01-02T00:40:04","modified_gmt":"2025-01-02T00:40:04","slug":"medicul-stomatolog-iulian-malai","status":"publish","type":"page","link":"https:\/\/dentvip.md\/ro\/medicul-stomatolog-iulian-malai\/","title":{"rendered":"Medicul stomatolog Iulian Malai"},"content":{"rendered":"<div class=\"gb-container gb-container-6beac2d3\">\n<div class=\"gb-container gb-container-107a1642\">\n<div class=\"wp-block-image\">\n<figure class=\"aligncenter size-full\"><img decoding=\"async\" src=\"https:\/\/dentvip.md\/wp-content\/uploads\/2025\/01\/\u0412\u0440\u0430\u0447-\u0421\u0442\u043e\u043c\u0430\u0442\u043e\u043b\u043e\u0433-\u041c\u0430\u043b\u0430\u0439-\u042e\u043b\u0438\u0430\u043d.jpg\" alt=\"Iulian Malai, medic stomatolog specializat \u00een tratamentul din\u021bilor \u0219i gingiilor, endodon\u021bie, albirea din\u021bilor \u0219i igiena oral\u0103.\" class=\"wp-image-2171\"\/><figcaption class=\"wp-element-caption\">Iulian Malai \u2014 medic stomatolog profesionist, ofer\u0103 servicii de calitate \u00een tratamentul din\u021bilor, endodon\u021bie \u0219i albirea din\u021bilor<\/figcaption><\/figure><\/div>\n<\/div>\n<\/div>\n\n<div class=\"gb-container gb-container-acf64203\">\n\n<p><strong>Educa\u021bie:<\/strong><\/p>\n\n<\/div>\n\n\n<p>Universitatea Na\u021bional\u0103 de Medicin\u0103 din Kiev \u201eA.A. Bogomolets\u201d<\/p>\n\n\n\n<h3 class=\"wp-block-heading\">Cursuri \u0219i seminarii<\/h3>\n\n\n\n<ul class=\"wp-block-list\">\n<li>2017: \u201eActualit\u0103\u021bi \u00een stomatologie (Endodon\u021bie)\u201d, ASRM, Republica Moldova<\/li>\n\n\n\n<li>2018: \u201eEndodon\u021bia cu microscop, ca o art\u0103\u201d, Chi\u0219in\u0103u, Moldova<\/li>\n\n\n\n<li>2018: \u201eLaseroterapia \u00een stomatologie\u201d, ASRM, Republica Moldova<\/li>\n\n\n\n<li>2018: \u201ePrimul ajutor medical \u00een practica stomatologic\u0103 ambulatorie, anestezie eficient\u0103, confortabil\u0103 \u0219i sigur\u0103\u201d, Chi\u0219in\u0103u, Moldova<\/li>\n\n\n\n<li>2019: \u201eFa\u021bete dentare: de la baz\u0103 la practic\u0103\u201d, Odesa, Ucraina<\/li>\n\n\n\n<li>2019: \u201eUtilizarea CAD\/CAM pentru restaurarea din\u021bilor posteriori: \u0219tiin\u021b\u0103, ra\u021biune \u0219i experien\u021b\u0103\u201d, Kiev, Ucraina<\/li>\n<\/ul>\n\n","protected":false},"excerpt":{"rendered":"<p>Educa\u021bie: Universitatea Na\u021bional\u0103 de Medicin\u0103 din Kiev \u201eA.A. Bogomolets\u201d Cursuri \u0219i seminarii<\/p>\n","protected":false},"author":1,"featured_media":0,"parent":0,"menu_order":0,"comment_status":"closed","ping_status":"closed","template":"","meta":{"_eb_attr":"","inline_featured_image":false,"footnotes":""},"class_list":["post-223","page","type-page","status-publish"],"_links":{"self":[{"href":"https:\/\/dentvip.md\/ro\/wp-json\/wp\/v2\/pages\/223","targetHints":{"allow":["GET"]}}],"collection":[{"href":"https:\/\/dentvip.md\/ro\/wp-json\/wp\/v2\/pages"}],"about":[{"href":"https:\/\/dentvip.md\/ro\/wp-json\/wp\/v2\/types\/page"}],"author":[{"embeddable":true,"href":"https:\/\/dentvip.md\/ro\/wp-json\/wp\/v2\/users\/1"}],"replies":[{"embeddable":true,"href":"https:\/\/dentvip.md\/ro\/wp-json\/wp\/v2\/comments?post=223"}],"version-history":[{"count":2,"href":"https:\/\/dentvip.md\/ro\/wp-json\/wp\/v2\/pages\/223\/revisions"}],"predecessor-version":[{"id":234,"href":"https:\/\/dentvip.md\/ro\/wp-json\/wp\/v2\/pages\/223\/revisions\/234"}],"wp:attachment":[{"href":"https:\/\/dentvip.md\/ro\/wp-json\/wp\/v2\/media?parent=223"}],"curies":[{"name":"wp","href":"https:\/\/api.w.org\/{rel}","templated":true}]}}