{"id":44,"date":"2024-12-25T18:12:34","date_gmt":"2024-12-25T18:12:34","guid":{"rendered":"https:\/\/dentvip.md\/ro\/?page_id=44"},"modified":"2025-01-28T18:03:33","modified_gmt":"2025-01-28T18:03:33","slug":"programeaza-te","status":"publish","type":"page","link":"https:\/\/dentvip.md\/ro\/programeaza-te\/","title":{"rendered":"Programeaz\u0103-te"},"content":{"rendered":"\n<div class=\"wpcf7 no-js\" id=\"wpcf7-f41-o1\" lang=\"ru-RU\" dir=\"ltr\" data-wpcf7-id=\"41\">\n<div class=\"screen-reader-response\"><p role=\"status\" aria-live=\"polite\" aria-atomic=\"true\"><\/p> <ul><\/ul><\/div>\n<form action=\"\/ro\/wp-json\/wp\/v2\/pages\/44#wpcf7-f41-o1\" method=\"post\" class=\"wpcf7-form init\" aria-label=\"\u041a\u043e\u043d\u0442\u0430\u043a\u0442\u043d\u0430\u044f \u0444\u043e\u0440\u043c\u0430\" novalidate=\"novalidate\" data-status=\"init\">\n<fieldset class=\"hidden-fields-container\"><input type=\"hidden\" name=\"_wpcf7\" value=\"41\" \/><input type=\"hidden\" name=\"_wpcf7_version\" value=\"6.1.5\" \/><input type=\"hidden\" name=\"_wpcf7_locale\" value=\"ru_RU\" \/><input type=\"hidden\" name=\"_wpcf7_unit_tag\" value=\"wpcf7-f41-o1\" \/><input type=\"hidden\" name=\"_wpcf7_container_post\" value=\"0\" \/><input type=\"hidden\" name=\"_wpcf7_posted_data_hash\" value=\"\" \/>\n<\/fieldset>\n<style type=\"text\/css\">.fbdadacefabf { position: absolute !important; left: -9999vw !important; }<\/style><div id=\"\" class=\"fbdadacefabf\"><label for=\"website-fbdadacefabf\">Website<\/label><input type=\"url\" name=\"website\" value=\"\" autocomplete=\"disable\" tabindex=\"-1\" id=\"website-fbdadacefabf\"  \/><label for=\"firstname-fbdadacefabf\">First Name<\/label><input type=\"text\" name=\"firstname\" value=\"\" autocomplete=\"disable\" tabindex=\"-1\" id=\"firstname-fbdadacefabf\"  \/><label for=\"lastname-fbdadacefabf\">Last Name<\/label><input type=\"text\" name=\"lastname\" value=\"\" autocomplete=\"disable\" tabindex=\"-1\" id=\"lastname-fbdadacefabf\"  \/><label for=\"email-fbdadacefabf\">Email<\/label><input type=\"email\" name=\"email\" value=\"\" autocomplete=\"disable\" tabindex=\"-1\" id=\"email-fbdadacefabf\"  \/><label for=\"9493fb533dadacefa348679b97f774-fbdadacefabf\">Clinica Dentar\u0103 Moldova. Albire \u0219i Implanturi Dentare. Dentist, stomatolog<\/label><input type=\"text\" name=\"9493fb533dadacefa348679b97f774\" value=\"\" autocomplete=\"disable\" tabindex=\"-1\" id=\"9493fb533dadacefa348679b97f774-fbdadacefabf\"  \/><\/div><p><label> Numele dvs.<br \/>\n<span class=\"wpcf7-form-control-wrap\" data-name=\"your-name\"><input size=\"40\" maxlength=\"400\" class=\"wpcf7-form-control wpcf7-text wpcf7-validates-as-required\" id=\"name\" aria-required=\"true\" aria-invalid=\"false\" placeholder=\"Nume, prenume\" value=\"\" type=\"text\" name=\"your-name\" \/><\/span><br \/>\n<\/label>\n<\/p>\n<p><label> Num\u0103r de telefon<br \/>\n<span class=\"wpcf7-form-control-wrap\" data-name=\"your-phone\"><input size=\"40\" maxlength=\"400\" class=\"wpcf7-form-control wpcf7-tel wpcf7-validates-as-required wpcf7-text wpcf7-validates-as-tel\" id=\"phone\" aria-required=\"true\" aria-invalid=\"false\" placeholder=\"de exemplu, +373 68 000 000\" value=\"\" type=\"tel\" name=\"your-phone\" \/><\/span><br \/>\n<\/label>\n<\/p>\n<p><label> Mesaj pentru programare la dentist<br \/>\n<span class=\"wpcf7-form-control-wrap\" data-name=\"your-message\"><textarea cols=\"40\" rows=\"10\" maxlength=\"2000\" class=\"wpcf7-form-control wpcf7-textarea\" id=\"message\" aria-invalid=\"false\" placeholder=\"Ce problem\u0103 ave\u021bi?\" name=\"your-message\"><\/textarea><\/span><br \/>\n<\/label>\n<\/p>\n<div class=\"g-recaptcha\" data-sitekey=\"YOUR_SITE_KEY\">\n<\/div>\n<p><input class=\"wpcf7-form-control wpcf7-submit has-spinner submit-btn\" type=\"submit\" value=\"Trimite mesajul\" \/>\n<\/p><input type='hidden' class='wpcf7-pum' value='{\"closepopup\":false,\"closedelay\":0,\"openpopup\":true,\"openpopup_id\":266}' \/><div class=\"wpcf7-response-output\" aria-hidden=\"true\"><\/div>\n<\/form>\n<\/div>\n\n\n\n<div class=\"gb-container gb-container-3ed529ac\">\n<div class=\"gb-container gb-container-a56299f8\">\n\n<h2 class=\"wp-block-heading has-text-align-center\">V\u0103 astept\u0103m \u0219i \u00eentotdeauna ne bucur\u0103m s\u0103 v\u0103 vedem!<\/h2>\n\n<\/div>\n<\/div>\n\n<div class=\"gb-container gb-container-85966af0\">\n<div class=\"gb-container gb-container-b3b80bce\">\n<div class=\"gb-grid-wrapper gb-grid-wrapper-dc808531\">\n<div class=\"gb-grid-column gb-grid-column-9d29be4c\"><div class=\"gb-container gb-container-9d29be4c\">\n<div class=\"gb-container gb-container-5952df18\">\n\n<figure class=\"wp-block-image size-full\"><a href=\"https:\/\/maps.app.goo.gl\/US8CKC2jeG3Lgo9SA\" target=\"_blank\" rel=\" noreferrer noopener\"><img decoding=\"async\" src=\"https:\/\/dentvip.md\/wp-content\/uploads\/2025\/01\/\u0421\u0442\u043e\u043c\u0430\u0442\u043e\u043b\u043e\u0433\u0438\u044f-Dent-VIP-\u043d\u0430-\u043a\u0430\u0440\u0442\u0435.webp\" alt=\"\" class=\"wp-image-2510\"\/><\/a><\/figure>\n\n<\/div>\n<\/div><\/div>\n\n<div class=\"gb-grid-column gb-grid-column-a863beb2\"><div class=\"gb-container gb-container-a863beb2\">\n<div class=\"gb-container gb-container-962867fe\">\n\n<figure class=\"wp-block-image size-full\"><a href=\"https:\/\/www.waze.com\/ru\/live-map\/directions\/md\/chisinau\/chisinau\/stomatologicheskie-uslugi-kishinev-centr?to=place.ChIJQyZifCN8yUAR6wWWZgV1n7w\" target=\"_blank\" rel=\" noreferrer noopener\"><img decoding=\"async\" src=\"https:\/\/dentvip.md\/wp-content\/uploads\/2025\/01\/\u0421\u0442\u043e\u043c\u0430\u0442\u043e\u043b\u043e\u0433\u0438\u044f-Dent-VIP-\u043d\u0430-\u043a\u0430\u0440\u0442\u0435-Waze.webp\" alt=\"\" class=\"wp-image-2511\"\/><\/a><\/figure>\n\n<\/div>\n<\/div><\/div>\n<\/div>\n<\/div>\n<\/div>","protected":false},"excerpt":{"rendered":"<p>V\u0103 astept\u0103m \u0219i \u00eentotdeauna ne bucur\u0103m s\u0103 v\u0103 vedem!<\/p>\n","protected":false},"author":1,"featured_media":0,"parent":0,"menu_order":0,"comment_status":"closed","ping_status":"closed","template":"","meta":{"_eb_attr":"","inline_featured_image":false,"footnotes":""},"class_list":["post-44","page","type-page","status-publish"],"_links":{"self":[{"href":"https:\/\/dentvip.md\/ro\/wp-json\/wp\/v2\/pages\/44","targetHints":{"allow":["GET"]}}],"collection":[{"href":"https:\/\/dentvip.md\/ro\/wp-json\/wp\/v2\/pages"}],"about":[{"href":"https:\/\/dentvip.md\/ro\/wp-json\/wp\/v2\/types\/page"}],"author":[{"embeddable":true,"href":"https:\/\/dentvip.md\/ro\/wp-json\/wp\/v2\/users\/1"}],"replies":[{"embeddable":true,"href":"https:\/\/dentvip.md\/ro\/wp-json\/wp\/v2\/comments?post=44"}],"version-history":[{"count":2,"href":"https:\/\/dentvip.md\/ro\/wp-json\/wp\/v2\/pages\/44\/revisions"}],"predecessor-version":[{"id":349,"href":"https:\/\/dentvip.md\/ro\/wp-json\/wp\/v2\/pages\/44\/revisions\/349"}],"wp:attachment":[{"href":"https:\/\/dentvip.md\/ro\/wp-json\/wp\/v2\/media?parent=44"}],"curies":[{"name":"wp","href":"https:\/\/api.w.org\/{rel}","templated":true}]}}