{"id":64,"date":"2024-12-26T17:48:37","date_gmt":"2024-12-26T17:48:37","guid":{"rendered":"https:\/\/dentvip.md\/ro\/?page_id=64"},"modified":"2025-01-29T05:52:37","modified_gmt":"2025-01-29T05:52:37","slug":"articole","status":"publish","type":"page","link":"https:\/\/dentvip.md\/ro\/articole\/","title":{"rendered":"Articole"},"content":{"rendered":"\n<p><style>\n.generateblocks-container img {<br \/>\n    border-radius: 4px;<br \/>\n}<\/p>\n<p>.generateblocks-container a {<br \/>\n    text-decoration: none;<br \/>\n    color: inherit; \/* \u0418\u0441\u043f\u043e\u043b\u044c\u0437\u0443\u0435\u0442 \u0446\u0432\u0435\u0442 \u0442\u0435\u043a\u0441\u0442\u0430 \u0441\u0430\u0439\u0442\u0430 *\/<br \/>\n    font-size: 16px;<br \/>\n    font-weight: normal;<br \/>\n}<\/p>\n<p>.generateblocks-container .menu-item {<br \/>\n    display: flex;<br \/>\n    align-items: center;<br \/>\n    gap: 20px;<br \/>\n}<\/p>\n<p>.generateblocks-container .menu-item img {<br \/>\n    width: 150px;<br \/>\n    height: 150px;<br \/>\n}<\/p>\n<p>.generateblocks-container .menu-item-content {<br \/>\n    text-align: left;<br \/>\n}<br \/>\n<\/style><\/p>\n\n\n\n<div class=\"custom-menu-with-images\" style=\"display: flex; flex-direction: column; gap: 20px;\">\n    <div class=\"menu-item\" style=\"display: flex; align-items: center; gap: 20px;\">\n        <div class=\"menu-image\">\n            <a href=\"https:\/\/dentvip.md\/ro\/pentru-ce-este-necesar-sablonul-chirurgical-in-timpul-implantarii-dentare\/\">\n                <img decoding=\"async\" src=\"https:\/\/dentvip.md\/ro\/wp-content\/uploads\/sites\/3\/2024\/12\/De-ce-este-necesar-sablonul-chirurgical-150x150.webp\" \n                     alt=\"Ghid chirurgical transparent \u0219i model dentar utilizate pentru plasarea precis\u0103 a implanturilor dentare\" \n                     style=\"max-width: 100px; max-height: 100px; border-radius: 5px;\">\n            <\/a>\n        <\/div>\n        <a href=\"https:\/\/dentvip.md\/ro\/pentru-ce-este-necesar-sablonul-chirurgical-in-timpul-implantarii-dentare\/\" \n           style=\"font-size: 20px; text-decoration: none; color: #333; line-height: 1.5;\">\n           De ce este nevoie de un \u201eghid chirurgical\u201d pentru instalarea implanturilor?\n        <\/a>\n    <\/div>\n    <div class=\"menu-item\" style=\"display: flex; align-items: center; gap: 20px;\">\n        <div class=\"menu-image\">\n            <a href=\"https:\/\/dentvip.md\/ro\/aliniere-invisalign-sau-bretele-clasice-ce-trebuie-sa-stiti\/\">\n                <img decoding=\"async\" src=\"https:\/\/dentvip.md\/ro\/wp-content\/uploads\/sites\/3\/2025\/01\/Comparatie-intre-aparatul-dentar-si-Invisalign-Chisinau-Moldova-150x150.webp\" \n                     alt=\"O compara\u021bie al\u0103turat\u0103, care arat\u0103 un aparat dentar tradi\u021bional pe partea st\u00e2ng\u0103 \u0219i Invisalign, gutiere transparente, pe partea dreapt\u0103 pentru \u00eendreptarea din\u021bilor\" \n                     style=\"max-width: 100px; max-height: 100px; border-radius: 5px;\">\n            <\/a>\n        <\/div>\n        <a href=\"https:\/\/dentvip.md\/ro\/aliniere-invisalign-sau-bretele-clasice-ce-trebuie-sa-stiti\/\" \n           style=\"font-size: 20px; text-decoration: none; color: #333; line-height: 1.5;\">\n           Alignere transparente (Inviziline) sau bracket clasica: ceea ce trebuie s\u0103 \u0219ti\u021bi\n        <\/a>\n    <\/div>\n    <div class=\"menu-item\" style=\"display: flex; align-items: center; gap: 20px;\">\n        <div class=\"menu-image\">\n            <a href=\"https:\/\/dentvip.md\/ro\/tratamentul-gingiilor-prin-metoda-plasmolifting\/\">\n                <img decoding=\"async\" src=\"https:\/\/dentvip.md\/ro\/wp-content\/uploads\/sites\/3\/2024\/12\/Gingivita-boala-parodontala-gingia-Chisinau-Moldova-150x150.webp\" \n                     alt=\"Prim-plan al gingiilor inflamate \u0219i ro\u0219ii, un semn clar al gingivitei, eviden\u021biind progresia bolii parodontale\" \n                     style=\"max-width: 100px; max-height: 100px; border-radius: 5px;\">\n            <\/a>\n        <\/div>\n        <a href=\"https:\/\/dentvip.md\/ro\/tratamentul-gingiilor-prin-metoda-plasmolifting\/\" \n           style=\"font-size: 20px; text-decoration: none; color: #333; line-height: 1.5;\">\n           Tratamentul afectiunilor paradontale cu metoda Plazmolifting\n        <\/a>\n    <\/div>\n<\/div>\n\n","protected":false},"excerpt":{"rendered":"<p>De ce este nevoie de un \u201eghid chirurgical\u201d pentru instalarea implanturilor? Alignere transparente (Inviziline) sau bracket clasica: ceea ce trebuie s\u0103 \u0219ti\u021bi Tratamentul afectiunilor paradontale cu metoda Plazmolifting<\/p>\n","protected":false},"author":1,"featured_media":0,"parent":0,"menu_order":0,"comment_status":"closed","ping_status":"closed","template":"","meta":{"_eb_attr":"","inline_featured_image":false,"footnotes":""},"class_list":["post-64","page","type-page","status-publish"],"_links":{"self":[{"href":"https:\/\/dentvip.md\/ro\/wp-json\/wp\/v2\/pages\/64","targetHints":{"allow":["GET"]}}],"collection":[{"href":"https:\/\/dentvip.md\/ro\/wp-json\/wp\/v2\/pages"}],"about":[{"href":"https:\/\/dentvip.md\/ro\/wp-json\/wp\/v2\/types\/page"}],"author":[{"embeddable":true,"href":"https:\/\/dentvip.md\/ro\/wp-json\/wp\/v2\/users\/1"}],"replies":[{"embeddable":true,"href":"https:\/\/dentvip.md\/ro\/wp-json\/wp\/v2\/comments?post=64"}],"version-history":[{"count":14,"href":"https:\/\/dentvip.md\/ro\/wp-json\/wp\/v2\/pages\/64\/revisions"}],"predecessor-version":[{"id":369,"href":"https:\/\/dentvip.md\/ro\/wp-json\/wp\/v2\/pages\/64\/revisions\/369"}],"wp:attachment":[{"href":"https:\/\/dentvip.md\/ro\/wp-json\/wp\/v2\/media?parent=64"}],"curies":[{"name":"wp","href":"https:\/\/api.w.org\/{rel}","templated":true}]}}