{"id":94,"date":"2024-12-30T11:43:58","date_gmt":"2024-12-30T11:43:58","guid":{"rendered":"https:\/\/dentvip.md\/ro\/?page_id=94"},"modified":"2025-01-27T17:39:57","modified_gmt":"2025-01-27T17:39:57","slug":"tratamentul-gingiilor-prin-metoda-plasmolifting","status":"publish","type":"page","link":"https:\/\/dentvip.md\/ro\/tratamentul-gingiilor-prin-metoda-plasmolifting\/","title":{"rendered":"Tratamentul afectiunilor paradontale cu metoda Plazmolifting"},"content":{"rendered":"<div class=\"gb-container gb-container-c0d1e142\">\n<div class=\"gb-container gb-container-5ad8f567\">\n<div class=\"gb-container gb-container-62802ca6\">\n<div class=\"gb-container gb-container-30c740fa\">\n\n<p><strong>Exist\u0103 mul\u021bi termeni stomatologici dificil de \u00een\u021beles pentru pacien\u021bi, iar dac\u0103 \u201e<u>Stomatolog<\/u>\u201d este asociat cu un medic care trateaz\u0103 din\u021bii, o specializare \u00eengust\u0103 precum \u201e<u>Parodontologie<\/u>\u201d ridic\u0103 multe \u00eentreb\u0103ri pentru pacien\u021bii no\u0219tri. A\u0219adar, s\u0103 clarific\u0103m: \u201eCe este parodontologia \u0219i un medic parodontolog?\u201d.<\/strong><\/p>\n\n\n\n<h2 class=\"wp-block-heading\">Ce este Parodontologia?<\/h2>\n\n\n\n<p><strong><u>Parodontologia<\/u><\/strong> este o ramur\u0103 a <a href=\"https:\/\/ro.wikipedia.org\/wiki\/Stomatologie\">stomatologiei<\/a> care se ocup\u0103 cu diagnosticarea, tratarea \u0219i prevenirea bolilor structurilor de sus\u021binere a din\u021bilor (gingiilor). Parodon\u021biul include toate \u021besuturile situate \u00een jurul dintelui \u2013 <a href=\"https:\/\/ro.wikipedia.org\/wiki\/Gingie\">gingiile<\/a>, osul \u00een care se afl\u0103 r\u0103d\u0103cina dintelui \u0219i ligamentele dintelui. Cele mai frecvente boli \u00een parodontologie sunt gingivita, parodontita \u0219i parodontoza.<\/p>\n\n\n\n<h2 class=\"gb-headline gb-headline-5538dd0f gb-headline-text\">Care sunt bolile parodontale?<\/h2>\n\n\n<div class=\"wp-block-image\">\n<figure class=\"alignright size-full\"><img decoding=\"async\" src=\"https:\/\/dentvip.md\/wp-content\/uploads\/2024\/12\/\u041b\u0435\u0447\u0435\u043d\u0438\u0435-\u0434\u0435\u0441\u0435\u043d-\u043c\u0435\u0442\u043e\u0434\u043e\u043c-\u041f\u043b\u0430\u0437\u043c\u043e\u043b\u0438\u0444\u0442\u0438\u043d\u0433\u0430.webp\" alt=\"Trusa pentru plasmolifting gingival\" class=\"wp-image-1765\"\/><figcaption class=\"wp-element-caption\">Plasmoliftingul este o metod\u0103 modern\u0103 de regenerare a \u021besuturilor gingivale<\/figcaption><\/figure><\/div>\n\n<div class=\"gb-container gb-container-f9251187\">\n\n<p><a href=\"https:\/\/ro.wikipedia.org\/wiki\/Gingivit\u0103\">Gingivita<\/a> este o inflama\u021bie superficial\u0103 a gingiilor. Se \u00eemparte \u00een cataral\u0103, hipertrofic\u0103 \u0219i ulcerativ\u0103. Gingivita cataral\u0103 se manifest\u0103 prin \u00eenro\u0219irea \u0219i umflarea gingiilor, adesea \u00eenso\u021bit\u0103 de <a href=\"https:\/\/ro.wikipedia.org\/wiki\/S\u00e2ngerarea_gingival\u0103\">s\u00e2nger\u0103ri<\/a>. Gingivita hipertrofic\u0103 se caracterizeaz\u0103 prin cre\u0219terea \u00een dimensiuni a gingiilor. Gingivita ulcerativ\u0103 implic\u0103 formarea de ulcere pe gingii \u0219i necroza acestora (<a href=\"https:\/\/ro.wikipedia.org\/wiki\/Necroz\u0103\">necroz\u0103<\/a>).<\/p>\n\n<\/div>\n\n\n<p><strong>Parodontita<\/strong> este una dintre cele mai frecvente boli din stomatologie ast\u0103zi. Este o boal\u0103 \u00een care exist\u0103 inflama\u021bia gingiilor \u0219i a \u021besuturilor din jur.  Gravitatea acestei boli const\u0103 \u00een faptul c\u0103 pierderea din\u021bilor, uneori chiar \u0219i a celor s\u0103n\u0103to\u0219i, este posibil\u0103 atunci c\u00e2nd inflama\u021bia se extinde la osul din jurul dintelui.<\/p>\n\n\n\n<p>Ast\u0103zi, unul din doi pacien\u021bi sufer\u0103 de boli parodontale.<\/p>\n\n\n\n<p>Parodontita este clasificat\u0103 \u00een trei grade de severitate: u\u0219oar\u0103, medie \u0219i sever\u0103. \u00cen stadiul u\u0219or, pacien\u021bii se confrunt\u0103 cu respira\u021bie ur\u00e2t mirositoare, m\u00e2nc\u0103rimi ale gingiilor \u0219i apari\u021bia unor spa\u021bii \u00eentre dinte \u0219i gingie, numite pungi parodontale. \u00cen stadiul mediu, apar dureri severe la nivelul din\u021bilor \u0219i gingiilor afectate, pungile dintre dinte \u0219i gingie se ad\u00e2ncesc \u0219i apar pungi osoase. \u00cen acest stadiu al procesului patologic, starea general\u0103 a pacientului se agraveaz\u0103 \u0219i se poate dezvolta o intoxica\u021bie sever\u0103 a organismului (sepsis cronic\u0103).<\/p>\n\n\n<div class=\"wp-block-image\">\n<figure class=\"alignleft size-full is-resized\"><img loading=\"lazy\" decoding=\"async\" width=\"650\" height=\"400\" src=\"https:\/\/dentvip.md\/ro\/wp-content\/uploads\/sites\/3\/2024\/12\/Gingivita-boala-parodontala-gingia-Chisinau-Moldova.webp\" alt=\"Prim-plan al gingiilor inflamate \u0219i ro\u0219ii, un semn clar al gingivitei, eviden\u021biind progresia bolii parodontale\" class=\"wp-image-96\" style=\"width:412px;height:auto\" srcset=\"https:\/\/dentvip.md\/ro\/wp-content\/uploads\/sites\/3\/2024\/12\/Gingivita-boala-parodontala-gingia-Chisinau-Moldova.webp 650w, https:\/\/dentvip.md\/ro\/wp-content\/uploads\/sites\/3\/2024\/12\/Gingivita-boala-parodontala-gingia-Chisinau-Moldova-300x185.webp 300w\" sizes=\"auto, (max-width: 650px) 100vw, 650px\" \/><figcaption class=\"wp-element-caption\">Gingivita, o etap\u0103 incipient\u0103 a bolii parodontale, se manifest\u0103 prin inflama\u021bie \u0219i ro\u0219ea\u021b\u0103 a gingiilor. \u00cengrijirea profesional\u0103 la Dent VIP din Chi\u0219in\u0103u poate preveni \u0219i trata eficient aceast\u0103 afec\u021biune<\/figcaption><\/figure><\/div>\n\n\n<p>\u00cen cazurile severe ale bolii, din\u021bii devin foarte mobili, ceea ce poate duce la pierderea lor complet\u0103. Cauzele acestei boli pot fi ocluzia incorect\u0103, <a href=\"https:\/\/ro.wikipedia.org\/wiki\/Tartru_dentar\">tartrul dentar<\/a> \u0219i proteze dentare de calitate slab\u0103.<\/p>\n\n\n\n<p>Succesul terapiei depinde \u00een mare m\u0103sur\u0103 de adresarea la timp la un specialist la primele simptome, cum ar fi respira\u021bia ur\u00e2t mirositoare, s\u00e2ngerarea, umflarea gingiilor, placa \u00eentunecat\u0103 pe din\u021bi \u0219i tartrul dentar.<\/p>\n\n\n\n<h2 class=\"wp-block-heading\">Cu ce se ocup\u0103 un medic parodontolog?<\/h2>\n\n\n\n<p>Parodontologii sunt medici specializa\u021bi \u00een tratarea \u0219i prevenirea bolilor gingivale. Un parodontolog posed\u0103 o serie de cuno\u0219tin\u021be teoretice moderne, care \u00een practic\u0103 duc la rezultate pozitive ale tratamentului. Starea cavit\u0103\u021bii bucale \u0219i a s\u0103n\u0103t\u0103\u021bii generale a pacientului depinde de profesionalismul acestor medici. La urma urmei, bolile gingivale neglijate duc adesea la p\u0103trunderea puroiului \u00een s\u00e2nge, procese inflamatorii \u0219i incapacitatea de a mesteca normal alimentele, ceea ce afecteaz\u0103 \u00eentregul organism, deoarece toate organele sunt interconectate, iar e\u0219ecul unui sistem duce la e\u0219ecul \u00eentregului organism. \u00cen astfel de cazuri, un stomatolog terapeut obi\u0219nuit nu va ajuta.<\/p>\n\n\n\n<h2 class=\"wp-block-heading\">Se trateaz\u0103 bolile parodontale?<\/h2>\n\n\n\n<p>Pacien\u021bii se \u00eentreab\u0103 adesea: \u201eEste posibil s\u0103 vindec\u0103m complet parodontita \u0219i care este garan\u021bia \u00eembun\u0103t\u0103\u021birii s\u0103n\u0103t\u0103\u021bii orale?\u201d Ast\u0103zi, stomatologia modern\u0103 ne permite s\u0103 \u00eembun\u0103t\u0103\u021bim calitatea diagnosticului (teste specifice \u0219i radiografii), tratamentului \u0219i prevenirii bolilor \u021besuturilor parodontale, ceea ce include un tratament complex cu o abordare individual\u0103 pentru fiecare pacient.<\/p>\n\n\n\n<p>Una dintre metodele moderne de tratament al gingiilor este <strong>plasmoliftingul<\/strong>, care, \u00een combina\u021bie cu tratamentul complex, duce la rezultate durabile. Un z\u00e2mbet frumos nu \u00eenseamn\u0103 doar din\u021bi albi, ci \u0219i gingii s\u0103n\u0103toase, a c\u0103ror s\u0103n\u0103tate v\u0103 permite s\u0103 \u00eendeplini\u021bi una dintre cele mai importante func\u021bii ale din\u021bilor &#8211; mestecatul.<\/p>\n\n\n\n<h2 class=\"wp-block-heading\">Ce este Plasmoliftingul?<\/h2>\n\n\n<div class=\"wp-block-image\">\n<figure class=\"alignright size-full is-resized\"><img decoding=\"async\" src=\"https:\/\/dentvip.md\/wp-content\/uploads\/2024\/12\/\u041f\u043b\u0430\u0437\u043c\u043e\u043b\u0438\u0444\u0442\u0438\u043d\u0433-\u0434\u043b\u044f-\u0434\u0435\u0441\u0435\u043d-\u041a\u0438\u0448\u0438\u043d\u0435\u0432-\u041c\u043e\u043b\u0434\u043e\u0432\u0430.webp\" alt=\"Set de echipamente pentru procedura de plasmolifting gingival\" class=\"wp-image-1768\" style=\"width:453px;height:auto\"\/><figcaption class=\"wp-element-caption\">Echipament modern pentru plasmolifting gingival. <br>Clinica Dent VIP, Chi\u0219in\u0103u, Moldova<\/figcaption><\/figure><\/div>\n\n\n<p>Este o metod\u0103 unic\u0103 de regenerare a \u021besuturilor folosind plasm\u0103 ob\u021binut\u0103 din propriul s\u00e2nge al pacientului, \u00eembog\u0103\u021bit\u0103 cu trombocite \u0219i factori de cre\u0219tere. Plasma bogat\u0103 \u00een trombocite stimuleaz\u0103 regenerarea \u021besuturilor parodontale, amelioreaz\u0103 s\u00e2ngerarea \u0219i inflama\u021bia gingiilor, \u00eent\u0103re\u0219te \u0219i hr\u0103ne\u0219te gingiile, prelungind astfel faza de remisie (stabilizarea procesului) \u0219i reduc\u00e2nd frecven\u021ba exacerb\u0103rilor, \u00eembun\u0103t\u0103\u021bind astfel calitatea vie\u021bii pacientului.<\/p>\n\n\n\n<h2 class=\"wp-block-heading\">Cum se desf\u0103\u0219oar\u0103 procedura de Plasmolifting?<\/h2>\n\n\n\n<ul class=\"wp-block-list\">\n<li>\u00cenainte de procedura de plasmolifting, este necesar\u0103 \u00eendep\u0103rtarea cu ultrasunete a tartrului dentar, urmat\u0103 de lustruirea suprafe\u021bei dintelui cu sistemul &#8222;Air Flow&#8221;. (Procedura de plasmolifting poate fi efectuat\u0103 \u00een aceea\u0219i zi sau a doua zi dup\u0103 cur\u0103\u021bare)<\/li>\n<\/ul>\n\n\n\n<ul class=\"wp-block-list\">\n<li>Recoltarea s\u00e2ngelui<\/li>\n<\/ul>\n\n\n\n<ul class=\"wp-block-list\">\n<li>Injectarea plasmei \u00een gingii se efectueaz\u0103 dup\u0103 anestezie.<\/li>\n<\/ul>\n\n\n<div class=\"wp-block-image\">\n<figure class=\"alignright size-full is-resized\"><img decoding=\"async\" src=\"https:\/\/dentvip.md\/wp-content\/uploads\/2024\/12\/\u043b\u0435\u0447\u0435\u043d\u0438\u0435-\u0434\u0435\u0441\u0435\u043d.webp\" alt=\"Procedura de procesare a plasmei sanguine pentru plasmolifting\" class=\"wp-image-1766\" style=\"width:590px;height:auto\"\/><figcaption class=\"wp-element-caption\">Preg\u0103tirea plasmei \u00eembog\u0103\u021bite cu trombocite pentru tratamentul gingiilor. Clinica Dent VIP, Chi\u0219in\u0103u<\/figcaption><\/figure><\/div>\n\n\n<h2 class=\"wp-block-heading\">Ce efect se ob\u021bine dup\u0103 procedura de plasmolifting?<\/h2>\n\n\n\n<ul class=\"wp-block-list\">\n<li>Reduce inflama\u021bia gingiilor.<\/li>\n\n\n\n<li>Elimin\u0103 s\u00e2ngerarea.<\/li>\n\n\n\n<li>Amelioreaz\u0103 durerea (efect analgezic)<\/li>\n\n\n\n<li>Reduce mobilitatea din\u021bilor.<\/li>\n\n\n\n<li>Gingiile cap\u0103t\u0103 o culoare fiziologic\u0103 (roz pal)<\/li>\n\n\n\n<li>Elimin\u0103 respira\u021bia ur\u00e2t mirositoare.<\/li>\n\n\n\n<li>Opre\u0219te progresia bolii parodontale.<\/li>\n\n\n\n<li>\u00cembun\u0103t\u0103\u021be\u0219te integrarea implanturilor.<\/li>\n\n\n\n<li>Reduce riscul de respingere a implanturilor.<\/li>\n\n\n\n<li>Accelereaz\u0103 vindecarea zonei alveolare dup\u0103 extrac\u021bia dentar\u0103.<\/li>\n\n\n\n<li>Scurteaz\u0103 perioada de reabilitare dup\u0103 o interven\u021bie chirurgical\u0103 maxilo-facial\u0103.<\/li>\n\n\n\n<li>De asemenea, este utilizat ca m\u0103sur\u0103 preventiv\u0103 pentru bolile parodontale.<\/li>\n\n\n\n<li>\u00cembun\u0103t\u0103\u021be\u0219te hemodinamica (fluxul sanguin la nivelul gingiilor)<\/li>\n\n\n\n<li>Activeaz\u0103 metabolismul celular.<\/li>\n\n\n\n<li>\u00cembun\u0103t\u0103\u021be\u0219te nutri\u021bia \u0219i schimbul de oxigen \u00een \u021besuturile parodontale.<\/li>\n\n\n\n<li>\u00cembun\u0103t\u0103\u021be\u0219te imunitatea local\u0103.<\/li>\n<\/ul>\n\n\n\n<h2 class=\"wp-block-heading\">Contraindica\u021bii<\/h2>\n\n\n\n<ul class=\"wp-block-list\">\n<li>Temperatur\u0103 corporal\u0103 ridicat\u0103 \u00een momentul procedurii<\/li>\n\n\n\n<li>Boli de s\u00e2nge<\/li>\n\n\n\n<li>Infec\u021bii virale, inclusiv hepatit\u0103 viral\u0103 B, C (cu excep\u021bia hepatitei A)<\/li>\n\n\n\n<li>Boli oncologice<\/li>\n<\/ul>\n\n\n\n<p>Metoda unic\u0103 \u0219i modern\u0103 de plasmolifting, combinat\u0103 cu tratamentul complex al bolilor gingivale, garanteaz\u0103 o \u00eembun\u0103t\u0103\u021bire a st\u0103rii pacientului, \u00eembun\u0103t\u0103\u021bind astfel s\u0103n\u0103tatea \u0219i calitatea vie\u021bii pacien\u021bilor no\u0219tri, \u021bin\u00e2nd cont de vizitele la medicul parodontolog la fiecare \u0219ase luni. Z\u00e2mbetul dumneavoastr\u0103 str\u0103lucitor nu \u00eenseamn\u0103 doar din\u021bi s\u0103n\u0103to\u0219i, ci \u0219i gingii s\u0103n\u0103toase!<\/p>\n\n<\/div>\n<\/div>\n<\/div>\n<\/div>","protected":false},"excerpt":{"rendered":"<p>Exist\u0103 mul\u021bi termeni stomatologici dificil de \u00een\u021beles pentru pacien\u021bi, iar dac\u0103 \u201eStomatolog\u201d este asociat cu un medic care trateaz\u0103 din\u021bii, o specializare \u00eengust\u0103 precum \u201eParodontologie\u201d ridic\u0103 multe \u00eentreb\u0103ri pentru pacien\u021bii no\u0219tri. A\u0219adar, s\u0103 clarific\u0103m: \u201eCe este parodontologia \u0219i un medic parodontolog?\u201d. Ce este Parodontologia? Parodontologia este o ramur\u0103 a stomatologiei care se ocup\u0103 cu diagnosticarea, &#8230; <a title=\"Tratamentul afectiunilor paradontale cu metoda Plazmolifting\" class=\"read-more\" href=\"https:\/\/dentvip.md\/ro\/tratamentul-gingiilor-prin-metoda-plasmolifting\/\" aria-label=\"Cite\u0219te mai multe despre Tratamentul afectiunilor paradontale cu metoda Plazmolifting\">Read more<\/a><\/p>\n","protected":false},"author":1,"featured_media":96,"parent":0,"menu_order":0,"comment_status":"closed","ping_status":"closed","template":"","meta":{"_eb_attr":"","inline_featured_image":false,"footnotes":""},"class_list":["post-94","page","type-page","status-publish","has-post-thumbnail"],"_links":{"self":[{"href":"https:\/\/dentvip.md\/ro\/wp-json\/wp\/v2\/pages\/94","targetHints":{"allow":["GET"]}}],"collection":[{"href":"https:\/\/dentvip.md\/ro\/wp-json\/wp\/v2\/pages"}],"about":[{"href":"https:\/\/dentvip.md\/ro\/wp-json\/wp\/v2\/types\/page"}],"author":[{"embeddable":true,"href":"https:\/\/dentvip.md\/ro\/wp-json\/wp\/v2\/users\/1"}],"replies":[{"embeddable":true,"href":"https:\/\/dentvip.md\/ro\/wp-json\/wp\/v2\/comments?post=94"}],"version-history":[{"count":3,"href":"https:\/\/dentvip.md\/ro\/wp-json\/wp\/v2\/pages\/94\/revisions"}],"predecessor-version":[{"id":307,"href":"https:\/\/dentvip.md\/ro\/wp-json\/wp\/v2\/pages\/94\/revisions\/307"}],"wp:featuredmedia":[{"embeddable":true,"href":"https:\/\/dentvip.md\/ro\/wp-json\/wp\/v2\/media\/96"}],"wp:attachment":[{"href":"https:\/\/dentvip.md\/ro\/wp-json\/wp\/v2\/media?parent=94"}],"curies":[{"name":"wp","href":"https:\/\/api.w.org\/{rel}","templated":true}]}}