{"id":98,"date":"2024-12-30T15:36:13","date_gmt":"2024-12-30T15:36:13","guid":{"rendered":"https:\/\/dentvip.md\/ro\/?page_id=98"},"modified":"2025-04-26T05:09:17","modified_gmt":"2025-04-26T05:09:17","slug":"implantarea-dentara","status":"publish","type":"page","link":"https:\/\/dentvip.md\/ro\/implantarea-dentara\/","title":{"rendered":"Implantologie dentar\u0103"},"content":{"rendered":"\n<p><strong>Implantarea dentar\u0103 \u2014<\/strong> este una dintre cele mai necesare ramuri ale stomatologiei moderne. Datorit\u0103 diverselor tehnici de implantare, putem elimina necesitatea protezelor deta\u0219abile, iar pentru a restaura unul sau mai mul\u021bi din\u021bi, nu este nevoie s\u0103 \u0219lefuim din\u021bii adiacen\u021bi.<\/p>\n\n\n\n<p><strong>Absen\u021ba unui singur dinte:<\/strong><\/p>\n\n\n\n<p>Implantarea dentar\u0103 este solu\u021bia ideal\u0103 atunci c\u00e2nd lipse\u0219te un singur dinte. Avantajele acestui design sunt stabilitatea \u0219i durabilitatea. Exist\u0103 patru etape de plasare a implantului:<br>\u2014 Examinare. Zona de implantare este examinat\u0103 cu ajutorul radiografiilor.<br>\u2014 Se formeaz\u0103 un spa\u021biu \u00een os, dup\u0103 ce este plasat.<br>\u2014 Se realizeaz\u0103 o coroan\u0103 pe baza amprentelor.<br>\u2014 Coroana este fixat\u0103 pe implant.<\/p>\n\n\n<div class=\"wp-block-image\">\n<figure class=\"alignleft size-full\"><img decoding=\"async\" src=\"https:\/\/dentvip.md\/wp-content\/uploads\/2024\/12\/\u0418\u043c\u043f\u043b\u0430\u043d\u0442\u044b-\u0443\u0441\u0442\u0430\u043d\u043e\u0432\u043a\u0430-\u0441\u0442\u043e\u043c\u0430\u0442\u043e\u043b\u043e\u0433-\u041a\u0438\u0448\u0438\u043d\u0435\u0432-\u041c\u043e\u043b\u0434\u043e\u0432\u0430.webp\" alt=\"Plasarea implanturilor Chi\u0219in\u0103u Moldova\" class=\"wp-image-1490\"\/><figcaption class=\"wp-element-caption\">Implanturi de \u00eenalt\u0103 calitate<\/figcaption><\/figure><\/div>\n\n\n<p><strong>Absen\u021ba mai multor din\u021bi:<\/strong><\/p>\n\n\n\n<p>\u00cen acest caz, implantarea dentar\u0103 este posibil\u0103 \u00een dou\u0103 moduri:<br>\u2014 Plasarea implanturilor \u0219i crearea unei pun\u021bi pe implanturi sau restaurarea fiec\u0103rui dinte individual.<\/p>\n\n\n\n<p><strong>Maxilar edentat:<\/strong><\/p>\n\n\n\n<p>Protetica se poate realiza \u00een trei moduri:<br>\u2014 Crearea unei proteze deta\u0219abile.<br>\u2014 Realizarea unei proteze condi\u021bionat deta\u0219abile pe implanturi.<br>\u2014 Producerea unei proteze fixe pe implanturi.<br>\u00cen condi\u021bii moderne, implantarea permite restaurarea unui maxilar edentat cu construc\u021bii condi\u021bionat deta\u0219abile sau fixe. S\u0103 lu\u0103m \u00een considerare fabricarea unei proteze fixe pe un maxilar complet edentat. Prima etap\u0103 este examinarea. A doua este plasarea a 4-6 implanturi. A treia este fabricarea unei pun\u021bi pe baza amprentelor. Etapa final\u0103 este fixarea protezei pe implanturi.<br>Acum s\u0103 lu\u0103m \u00een considerare fabricarea unei proteze condi\u021bionat deta\u0219abile pe implanturi, lu\u00e2nd maxilarul inferior ca exemplu. Dou\u0103 p\u00e2n\u0103 la patru implanturi sunt plasate \u00een maxilarul inferior. Implanturile de 10 mm sunt suficiente pentru o \u00eenc\u0103rcare normal\u0103.<br>S\u0103 lu\u0103m \u00een considerare o protez\u0103 complet deta\u0219abil\u0103. O protez\u0103 deta\u0219abil\u0103 conven\u021bional\u0103 are dezavantaje semnificative. O protez\u0103 sus\u021binut\u0103 de implanturi dentare este practic imperceptibil\u0103 \u00een gur\u0103 \u0219i are mai multe avantaje.<\/p>\n\n\n\n<p><strong>Implantare dentar\u0103 imediat\u0103:<\/strong><\/p>\n\n\n\n<p>Aceasta este plasarea unui implant \u0219i protetic\u0103 \u00eentr-o singur\u0103 zi. Procesul este urm\u0103torul: se plaseaz\u0103 implantul, se fixeaz\u0103 un bont pe acesta \u0219i se instaleaz\u0103 o coroan\u0103 provizorie. Dup\u0103 o perioad\u0103 de 3-6 luni, coroana provizorie este \u00eenlocuit\u0103 cu una permanent\u0103.<\/p>\n\n\n\n<p>Un implant const\u0103 din dou\u0103 p\u0103r\u021bi: implantul \u00een sine, care este introdus \u00een osul maxilarului, \u0219i bontul.<\/p>\n\n\n\n<p><em>Bontul<\/em> este o structur\u0103 fixat\u0103 pe implant, de care, la r\u00e2ndul s\u0103u, se ata\u0219eaz\u0103 o coroan\u0103, care sus\u021bine structura protezei sau proteza \u00een sine.<br>Implanturile sunt plasate \u00eentr-un cabinet stomatologic sub anestezie local\u0103. Opera\u021bia de plasare a implantului este nedureroas\u0103. Implanturile dentare sunt introduse \u00een \u021besutul osos \u00een locul dintelui pierdut \u0219i r\u0103m\u00e2n acolo timp de 3-4 luni sau \u0219ase luni. Acest timp este necesar pentru ca implantul s\u0103 se integreze cu \u021besutul osos.<\/p>\n\n\n\n<p>Tehnologiile moderne au f\u0103cut posibil\u0103 <strong>realizarea implant\u0103rii folosind <a href=\"http:\/\/dentvip.md\/%d0%b4%d0%bb%d1%8f-%d1%87%d0%b5%d0%b3%d0%be-%d0%bd%d1%83%d0%b6%d0%b5%d0%bd-%d1%85%d0%b8%d1%80%d1%83%d1%80%d0%b3%d0%b8%d1%87%d0%b5%d1%81%d0%ba%d0%b8%d0%b9-%d1%88%d0%b0%d0%b1%d0%bb%d0%be%d0%bd\/\">un \u0219ablon chirurgical<\/a>.<\/strong><br><strong>Avantajele utiliz\u0103rii unui \u0219ablon 3D:<\/strong><br>\u2014 Posibilitatea de a vedea rezultatul simulat al implant\u0103rii \u0219i proteticii \u00eenainte de opera\u021bie \u00eentr-un program de computer;<br>\u2014 Precizia plas\u0103rii;<br>\u2014 Reduce semnificativ timpul opera\u021biei, deoarece \u00eentreaga opera\u021bie este planificat\u0103 \u00een avans;<br>\u2014 Utilizarea \u0219abloanelor ajut\u0103 medicii s\u0103 evite luarea deciziilor urgente direct \u00een timpul opera\u021biei;<br>\u2014 Traum\u0103 minim\u0103, p\u00e2n\u0103 la absen\u021ba complet\u0103 a inciziilor gingivale;<br>\u2014 Absen\u021ba complica\u021biilor precum perforarea sinusurilor maxilare \u0219i a osului cortical maxilar, lezarea nervului mandibular;<br>\u2014 Posibilitatea de a plasa un num\u0103r mare de implanturi \u00eentr-o singur\u0103 opera\u021bie;<br>\u2014 Fabricarea \u0219i plasarea coroanelor provizorii imediat dup\u0103 plasarea implanturilor;<br>\u2014 Recuperare mai rapid\u0103 \u0219i mai u\u0219oar\u0103 dup\u0103 opera\u021bie.<\/p>\n\n\n\n<p><\/p>\n\n\n<div class=\"gb-container gb-container-0c6e9cfe\">\n\n<p><\/p>\n\n<\/div>","protected":false},"excerpt":{"rendered":"<p>Implantarea dentar\u0103 \u2014 este una dintre cele mai necesare ramuri ale stomatologiei moderne. Datorit\u0103 diverselor tehnici de implantare, putem elimina necesitatea protezelor deta\u0219abile, iar pentru a restaura unul sau mai mul\u021bi din\u021bi, nu este nevoie s\u0103 \u0219lefuim din\u021bii adiacen\u021bi. Absen\u021ba unui singur dinte: Implantarea dentar\u0103 este solu\u021bia ideal\u0103 atunci c\u00e2nd lipse\u0219te un singur dinte. Avantajele &#8230; <a title=\"Implantologie dentar\u0103\" class=\"read-more\" href=\"https:\/\/dentvip.md\/ro\/implantarea-dentara\/\" aria-label=\"Cite\u0219te mai multe despre Implantologie dentar\u0103\">Read more<\/a><\/p>\n","protected":false},"author":1,"featured_media":0,"parent":0,"menu_order":0,"comment_status":"closed","ping_status":"closed","template":"","meta":{"_eb_attr":"","inline_featured_image":false,"footnotes":""},"class_list":["post-98","page","type-page","status-publish"],"_links":{"self":[{"href":"https:\/\/dentvip.md\/ro\/wp-json\/wp\/v2\/pages\/98","targetHints":{"allow":["GET"]}}],"collection":[{"href":"https:\/\/dentvip.md\/ro\/wp-json\/wp\/v2\/pages"}],"about":[{"href":"https:\/\/dentvip.md\/ro\/wp-json\/wp\/v2\/types\/page"}],"author":[{"embeddable":true,"href":"https:\/\/dentvip.md\/ro\/wp-json\/wp\/v2\/users\/1"}],"replies":[{"embeddable":true,"href":"https:\/\/dentvip.md\/ro\/wp-json\/wp\/v2\/comments?post=98"}],"version-history":[{"count":5,"href":"https:\/\/dentvip.md\/ro\/wp-json\/wp\/v2\/pages\/98\/revisions"}],"predecessor-version":[{"id":425,"href":"https:\/\/dentvip.md\/ro\/wp-json\/wp\/v2\/pages\/98\/revisions\/425"}],"wp:attachment":[{"href":"https:\/\/dentvip.md\/ro\/wp-json\/wp\/v2\/media?parent=98"}],"curies":[{"name":"wp","href":"https:\/\/api.w.org\/{rel}","templated":true}]}}